{"id":9230,"date":"2018-03-26T10:10:33","date_gmt":"2018-03-26T08:10:33","guid":{"rendered":"http:\/\/lnx.omarsspa.it\/?page_id=9230\/"},"modified":"2018-10-17T09:47:27","modified_gmt":"2018-10-17T07:47:27","slug":"depannage","status":"publish","type":"page","link":"https:\/\/www.omarsspa.it\/fr\/depannage\/","title":{"rendered":"D\u00c9PANNAGE"},"content":{"rendered":"<div class=\"wpb-content-wrapper\"><p>[vc_row][vc_column][block_title title=\u00a0\u00bbD\u00c9PANNAGE\u00a0\u00bb]LES MEILLEURS \u00c9QUIPEMENTS POUR LE REMORQUAGE ET LE D\u00c9PANNAGE DE V\u00c9HICULES.[\/block_title][vc_column_text css=\u00a0\u00bb.vc_custom_1506528191929{margin-top: -50px !important;}\u00a0\u00bb]<div class=\"center-content\"><div class=\"decor-2\"><i class=\"icon fa fa-caret-down\"><\/i><\/div><\/div>[\/vc_column_text][vc_row_inner][vc_column_inner width=\u00a0\u00bb1\/3&Prime;][vc_custom_heading text=\u00a0\u00bbMod\u00e8les\u00a0\u00bb font_container=\u00a0\u00bbtag:h5|font_size:20|text_align:left|color:%23dd3333&Prime; google_fonts=\u00a0\u00bbfont_family:Raleway%3A100%2C200%2C300%2Cregular%2C500%2C600%2C700%2C800%2C900|font_style:600%20bold%20regular%3A600%3Anormal\u00a0\u00bb][vc_raw_html css=\u00a0\u00bb.vc_custom_1506528018269{margin-top: 20px !important;margin-bottom: 0px !important;}\u00a0\u00bb]JTNDZGl2JTIwY2xhc3MlM0QlMjJkZWNvci0xJTIyJTNFJTNDJTJGZGl2JTNF[\/vc_raw_html][vc_column_text]Paniers sur pick-up comme partenaire de tous les jours et les \u00e9quipements pour remorquage et d\u00e9pannage.[\/vc_column_text][\/vc_column_inner][vc_column_inner width=\u00a0\u00bb1\/3&Prime;][\/vc_column_inner][vc_column_inner width=\u00a0\u00bb1\/3&Prime;][vc_custom_heading text=\u00a0\u00bb\u00c9quipements relatifs\u00a0\u00bb font_container=\u00a0\u00bbtag:h5|font_size:20|text_align:left|color:%23dd3333&Prime; google_fonts=\u00a0\u00bbfont_family:Raleway%3A100%2C200%2C300%2Cregular%2C500%2C600%2C700%2C800%2C900|font_style:600%20bold%20regular%3A600%3Anormal\u00a0\u00bb][vc_raw_html css=\u00a0\u00bb.vc_custom_1506528018269{margin-top: 20px !important;margin-bottom: 0px !important;}\u00a0\u00bb]JTNDZGl2JTIwY2xhc3MlM0QlMjJkZWNvci0xJTIyJTNFJTNDJTJGZGl2JTNF[\/vc_raw_html][vc_column_text]Regardez nos derni\u00e8rs \u00e9quipements pour nos clients.[\/vc_column_text][\/vc_column_inner][\/vc_row_inner][\/vc_column][\/vc_row][vc_row css=\u00a0\u00bb.vc_custom_1521813782745{margin-bottom: 30px !important;}\u00a0\u00bb][vc_column width=\u00a0\u00bb2\/3&Prime;]<div style=\"height:px;margin:0 0 35px 0;\" class=\"cq-imgwitharrow-container cq-imagewitharrow-smallround right \" data-color=\"#ffffff\" data-background=\"#c1c1c1\" data-captionalign=\"right\" data-arrowtop=\"45%\" data-arrowleft=\"45%\" data-fontsize1=\"\" data-iwidth=\"50%\" data-iheight=\"100%\" data-twidth=\"50%\" data-theight=\"100%\" data-arrowsize=\"large\"><div class=\"cq-imgwitharrow-photo\" data-url=\"https:\/\/www.omarsspa.it\/wp-content\/uploads\/2017\/11\/045313487-ISUZU-D.MAX-LS-QUASAR-004049-CEF5717-MASAM-ASSISTANCE-PARTNER-3FN-2.jpg\" style=\"width:50%;height:100%;\"><\/div><div class=\"cq-imgwitharrow-box\" style=\"width:50%;height:100%;\"><div class=\"cq-imgwitharrow-content\"><p class=\"cq-content\">\n                        <\/p>\n<h2 class=\"vc_custom_heading\">Panier OMARS 3FN sur PICK-UP<\/h2>\n<p>Le panier 3FN mont\u00e9 sur pick-up est le meilleur \u00e9quipement pour le remorquage et le d\u00e9pannage des v\u00e9hicules et motos.\n                      <\/p><\/div>\n                      <div class=\"cq-arrowborder-container\">\n                            <div class=\"cq-arrowborder1\"><\/div>\n                            <div class=\"cq-arrowborder2\"><\/div>\n                            <div class=\"cq-arrowborder3\"><\/div>\n                          <\/div><\/div><\/div><div class=\"cq-buttoncontainer  \"><div class=\"animatetype-1\"><div><a href=\"http:\/\/www.omarsspa.it\/wp-content\/uploads\/2018\/10\/scheda_3FN.pdf\" title=\"\" target=\"\" style=\"color:;background-color:#d92e1f;\" class=\"btn cqbtn-1\"><span class=\"txt\">D\u00e9chargez la fiche t\u00e9chnique<\/span><span class=\"round\"><i style=\"margin-top:-9px;margin-left:-9px;\" class=\"fa fa-info\"><\/i><\/span><\/a><\/div><\/div><\/div>[vc_empty_space height=\u00a0\u00bb20px\u00a0\u00bb][\/vc_column][vc_column width=\u00a0\u00bb1\/3&Prime; offset=\u00a0\u00bbvc_hidden-xs\u00a0\u00bb][vc_masonry_grid post_type=\u00a0\u00bbpixad-autos\u00a0\u00bb max_items=\u00a0\u00bb4&Prime; element_width=\u00a0\u00bb6&Prime; gap=\u00a0\u00bb0&Prime; item=\u00a0\u00bb5903&Prime; grid_id=\u00a0\u00bbvc_gid:1539762430302-b966a0c5-d319-1&Prime; taxonomies=\u00a0\u00bb270&Prime;]<div class=\"cq-buttoncontainer  \"><div class=\"animatetype-1\"><div><a href=\"\" title=\"\" target=\"\" style=\"color:;background-color:#d92e1f;\" class=\"btn cqbtn-1\"><span class=\"txt\">Voyez tous les \u00e9quipements<\/span><span class=\"round\"><i style=\"margin-top:-9px;margin-left:-9px;\" class=\"fa fa-arrow-right\"><\/i><\/span><\/a><\/div><\/div><\/div>[vc_empty_space height=\u00a0\u00bb20px\u00a0\u00bb][\/vc_column][\/vc_row][vc_row css=\u00a0\u00bb.vc_custom_1521813826052{margin-top: 30px !important;margin-bottom: 30px !important;}\u00a0\u00bb][vc_column width=\u00a0\u00bb2\/3&Prime;]<div style=\"height:px;margin:0 0 35px 0;\" class=\"cq-imgwitharrow-container cq-imagewitharrow-smallround right \" data-color=\"#bcbcbc\" data-background=\"#e8e8e8\" data-captionalign=\"right\" data-arrowtop=\"45%\" data-arrowleft=\"45%\" data-fontsize1=\"\" data-iwidth=\"50%\" data-iheight=\"100%\" data-twidth=\"50%\" data-theight=\"100%\" data-arrowsize=\"large\"><div class=\"cq-imgwitharrow-photo\" data-url=\"https:\/\/www.omarsspa.it\/wp-content\/uploads\/2017\/11\/ISUZU-DMAX-2TZ-3.jpg\" style=\"width:50%;height:100%;\"><\/div><div class=\"cq-imgwitharrow-box\" style=\"width:50%;height:100%;\"><div class=\"cq-imgwitharrow-content\"><p class=\"cq-content\">\n                        <\/p>\n<h2 class=\"vc_custom_heading\">Panier OMARS 2TZ<\/h2>\n<p>Panier 2TZ mont\u00e9 sur pick-up dedi\u00e9 aux march\u00e9s transalpins. Le meilleur v\u00e9hicule pour le remorquage et le d\u00e9pannage des motos et v\u00e9hicules.\n                      <\/p><\/div>\n                      <div class=\"cq-arrowborder-container\">\n                            <div class=\"cq-arrowborder1\"><\/div>\n                            <div class=\"cq-arrowborder2\"><\/div>\n                            <div class=\"cq-arrowborder3\"><\/div>\n                          <\/div><\/div><\/div><div class=\"cq-buttoncontainer  \"><div class=\"animatetype-1\"><div><a href=\"http:\/\/www.omarsspa.it\/wp-content\/uploads\/2018\/03\/021-2TZ.pdf\" title=\"\" target=\"\" style=\"color:;background-color:#d92e1f;\" class=\"btn cqbtn-1\"><span class=\"txt\">D\u00e9chargez la fiche t\u00e9chnique<\/span><span class=\"round\"><i style=\"margin-top:-9px;margin-left:-9px;\" class=\"fa fa-info\"><\/i><\/span><\/a><\/div><\/div><\/div>[vc_empty_space height=\u00a0\u00bb20px\u00a0\u00bb][\/vc_column][vc_column width=\u00a0\u00bb1\/3&Prime; offset=\u00a0\u00bbvc_hidden-xs\u00a0\u00bb][vc_masonry_grid post_type=\u00a0\u00bbpixad-autos\u00a0\u00bb max_items=\u00a0\u00bb4&Prime; element_width=\u00a0\u00bb6&Prime; gap=\u00a0\u00bb0&Prime; item=\u00a0\u00bb5903&Prime; grid_id=\u00a0\u00bbvc_gid:1539762430303-b24314b2-af78-7&Prime; taxonomies=\u00a0\u00bb271&Prime;]<div class=\"cq-buttoncontainer  \"><div class=\"animatetype-1\"><div><a href=\"\" title=\"\" target=\"\" style=\"color:;background-color:#d92e1f;\" class=\"btn cqbtn-1\"><span class=\"txt\">Voyez tous les \u00e9quipements<\/span><span class=\"round\"><i style=\"margin-top:-9px;margin-left:-9px;\" class=\"fa fa-arrow-right\"><\/i><\/span><\/a><\/div><\/div><\/div>[vc_empty_space height=\u00a0\u00bb20px\u00a0\u00bb][\/vc_column][\/vc_row][vc_row css=\u00a0\u00bb.vc_custom_1521813848153{margin-top: 30px !important;margin-bottom: 30px !important;}\u00a0\u00bb][vc_column width=\u00a0\u00bb2\/3&Prime;]<div style=\"height:px;margin:0 0 35px 0;\" class=\"cq-imgwitharrow-container cq-imagewitharrow-smallround right \" data-color=\"#ffffff\" data-background=\"#c1c1c1\" data-captionalign=\"right\" data-arrowtop=\"45%\" data-arrowleft=\"45%\" data-fontsize1=\"\" data-iwidth=\"50%\" data-iheight=\"100%\" data-twidth=\"50%\" data-theight=\"100%\" data-arrowsize=\"large\"><div class=\"cq-imgwitharrow-photo\" data-url=\"https:\/\/www.omarsspa.it\/wp-content\/uploads\/2017\/11\/416061-IVECO-50-150-DOKA-SORAPERRA-OAMTC-WIEN-3TZ-6.jpg\" style=\"width:50%;height:100%;\"><\/div><div class=\"cq-imgwitharrow-box\" style=\"width:50%;height:100%;\"><div class=\"cq-imgwitharrow-content\"><p class=\"cq-content\">\n                        <\/p>\n<h2 class=\"vc_custom_heading\">Panier OMARS 3TZ<\/h2>\n<p>Il est mont\u00e9 sur v\u00e9hicules de 35 \u00e0 50 quintaux. Il permet de soulever et remorquer une large gamme de v\u00e9hicules et camions.\n                      <\/p><\/div>\n                      <div class=\"cq-arrowborder-container\">\n                            <div class=\"cq-arrowborder1\"><\/div>\n                            <div class=\"cq-arrowborder2\"><\/div>\n                            <div class=\"cq-arrowborder3\"><\/div>\n                          <\/div><\/div><\/div><div class=\"cq-buttoncontainer  \"><div class=\"animatetype-1\"><div><a href=\"http:\/\/www.omarsspa.it\/wp-content\/uploads\/2018\/03\/022-3TZ.pdf\" title=\"\" target=\"\" style=\"color:;background-color:#d92e1f;\" class=\"btn cqbtn-1\"><span class=\"txt\">D\u00e9chargez la fiche t\u00e9chnique<\/span><span class=\"round\"><i style=\"margin-top:-9px;margin-left:-9px;\" class=\"fa fa-info\"><\/i><\/span><\/a><\/div><\/div><\/div>[vc_empty_space height=\u00a0\u00bb20px\u00a0\u00bb][\/vc_column][vc_column width=\u00a0\u00bb1\/3&Prime; offset=\u00a0\u00bbvc_hidden-xs\u00a0\u00bb][vc_masonry_grid post_type=\u00a0\u00bbpixad-autos\u00a0\u00bb max_items=\u00a0\u00bb4&Prime; element_width=\u00a0\u00bb6&Prime; gap=\u00a0\u00bb0&Prime; item=\u00a0\u00bb5903&Prime; grid_id=\u00a0\u00bbvc_gid:1539762430306-38790fb4-3306-9&Prime; taxonomies=\u00a0\u00bb273&Prime;]<div class=\"cq-buttoncontainer  \"><div class=\"animatetype-1\"><div><a href=\"\" title=\"\" target=\"\" style=\"color:;background-color:#d92e1f;\" class=\"btn cqbtn-1\"><span class=\"txt\">Voyez tous les \u00e9quipements<\/span><span class=\"round\"><i style=\"margin-top:-9px;margin-left:-9px;\" class=\"fa fa-arrow-right\"><\/i><\/span><\/a><\/div><\/div><\/div>[vc_empty_space height=\u00a0\u00bb20px\u00a0\u00bb][\/vc_column][\/vc_row][vc_row css=\u00a0\u00bb.vc_custom_1521813937761{margin-top: 30px !important;margin-bottom: 30px !important;}\u00a0\u00bb][vc_column width=\u00a0\u00bb2\/3&Prime;]<div style=\"height:px;margin:0 0 35px 0;\" class=\"cq-imgwitharrow-container cq-imagewitharrow-smallround right \" data-color=\"#bcbcbc\" data-background=\"#e8e8e8\" data-captionalign=\"right\" data-arrowtop=\"45%\" data-arrowleft=\"45%\" data-fontsize1=\"\" data-iwidth=\"50%\" data-iheight=\"100%\" data-twidth=\"50%\" data-theight=\"100%\" data-arrowsize=\"large\"><div class=\"cq-imgwitharrow-photo\" data-url=\"https:\/\/www.omarsspa.it\/wp-content\/uploads\/2018\/02\/Forca-OMARS-4-T-Z_3.jpg\" style=\"width:50%;height:100%;\"><\/div><div class=\"cq-imgwitharrow-box\" style=\"width:50%;height:100%;\"><div class=\"cq-imgwitharrow-content\"><p class=\"cq-content\">\n                        <\/p>\n<h2 class=\"vc_custom_heading\">Panier OMARS 4TZ<\/h2>\n<p>Panier 4TZ pour \u00e9quipements sur v\u00e9hicules de 50 \u00e0 75 quintaux. \u00c9quipement fort pour le remorquage de v\u00e9hicules.\n                      <\/p><\/div>\n                      <div class=\"cq-arrowborder-container\">\n                            <div class=\"cq-arrowborder1\"><\/div>\n                            <div class=\"cq-arrowborder2\"><\/div>\n                            <div class=\"cq-arrowborder3\"><\/div>\n                          <\/div><\/div><\/div><div class=\"cq-buttoncontainer  \"><div class=\"animatetype-1\"><div><a href=\"http:\/\/www.omarsspa.it\/wp-content\/uploads\/2018\/03\/022-4TZ.pdf\" title=\"\" target=\"\" style=\"color:;background-color:#d92e1f;\" class=\"btn cqbtn-1\"><span class=\"txt\">D\u00e9chargez la fiche t\u00e9chnique<\/span><span class=\"round\"><i style=\"margin-top:-9px;margin-left:-9px;\" class=\"fa fa-info\"><\/i><\/span><\/a><\/div><\/div><\/div>[vc_empty_space height=\u00a0\u00bb20px\u00a0\u00bb][\/vc_column][vc_column width=\u00a0\u00bb1\/3&Prime; offset=\u00a0\u00bbvc_hidden-xs\u00a0\u00bb][vc_masonry_grid post_type=\u00a0\u00bbpixad-autos\u00a0\u00bb max_items=\u00a0\u00bb4&Prime; element_width=\u00a0\u00bb6&Prime; gap=\u00a0\u00bb0&Prime; item=\u00a0\u00bb5903&Prime; grid_id=\u00a0\u00bbvc_gid:1539762430307-8e63e2cf-f1da-8&Prime; taxonomies=\u00a0\u00bb274&Prime;]<div class=\"cq-buttoncontainer  \"><div class=\"animatetype-1\"><div><a href=\"\" title=\"\" target=\"\" style=\"color:;background-color:#d92e1f;\" class=\"btn cqbtn-1\"><span class=\"txt\">Voyez tous les \u00e9quipements<\/span><span class=\"round\"><i style=\"margin-top:-9px;margin-left:-9px;\" class=\"fa fa-arrow-right\"><\/i><\/span><\/a><\/div><\/div><\/div>[vc_empty_space height=\u00a0\u00bb20px\u00a0\u00bb][\/vc_column][\/vc_row][vc_row css=\u00a0\u00bb.vc_custom_1521813968026{margin-top: 30px !important;margin-bottom: 30px !important;}\u00a0\u00bb][vc_column width=\u00a0\u00bb2\/3&Prime;]<div style=\"height:px;margin:0 0 35px 0;\" class=\"cq-imgwitharrow-container cq-imagewitharrow-smallround right \" data-color=\"#ffffff\" data-background=\"#c1c1c1\" data-captionalign=\"right\" data-arrowtop=\"45%\" data-arrowleft=\"45%\" data-fontsize1=\"\" data-iwidth=\"50%\" data-iheight=\"100%\" data-twidth=\"50%\" data-theight=\"100%\" data-arrowsize=\"large\"><div class=\"cq-imgwitharrow-photo\" data-url=\"https:\/\/www.omarsspa.it\/wp-content\/uploads\/2018\/02\/0418016-IVECO-ML150E28-DOKA-4X4-LAAR-NARBONNE-DEPANNAGE_3.jpg\" style=\"width:50%;height:100%;\"><\/div><div class=\"cq-imgwitharrow-box\" style=\"width:50%;height:100%;\"><div class=\"cq-imgwitharrow-content\"><p class=\"cq-content\">\n                        <\/p>\n<h2 class=\"vc_custom_heading\">Panier OMARS 6TZ<\/h2>\n<p>Mod\u00e8le 6TZ pour le montage sur camions jusqu&rsquo;aux 100 quintaux. Grande force et manoeuvrabilit\u00e9 pour le remorquage de v\u00e9hicules moyens.\n                      <\/p><\/div>\n                      <div class=\"cq-arrowborder-container\">\n                            <div class=\"cq-arrowborder1\"><\/div>\n                            <div class=\"cq-arrowborder2\"><\/div>\n                            <div class=\"cq-arrowborder3\"><\/div>\n                          <\/div><\/div><\/div><div class=\"cq-buttoncontainer  \"><div class=\"animatetype-1\"><div><a href=\"http:\/\/www.omarsspa.it\/wp-content\/uploads\/2018\/02\/024-6TZ.pdf\" title=\"\" target=\"\" style=\"color:;background-color:#d92e1f;\" class=\"btn cqbtn-1\"><span class=\"txt\">D\u00e9chargez la fiche t\u00e9chnique<\/span><span class=\"round\"><i style=\"margin-top:-9px;margin-left:-9px;\" class=\"fa fa-info\"><\/i><\/span><\/a><\/div><\/div><\/div>[vc_empty_space height=\u00a0\u00bb20px\u00a0\u00bb][\/vc_column][vc_column width=\u00a0\u00bb1\/3&Prime; offset=\u00a0\u00bbvc_hidden-xs\u00a0\u00bb][vc_masonry_grid post_type=\u00a0\u00bbpixad-autos\u00a0\u00bb max_items=\u00a0\u00bb4&Prime; element_width=\u00a0\u00bb6&Prime; gap=\u00a0\u00bb0&Prime; item=\u00a0\u00bb5903&Prime; grid_id=\u00a0\u00bbvc_gid:1539762430310-5004b29b-04cc-5&Prime; taxonomies=\u00a0\u00bb276&Prime;]<div class=\"cq-buttoncontainer  \"><div class=\"animatetype-1\"><div><a href=\"\" title=\"\" target=\"\" style=\"color:;background-color:#d92e1f;\" class=\"btn cqbtn-1\"><span class=\"txt\">Voyez tous les \u00e9quipements<\/span><span class=\"round\"><i style=\"margin-top:-9px;margin-left:-9px;\" class=\"fa fa-arrow-right\"><\/i><\/span><\/a><\/div><\/div><\/div>[vc_empty_space height=\u00a0\u00bb20px\u00a0\u00bb][\/vc_column][\/vc_row]<\/p>\n<\/div>","protected":false},"excerpt":{"rendered":"<p>[vc_row][vc_column][block_title title=\u00a0\u00bbD\u00c9PANNAGE\u00a0\u00bb]LES MEILLEURS \u00c9QUIPEMENTS POUR LE REMORQUAGE ET LE D\u00c9PANNAGE DE V\u00c9HICULES.[\/block_title][vc_column_text css=\u00a0\u00bb.vc_custom_1506528191929{margin-top: -50px !important;}\u00a0\u00bb][\/vc_column_text][vc_row_inner][vc_column_inner width=\u00a0\u00bb1\/3&Prime;][vc_custom_heading text=\u00a0\u00bbMod\u00e8les\u00a0\u00bb font_container=\u00a0\u00bbtag:h5|font_size:20|text_align:left|color:%23dd3333&Prime; google_fonts=\u00a0\u00bbfont_family:Raleway%3A100%2C200%2C300%2Cregular%2C500%2C600%2C700%2C800%2C900|font_style:600%20bold%20regular%3A600%3Anormal\u00a0\u00bb][vc_raw_html css=\u00a0\u00bb.vc_custom_1506528018269{margin-top: 20px !important;margin-bottom: 0px !important;}\u00a0\u00bb]JTNDZGl2JTIwY2xhc3MlM0QlMjJkZWNvci0xJTIyJTNFJTNDJTJGZGl2JTNF[\/vc_raw_html][vc_column_text]Paniers sur pick-up comme partenaire de tous les jours et les \u00e9quipements pour remorquage et d\u00e9pannage.[\/vc_column_text][\/vc_column_inner][vc_column_inner width=\u00a0\u00bb1\/3&Prime;][\/vc_column_inner][vc_column_inner width=\u00a0\u00bb1\/3&Prime;][vc_custom_heading text=\u00a0\u00bb\u00c9quipements relatifs\u00a0\u00bb font_container=\u00a0\u00bbtag:h5|font_size:20|text_align:left|color:%23dd3333&Prime; google_fonts=\u00a0\u00bbfont_family:Raleway%3A100%2C200%2C300%2Cregular%2C500%2C600%2C700%2C800%2C900|font_style:600%20bold%20regular%3A600%3Anormal\u00a0\u00bb][vc_raw_html css=\u00a0\u00bb.vc_custom_1506528018269{margin-top: 20px !important;margin-bottom: 0px !important;}\u00a0\u00bb]JTNDZGl2JTIwY2xhc3MlM0QlMjJkZWNvci0xJTIyJTNFJTNDJTJGZGl2JTNF[\/vc_raw_html][vc_column_text]Regardez nos derni\u00e8rs \u00e9quipements pour nos [&hellip;]<\/p>\n","protected":false},"author":3,"featured_media":0,"parent":0,"menu_order":11,"comment_status":"closed","ping_status":"closed","template":"","meta":{"om_disable_all_campaigns":false,"footnotes":""},"class_list":["post-9230","page","type-page","status-publish","hentry"],"_links":{"self":[{"href":"https:\/\/www.omarsspa.it\/fr\/wp-json\/wp\/v2\/pages\/9230","targetHints":{"allow":["GET"]}}],"collection":[{"href":"https:\/\/www.omarsspa.it\/fr\/wp-json\/wp\/v2\/pages"}],"about":[{"href":"https:\/\/www.omarsspa.it\/fr\/wp-json\/wp\/v2\/types\/page"}],"author":[{"embeddable":true,"href":"https:\/\/www.omarsspa.it\/fr\/wp-json\/wp\/v2\/users\/3"}],"replies":[{"embeddable":true,"href":"https:\/\/www.omarsspa.it\/fr\/wp-json\/wp\/v2\/comments?post=9230"}],"version-history":[{"count":7,"href":"https:\/\/www.omarsspa.it\/fr\/wp-json\/wp\/v2\/pages\/9230\/revisions"}],"predecessor-version":[{"id":11904,"href":"https:\/\/www.omarsspa.it\/fr\/wp-json\/wp\/v2\/pages\/9230\/revisions\/11904"}],"wp:attachment":[{"href":"https:\/\/www.omarsspa.it\/fr\/wp-json\/wp\/v2\/media?parent=9230"}],"curies":[{"name":"wp","href":"https:\/\/api.w.org\/{rel}","templated":true}]}}