{"id":9164,"date":"2018-03-23T16:37:14","date_gmt":"2018-03-23T15:37:14","guid":{"rendered":"http:\/\/lnx.omarsspa.it\/?page_id=9164\/"},"modified":"2022-05-10T10:26:23","modified_gmt":"2022-05-10T08:26:23","slug":"videos-3","status":"publish","type":"page","link":"https:\/\/www.omarsspa.it\/fr\/videos-3\/","title":{"rendered":"VID\u00c9OS"},"content":{"rendered":"<div class=\"wpb-content-wrapper\"><p>[vc_row][vc_column][block_title title=\u00a0\u00bbYouTube\u00a0\u00bb titlepos=\u00a0\u00bbtext-left\u00a0\u00bb]D\u00c9COUVREZ TOUS LES VID\u00c9OS DE NOS \u00c9QUIPEMENTS[\/block_title][vc_row_inner][vc_column_inner width=\u00a0\u00bb1\/3&Prime;][vc_video link=\u00a0\u00bbhttps:\/\/www.youtube.com\/watch?v=9G54JB7v3mc\u00a0\u00bb][\/vc_column_inner][vc_column_inner width=\u00a0\u00bb1\/3&Prime;][vc_video link=\u00a0\u00bbhttps:\/\/www.youtube.com\/watch?v=EkGwGXJ6BHo\u00a0\u00bb][\/vc_column_inner][vc_column_inner width=\u00a0\u00bb1\/3&Prime;][vc_video link=\u00a0\u00bbhttps:\/\/www.youtube.com\/watch?v=O1Z8qCRqyDo\u00a0\u00bb][\/vc_column_inner][\/vc_row_inner][vc_row_inner][vc_column_inner width=\u00a0\u00bb1\/3&Prime;][vc_video link=\u00a0\u00bbhttps:\/\/www.youtube.com\/watch?v=t2Z7zU65BRY\u00a0\u00bb][\/vc_column_inner][vc_column_inner width=\u00a0\u00bb1\/3&Prime;][vc_video link=\u00a0\u00bbhttps:\/\/www.youtube.com\/watch?v=vgaWyw2E3ZY\u00a0\u00bb][\/vc_column_inner][vc_column_inner width=\u00a0\u00bb1\/3&Prime;][vc_video link=\u00a0\u00bbhttps:\/\/www.youtube.com\/watch?v=PTefXWNfmIs\u00a0\u00bb][\/vc_column_inner][\/vc_row_inner][vc_btn title=\u00a0\u00bbSuivez-nous sur notre cha\u00eene YouTube\u00a0\u00bb style=\u00a0\u00bbcustom\u00a0\u00bb custom_background=\u00a0\u00bb#ff0000&Prime; custom_text=\u00a0\u00bb#ffffff\u00a0\u00bb align=\u00a0\u00bbcenter\u00a0\u00bb i_icon_fontawesome=\u00a0\u00bbfab fa-youtube\u00a0\u00bb add_icon=\u00a0\u00bbtrue\u00a0\u00bb link=\u00a0\u00bburl:https%3A%2F%2Fwww.youtube.com%2Fchannel%2FUCNHoYg922yRMmJSmyHhgXgQ|target:_blank\u00a0\u00bb][\/vc_column][\/vc_row][vc_row][vc_column][block_title title=\u00a0\u00bbInstagram\u00a0\u00bb titlepos=\u00a0\u00bbtext-left\u00a0\u00bb]SUIVEZ NOTRE CHA\u00ceNE @OMARSSPA[\/block_title][vc_column_text css=\u00a0\u00bb.vc_custom_1511261247620{margin-top: -50px !important;}\u00a0\u00bb]\t\t<div id=\"sbi_mod_error\" >\n\t\t\t<span>Ce message d\u2019erreur n\u2019est visible que pour les administrateurs de WordPress<\/span><br\/>\n\t\t\t<p><strong>Erreur. Aucun flux trouv\u00e9.<\/strong>\n\t\t\t<p>Veuillez aller sur la page de r\u00e9glages d\u2018Instagram Feed pour connecter votre compte.<\/p>\n\t\t<\/div>\n\t\t[\/vc_column_text][\/vc_column][\/vc_row][vc_row disable_element=\u00a0\u00bbyes\u00a0\u00bb][vc_column][block_posts title=\u00a0\u00bbUltime News\u00a0\u00bb btn_text=\u00a0\u00bbLeggi il blog\u00a0\u00bb]SCOPRI IL MONDO DI OMAR[\/block_posts][\/vc_column][\/vc_row]<\/p>\n<\/div>","protected":false},"excerpt":{"rendered":"<p>[vc_row][vc_column][block_title title=\u00a0\u00bbYouTube\u00a0\u00bb titlepos=\u00a0\u00bbtext-left\u00a0\u00bb]D\u00c9COUVREZ TOUS LES VID\u00c9OS DE NOS \u00c9QUIPEMENTS[\/block_title][vc_row_inner][vc_column_inner width=\u00a0\u00bb1\/3&Prime;][vc_video link=\u00a0\u00bbhttps:\/\/www.youtube.com\/watch?v=9G54JB7v3mc\u00a0\u00bb][\/vc_column_inner][vc_column_inner width=\u00a0\u00bb1\/3&Prime;][vc_video link=\u00a0\u00bbhttps:\/\/www.youtube.com\/watch?v=EkGwGXJ6BHo\u00a0\u00bb][\/vc_column_inner][vc_column_inner width=\u00a0\u00bb1\/3&Prime;][vc_video link=\u00a0\u00bbhttps:\/\/www.youtube.com\/watch?v=O1Z8qCRqyDo\u00a0\u00bb][\/vc_column_inner][\/vc_row_inner][vc_row_inner][vc_column_inner width=\u00a0\u00bb1\/3&Prime;][vc_video link=\u00a0\u00bbhttps:\/\/www.youtube.com\/watch?v=t2Z7zU65BRY\u00a0\u00bb][\/vc_column_inner][vc_column_inner width=\u00a0\u00bb1\/3&Prime;][vc_video link=\u00a0\u00bbhttps:\/\/www.youtube.com\/watch?v=vgaWyw2E3ZY\u00a0\u00bb][\/vc_column_inner][vc_column_inner width=\u00a0\u00bb1\/3&Prime;][vc_video link=\u00a0\u00bbhttps:\/\/www.youtube.com\/watch?v=PTefXWNfmIs\u00a0\u00bb][\/vc_column_inner][\/vc_row_inner][vc_btn title=\u00a0\u00bbSuivez-nous sur notre cha\u00eene YouTube\u00a0\u00bb style=\u00a0\u00bbcustom\u00a0\u00bb custom_background=\u00a0\u00bb#ff0000&Prime; custom_text=\u00a0\u00bb#ffffff\u00a0\u00bb align=\u00a0\u00bbcenter\u00a0\u00bb i_icon_fontawesome=\u00a0\u00bbfab fa-youtube\u00a0\u00bb add_icon=\u00a0\u00bbtrue\u00a0\u00bb link=\u00a0\u00bburl:https%3A%2F%2Fwww.youtube.com%2Fchannel%2FUCNHoYg922yRMmJSmyHhgXgQ|target:_blank\u00a0\u00bb][\/vc_column][\/vc_row][vc_row][vc_column][block_title title=\u00a0\u00bbInstagram\u00a0\u00bb titlepos=\u00a0\u00bbtext-left\u00a0\u00bb]SUIVEZ NOTRE CHA\u00ceNE @OMARSSPA[\/block_title][vc_column_text css=\u00a0\u00bb.vc_custom_1511261247620{margin-top: -50px !important;}\u00a0\u00bb][\/vc_column_text][\/vc_column][\/vc_row][vc_row disable_element=\u00a0\u00bbyes\u00a0\u00bb][vc_column][block_posts title=\u00a0\u00bbUltime News\u00a0\u00bb btn_text=\u00a0\u00bbLeggi il blog\u00a0\u00bb]SCOPRI IL MONDO DI OMAR[\/block_posts][\/vc_column][\/vc_row]<\/p>\n","protected":false},"author":3,"featured_media":0,"parent":0,"menu_order":2,"comment_status":"closed","ping_status":"open","template":"","meta":{"om_disable_all_campaigns":false,"footnotes":""},"class_list":["post-9164","page","type-page","status-publish","hentry"],"_links":{"self":[{"href":"https:\/\/www.omarsspa.it\/fr\/wp-json\/wp\/v2\/pages\/9164","targetHints":{"allow":["GET"]}}],"collection":[{"href":"https:\/\/www.omarsspa.it\/fr\/wp-json\/wp\/v2\/pages"}],"about":[{"href":"https:\/\/www.omarsspa.it\/fr\/wp-json\/wp\/v2\/types\/page"}],"author":[{"embeddable":true,"href":"https:\/\/www.omarsspa.it\/fr\/wp-json\/wp\/v2\/users\/3"}],"replies":[{"embeddable":true,"href":"https:\/\/www.omarsspa.it\/fr\/wp-json\/wp\/v2\/comments?post=9164"}],"version-history":[{"count":5,"href":"https:\/\/www.omarsspa.it\/fr\/wp-json\/wp\/v2\/pages\/9164\/revisions"}],"predecessor-version":[{"id":13023,"href":"https:\/\/www.omarsspa.it\/fr\/wp-json\/wp\/v2\/pages\/9164\/revisions\/13023"}],"wp:attachment":[{"href":"https:\/\/www.omarsspa.it\/fr\/wp-json\/wp\/v2\/media?parent=9164"}],"curies":[{"name":"wp","href":"https:\/\/api.w.org\/{rel}","templated":true}]}}