{"id":9149,"date":"2018-03-23T16:13:37","date_gmt":"2018-03-23T15:13:37","guid":{"rendered":"http:\/\/lnx.omarsspa.it\/?page_id=9149\/"},"modified":"2018-03-23T18:12:11","modified_gmt":"2018-03-23T17:12:11","slug":"societe","status":"publish","type":"page","link":"https:\/\/www.omarsspa.it\/fr\/societe\/","title":{"rendered":"SOCI\u00c9T\u00c9"},"content":{"rendered":"<div class=\"wpb-content-wrapper\"><p>[vc_row][vc_column][block_title title=\u00a0\u00bbOMARS\u00a0\u00bb]UNE HISTOIRE QUI D\u00c9FIE LE TEMPS[\/block_title][vc_empty_space height=\u00a0\u00bb40px\u00a0\u00bb][vc_row_inner css=\u00a0\u00bb.vc_custom_1506701827880{margin-top: -50px !important;}\u00a0\u00bb][vc_column_inner width=\u00a0\u00bb2\/3&Prime;][vc_single_image image=\u00a0\u00bb8400&Prime; img_size=\u00a0\u00bbfull\u00a0\u00bb][\/vc_column_inner][vc_column_inner width=\u00a0\u00bb1\/3&Prime;][vc_column_text]Aujourd&rsquo;hui nous travaillons dans <strong>une zone couverte de 12.000 m2<\/strong> que nous permet de travailler simultan\u00e9ment sur beaucoup v\u00e9hicules et de stocker nombreaux types d&rsquo;\u00e9quipements pr\u00eates \u00e0 \u00eatre livr\u00e9s.<br \/>\nNous voulons<strong> satisfaire les diff\u00e9rentes exigences pour ce qui concerne le d\u00e9pannage et le transport des v\u00e9hicules jusqu&rsquo;\u00e0 trois voitures.<\/strong> Notre bureau technique utilise la technologie CAD et il cherche constamment et essaye nouveaux mat\u00e9riaux.<br \/>\nPour obtenir haute qualit\u00e9 et attention aux finitions, nous utilisons <strong>cabines de peinture et de s\u00e9chages<\/strong> et une <strong>installation de sablage automatique<\/strong> qui permettent excellents r\u00e9sultats pour ce qui concerne la protection anticorrosion.<br \/>\nEn outre, une partie de nos \u00e9quipements ont un <strong>traitement de galvanisation \u00e0 chaud pour optimiser la dur\u00e9e dans le temps.<\/strong><br \/>\nLes <strong>plateaus<\/strong> sont disponibles en acier ou en aluminium \u00e0 haute r\u00e9sistance, les <strong>carrosseries<\/strong> et les<strong> coffres lat\u00e9raux<\/strong> sont en aluminium ou en plastique ABS.[\/vc_column_text][\/vc_column_inner][\/vc_row_inner][vc_column_text]<div class=\"center-content\"><div class=\"decor-2\"><i class=\"icon fa fa-caret-down\"><\/i><\/div><\/div>\n            <div class=\"center-content\"><h2 class=\"ui-title-inner\">OMARS S.P.A., SUR LE MARCH\u00c9 DEPUIS PLUS DE 45 ANS<\/h2><\/div>\n            <div class=\"center-content\"><div class=\"decor-1\"><\/div><\/div>[\/vc_column_text][\/vc_column][\/vc_row][vc_row][vc_column]<div class=\"cq-draggable-container \" data-draggingbarbgcolor=\"rgba(0, 0, 0, 0.5)\" data-defaultbarbgcolor=\"#d92e1f\" data-avatarstyle=\"icon\" data-activeiconcolor=\"\" data-autoplay=\"no\" data-autoplayspeed=\"\" data-labelcolor=\"#333333\" data-dragbuttonwidth=\"10px\" data-contaienrwidth=\"100%\"><div class=\"cq-draggable-slider\"><div class=\"cq-draggable-stripe\"><div class=\"cq-draggable-handle\"><div class=\"cq-infobox gray\"><div class=\"cq-titlecontainer\"><\/div><div class=\"cq-innerbox\"><div class=\"cq-carouselcontainer\"><div class=\"cq-carouselcontent\">\n<p><img loading=\"lazy\" decoding=\"async\" class=\"alignnone size-medium wp-image-8287\" src=\"http:\/\/www.omarsspa.it\/wp-content\/uploads\/2017\/09\/OMArS_Timeline_1972-300x215-300x215.jpeg\" alt=\"\" width=\"300\" height=\"215\" srcset=\"https:\/\/www.omarsspa.it\/wp-content\/uploads\/2017\/09\/OMArS_Timeline_1972-300x215.jpeg 300w, https:\/\/www.omarsspa.it\/wp-content\/uploads\/2017\/09\/OMArS_Timeline_1972-300x215-92x66.jpeg 92w, https:\/\/www.omarsspa.it\/wp-content\/uploads\/2017\/09\/OMArS_Timeline_1972-300x215-181x130.jpeg 181w\" sizes=\"auto, (max-width: 300px) 100vw, 300px\" \/><\/p>\n<p>Pendant l&rsquo;ann\u00e9e 1972 naquit \u00e0 Cuneo la soci\u00e9t\u00e9 ANDREIS Renato qui travaille dans le s\u00e9cteur de la m\u00e9canique et du d\u00e9pannage.<\/p>\n\n<\/div><div class=\"cq-carouselcontent\">\n<p><img loading=\"lazy\" decoding=\"async\" class=\"alignnone size-medium wp-image-8293\" src=\"http:\/\/www.omarsspa.it\/wp-content\/uploads\/2017\/10\/OMArS_Timeline_1975-300x215-300x215.jpeg\" alt=\"\" width=\"300\" height=\"215\" srcset=\"https:\/\/www.omarsspa.it\/wp-content\/uploads\/2017\/10\/OMArS_Timeline_1975-300x215.jpeg 300w, https:\/\/www.omarsspa.it\/wp-content\/uploads\/2017\/10\/OMArS_Timeline_1975-300x215-92x66.jpeg 92w, https:\/\/www.omarsspa.it\/wp-content\/uploads\/2017\/10\/OMArS_Timeline_1975-300x215-181x130.jpeg 181w\" sizes=\"auto, (max-width: 300px) 100vw, 300px\" \/><\/p>\n<p>\u00c0 partir de l&rsquo;ann\u00e9e 1975, la soci\u00e9t\u00e9 ANDREIS Renato se sp\u00e9cialise dans le d\u00e9pannage et transport voitures et v\u00e9hicules en g\u00e9n\u00e9ral.<\/p>\n\n<\/div><div class=\"cq-carouselcontent\">\n<p><img loading=\"lazy\" decoding=\"async\" class=\"alignnone size-medium wp-image-8312\" src=\"http:\/\/www.omarsspa.it\/wp-content\/uploads\/2017\/09\/1998_01-300x225-300x225.jpg\" alt=\"\" width=\"300\" height=\"225\" srcset=\"https:\/\/www.omarsspa.it\/wp-content\/uploads\/2017\/09\/1998_01-300x225.jpg 300w, https:\/\/www.omarsspa.it\/wp-content\/uploads\/2017\/09\/1998_01-300x225-88x66.jpg 88w, https:\/\/www.omarsspa.it\/wp-content\/uploads\/2017\/09\/1998_01-300x225-173x130.jpg 173w\" sizes=\"auto, (max-width: 300px) 100vw, 300px\" \/><\/p>\n<p>Dans l&rsquo;ann\u00e9e 1981, la soci\u00e9t\u00e9 devient OMArS et se d\u00e9place dans un hangar avec tailles industrielles aux portes de Cuneo.<\/p>\n\n<\/div><div class=\"cq-carouselcontent\">\n<p><img loading=\"lazy\" decoding=\"async\" class=\"alignnone size-medium wp-image-8314\" src=\"http:\/\/www.omarsspa.it\/wp-content\/uploads\/2017\/09\/OMArS_Timeline_1992b-300x215-300x215.jpeg\" alt=\"\" width=\"300\" height=\"215\" srcset=\"https:\/\/www.omarsspa.it\/wp-content\/uploads\/2017\/09\/OMArS_Timeline_1992b-300x215.jpeg 300w, https:\/\/www.omarsspa.it\/wp-content\/uploads\/2017\/09\/OMArS_Timeline_1992b-300x215-92x66.jpeg 92w, https:\/\/www.omarsspa.it\/wp-content\/uploads\/2017\/09\/OMArS_Timeline_1992b-300x215-181x130.jpeg 181w\" sizes=\"auto, (max-width: 300px) 100vw, 300px\" \/><\/p>\n<p>Avec le nouveau hangar de 12.000m2 la soci\u00e9t\u00e9 OMArS \u00e9tend les espaces productifs et a confiance dans l&rsquo;avenir.<\/p>\n\n<\/div><div class=\"cq-carouselcontent\"><img loading=\"lazy\" decoding=\"async\" class=\"alignnone size-medium wp-image-8312\" src=\"http:\/\/www.omarsspa.it\/wp-content\/uploads\/2017\/09\/1998_01-300x225-300x225.jpg\" alt=\"\" width=\"300\" height=\"225\" srcset=\"https:\/\/www.omarsspa.it\/wp-content\/uploads\/2017\/09\/1998_01-300x225.jpg 300w, https:\/\/www.omarsspa.it\/wp-content\/uploads\/2017\/09\/1998_01-300x225-88x66.jpg 88w, https:\/\/www.omarsspa.it\/wp-content\/uploads\/2017\/09\/1998_01-300x225-173x130.jpg 173w\" sizes=\"auto, (max-width: 300px) 100vw, 300px\" \/><br \/>\nAgrandissement de la soci\u00e9t\u00e9 Hartmann GmbH en Allemagne avec nouveau si\u00e8ge et nouveaux bureaus.\n<\/div><div class=\"cq-carouselcontent\">\n<p><img loading=\"lazy\" decoding=\"async\" class=\"alignnone size-medium wp-image-8315\" src=\"http:\/\/www.omarsspa.it\/wp-content\/uploads\/2017\/09\/OMArS_Timeline_1999-1-300x215-300x215.jpeg\" alt=\"\" width=\"300\" height=\"215\" srcset=\"https:\/\/www.omarsspa.it\/wp-content\/uploads\/2017\/09\/OMArS_Timeline_1999-1-300x215.jpeg 300w, https:\/\/www.omarsspa.it\/wp-content\/uploads\/2017\/09\/OMArS_Timeline_1999-1-300x215-92x66.jpeg 92w, https:\/\/www.omarsspa.it\/wp-content\/uploads\/2017\/09\/OMArS_Timeline_1999-1-300x215-181x130.jpeg 181w\" sizes=\"auto, (max-width: 300px) 100vw, 300px\" \/><\/p>\n<p>En regardant vers le nouveau mill\u00e9nium, on ins\u00e9re la nouvelle gamme plateaus de la s\u00e9rie 3\/4\/6.2000 qui deviendront future Best Seller de la soci\u00e9t\u00e9 OMArS S.p.A. jusqu&rsquo;a aujourd&rsquo;hui.<\/p>\n\n<\/div><div class=\"cq-carouselcontent\">\n<p><img loading=\"lazy\" decoding=\"async\" class=\"alignnone size-medium wp-image-8316\" src=\"http:\/\/www.omarsspa.it\/wp-content\/uploads\/2017\/09\/OMArS_Timeline_2004-300x215-300x215.jpeg\" alt=\"\" width=\"300\" height=\"215\" srcset=\"https:\/\/www.omarsspa.it\/wp-content\/uploads\/2017\/09\/OMArS_Timeline_2004-300x215.jpeg 300w, https:\/\/www.omarsspa.it\/wp-content\/uploads\/2017\/09\/OMArS_Timeline_2004-300x215-92x66.jpeg 92w, https:\/\/www.omarsspa.it\/wp-content\/uploads\/2017\/09\/OMArS_Timeline_2004-300x215-181x130.jpeg 181w\" sizes=\"auto, (max-width: 300px) 100vw, 300px\" \/><\/p>\n<p>Nouvelle gamme panier poids-lourds 110T et 120T pour satisfaire tous les exigences de d\u00e9pannage de poids lourds.<\/p>\n\n<\/div><div class=\"cq-carouselcontent\">\n<p><img loading=\"lazy\" decoding=\"async\" class=\"alignnone size-medium wp-image-8317\" src=\"http:\/\/www.omarsspa.it\/wp-content\/uploads\/2017\/09\/OMArS_Timeline_2007b-300x215-300x215.jpeg\" alt=\"\" width=\"300\" height=\"215\" srcset=\"https:\/\/www.omarsspa.it\/wp-content\/uploads\/2017\/09\/OMArS_Timeline_2007b-300x215.jpeg 300w, https:\/\/www.omarsspa.it\/wp-content\/uploads\/2017\/09\/OMArS_Timeline_2007b-300x215-92x66.jpeg 92w, https:\/\/www.omarsspa.it\/wp-content\/uploads\/2017\/09\/OMArS_Timeline_2007b-300x215-181x130.jpeg 181w\" sizes=\"auto, (max-width: 300px) 100vw, 300px\" \/><\/p>\n<p>Dans l&rsquo;ann\u00e9e 2007, pendant un moment d&rsquo;excellent chiffre d&rsquo;affaires pour la soci\u00e9t\u00e9 OMArS S.p.A., on commence le nouveau hangar de 6.000m2 \u00e0 Beinette.<\/p>\n\n<\/div><div class=\"cq-carouselcontent\">\n<p><img loading=\"lazy\" decoding=\"async\" class=\"alignnone size-medium wp-image-8318\" src=\"http:\/\/www.omarsspa.it\/wp-content\/uploads\/2017\/09\/OMArS_Timeline_2008-300x215-300x215.jpeg\" alt=\"\" width=\"300\" height=\"215\" srcset=\"https:\/\/www.omarsspa.it\/wp-content\/uploads\/2017\/09\/OMArS_Timeline_2008-300x215.jpeg 300w, https:\/\/www.omarsspa.it\/wp-content\/uploads\/2017\/09\/OMArS_Timeline_2008-300x215-92x66.jpeg 92w, https:\/\/www.omarsspa.it\/wp-content\/uploads\/2017\/09\/OMArS_Timeline_2008-300x215-181x130.jpeg 181w\" sizes=\"auto, (max-width: 300px) 100vw, 300px\" \/><\/p>\n<p>Les ann\u00e9es \u00e0 partir de 2008 ont \u00e9t\u00e9 importants pour la soci\u00e9t\u00e9 OMArS S.p.A. On commence les \u00e9tudes et la production des \u00e9quipements pour pick-up type Isuzu.<\/p>\n\n<\/div><div class=\"cq-carouselcontent\">\n<p><img loading=\"lazy\" decoding=\"async\" class=\"alignnone size-medium wp-image-8319\" src=\"http:\/\/www.omarsspa.it\/wp-content\/uploads\/2017\/09\/OMArS_Timeline_2010a-300x215-300x215.jpeg\" alt=\"\" width=\"300\" height=\"215\" srcset=\"https:\/\/www.omarsspa.it\/wp-content\/uploads\/2017\/09\/OMArS_Timeline_2010a-300x215.jpeg 300w, https:\/\/www.omarsspa.it\/wp-content\/uploads\/2017\/09\/OMArS_Timeline_2010a-300x215-92x66.jpeg 92w, https:\/\/www.omarsspa.it\/wp-content\/uploads\/2017\/09\/OMArS_Timeline_2010a-300x215-181x130.jpeg 181w\" sizes=\"auto, (max-width: 300px) 100vw, 300px\" \/><\/p>\n<p>La gamme Panier poids-lourds et ROTATOR se d\u00e9veloppe constamment avec l&rsquo;\u00e9tudes de nouvelles g\u00e9om\u00e9tries et nouveaux stabilisateurs arri\u00e8res et ant\u00e9rieurs pour donner toujours plus dans le domaine.<\/p>\n\n<\/div><div class=\"cq-carouselcontent\">\n<p><img loading=\"lazy\" decoding=\"async\" class=\"alignnone size-full wp-image-9106\" src=\"http:\/\/www.omarsspa.it\/wp-content\/uploads\/2017\/09\/storia_omars_2015.jpg\" alt=\"\" width=\"300\" height=\"199\" srcset=\"https:\/\/www.omarsspa.it\/wp-content\/uploads\/2017\/09\/storia_omars_2015.jpg 300w, https:\/\/www.omarsspa.it\/wp-content\/uploads\/2017\/09\/storia_omars_2015-99x66.jpg 99w, https:\/\/www.omarsspa.it\/wp-content\/uploads\/2017\/09\/storia_omars_2015-196x130.jpg 196w\" sizes=\"auto, (max-width: 300px) 100vw, 300px\" \/><\/p>\n<p>Derni\u00e8res \u00e9volution g\u00e9n\u00e9rationnelle de la gamme Panier poids-ourds et ROTATOR: les v\u00e9hicules de d\u00e9pannage par excellence.<\/p>\n\n<\/div><div class=\"cq-carouselcontent\">\n<p><img loading=\"lazy\" decoding=\"async\" class=\"alignnone size-medium wp-image-8321\" src=\"http:\/\/www.omarsspa.it\/wp-content\/uploads\/2017\/09\/OMArS_Timeline_oggi-300x215-300x215.jpeg\" alt=\"\" width=\"300\" height=\"215\" srcset=\"https:\/\/www.omarsspa.it\/wp-content\/uploads\/2017\/09\/OMArS_Timeline_oggi-300x215.jpeg 300w, https:\/\/www.omarsspa.it\/wp-content\/uploads\/2017\/09\/OMArS_Timeline_oggi-300x215-92x66.jpeg 92w, https:\/\/www.omarsspa.it\/wp-content\/uploads\/2017\/09\/OMArS_Timeline_oggi-300x215-181x130.jpeg 181w\" sizes=\"auto, (max-width: 300px) 100vw, 300px\" \/><\/p>\n<p>La soci\u00e9t\u00e9 OMArS S.p.A. c\u00e9l\u00e8bre ses premiers 40 ans de tradition et attention au client en ayant confiance dans l&rsquo;avenir avec nouvelles solutions et id\u00e9es.<\/p>\n\n<p>&nbsp;<\/p>\n<\/div><div class=\"cq-carouselcontent\">\n<p><img loading=\"lazy\" decoding=\"async\" class=\"alignnone size-full wp-image-9079\" src=\"http:\/\/www.omarsspa.it\/wp-content\/uploads\/2017\/09\/2017.jpg\" alt=\"\" width=\"300\" height=\"199\" srcset=\"https:\/\/www.omarsspa.it\/wp-content\/uploads\/2017\/09\/2017.jpg 300w, https:\/\/www.omarsspa.it\/wp-content\/uploads\/2017\/09\/2017-99x66.jpg 99w, https:\/\/www.omarsspa.it\/wp-content\/uploads\/2017\/09\/2017-196x130.jpg 196w\" sizes=\"auto, (max-width: 300px) 100vw, 300px\" \/><\/p>\n<p>La gamme des \u00e9quipements est en \u00e9volution constante et la gamme plateaux et panier poids-lourds est actualis\u00e9e avec des importants d\u00e9tails pour le d\u00e9pannage.<\/p>\n\n<p><\/div><\/div><\/div><\/div><\/div><\/div><div class=\"cq-barcontainer\"><div class=\"cq-highlight-container icon\"><div class=\"cq-highlight circle\" data-iconbgcolors=\"#D92E1F\"><span class=\"fa fa-1x fa-circle\"><\/span><\/div><span class=\"cq-highlight-label\">1972<\/span><\/div><div class=\"cq-highlight-container icon\"><div class=\"cq-highlight circle\" data-iconbgcolors=\"#D92E1F\"><span class=\"fa fa-1x fa-circle\"><\/span><\/div><span class=\"cq-highlight-label\">1975<\/span><\/div><div class=\"cq-highlight-container icon\"><div class=\"cq-highlight circle\" data-iconbgcolors=\"#D92E1F\"><span class=\"fa fa-1x fa-circle\"><\/span><\/div><span class=\"cq-highlight-label\">1981<\/span><\/div><div class=\"cq-highlight-container icon\"><div class=\"cq-highlight circle\" data-iconbgcolors=\"#D92E1F\"><span class=\"fa fa-1x fa-circle\"><\/span><\/div><span class=\"cq-highlight-label\">1992<\/span><\/div><div class=\"cq-highlight-container icon\"><div class=\"cq-highlight circle\" data-iconbgcolors=\"#D92E1F\"><span class=\"fa fa-1x fa-circle\"><\/span><\/div><span class=\"cq-highlight-label\">1998<\/span><\/div><div class=\"cq-highlight-container icon\"><div class=\"cq-highlight circle\" data-iconbgcolors=\"#D92E1F\"><span class=\"fa fa-1x fa-circle\"><\/span><\/div><span class=\"cq-highlight-label\">1998-1999<\/span><\/div><div class=\"cq-highlight-container icon\"><div class=\"cq-highlight circle\" data-iconbgcolors=\"#D92E1F\"><span class=\"fa fa-1x fa-circle\"><\/span><\/div><span class=\"cq-highlight-label\">2004<\/span><\/div><div class=\"cq-highlight-container icon\"><div class=\"cq-highlight circle\" data-iconbgcolors=\"#D92E1F\"><span class=\"fa fa-1x fa-circle\"><\/span><\/div><span class=\"cq-highlight-label\">2007-2009<\/span><\/div><div class=\"cq-highlight-container icon\"><div class=\"cq-highlight circle\" data-iconbgcolors=\"#D92E1F\"><span class=\"fa fa-1x fa-circle\"><\/span><\/div><span class=\"cq-highlight-label\">2008-2009<\/span><\/div><div class=\"cq-highlight-container icon\"><div class=\"cq-highlight circle\" data-iconbgcolors=\"#D92E1F\"><span class=\"fa fa-1x fa-circle\"><\/span><\/div><span class=\"cq-highlight-label\">2010-2014<\/span><\/div><div class=\"cq-highlight-container icon\"><div class=\"cq-highlight circle\" data-iconbgcolors=\"#D92E1F\"><span class=\"fa fa-1x fa-circle\"><\/span><\/div><span class=\"cq-highlight-label\">2015<\/span><\/div><div class=\"cq-highlight-container icon\"><div class=\"cq-highlight circle\" data-iconbgcolors=\"#D92E1F\"><span class=\"fa fa-1x fa-circle\"><\/span><\/div><span class=\"cq-highlight-label\">2015<\/span><\/div><div class=\"cq-highlight-container icon\"><div class=\"cq-highlight circle\" data-iconbgcolors=\"#D92E1F\"><span class=\"fa fa-1x fa-circle\"><\/span><\/div><span class=\"cq-highlight-label\">2017<\/span><\/div><\/div><\/div><\/div>[\/vc_column][\/vc_row]<\/p>\n<\/div>","protected":false},"excerpt":{"rendered":"<p>[vc_row][vc_column][block_title title=\u00a0\u00bbOMARS\u00a0\u00bb]UNE HISTOIRE QUI D\u00c9FIE LE TEMPS[\/block_title][vc_empty_space height=\u00a0\u00bb40px\u00a0\u00bb][vc_row_inner css=\u00a0\u00bb.vc_custom_1506701827880{margin-top: -50px !important;}\u00a0\u00bb][vc_column_inner width=\u00a0\u00bb2\/3&Prime;][vc_single_image image=\u00a0\u00bb8400&Prime; img_size=\u00a0\u00bbfull\u00a0\u00bb][\/vc_column_inner][vc_column_inner width=\u00a0\u00bb1\/3&Prime;][vc_column_text]Aujourd&rsquo;hui nous travaillons dans une zone couverte de 12.000 m2 que nous permet de travailler simultan\u00e9ment sur beaucoup v\u00e9hicules et de stocker nombreaux types d&rsquo;\u00e9quipements pr\u00eates \u00e0 \u00eatre livr\u00e9s. Nous voulons satisfaire les diff\u00e9rentes exigences pour ce qui concerne le d\u00e9pannage [&hellip;]<\/p>\n","protected":false},"author":3,"featured_media":0,"parent":0,"menu_order":13,"comment_status":"open","ping_status":"open","template":"","meta":{"om_disable_all_campaigns":false,"footnotes":""},"class_list":["post-9149","page","type-page","status-publish","hentry"],"_links":{"self":[{"href":"https:\/\/www.omarsspa.it\/fr\/wp-json\/wp\/v2\/pages\/9149","targetHints":{"allow":["GET"]}}],"collection":[{"href":"https:\/\/www.omarsspa.it\/fr\/wp-json\/wp\/v2\/pages"}],"about":[{"href":"https:\/\/www.omarsspa.it\/fr\/wp-json\/wp\/v2\/types\/page"}],"author":[{"embeddable":true,"href":"https:\/\/www.omarsspa.it\/fr\/wp-json\/wp\/v2\/users\/3"}],"replies":[{"embeddable":true,"href":"https:\/\/www.omarsspa.it\/fr\/wp-json\/wp\/v2\/comments?post=9149"}],"version-history":[{"count":3,"href":"https:\/\/www.omarsspa.it\/fr\/wp-json\/wp\/v2\/pages\/9149\/revisions"}],"predecessor-version":[{"id":9217,"href":"https:\/\/www.omarsspa.it\/fr\/wp-json\/wp\/v2\/pages\/9149\/revisions\/9217"}],"wp:attachment":[{"href":"https:\/\/www.omarsspa.it\/fr\/wp-json\/wp\/v2\/media?parent=9149"}],"curies":[{"name":"wp","href":"https:\/\/api.w.org\/{rel}","templated":true}]}}