{"id":9333,"date":"2018-03-26T18:05:36","date_gmt":"2018-03-26T16:05:36","guid":{"rendered":"http:\/\/lnx.omarsspa.it\/?page_id=9333\/"},"modified":"2018-10-17T12:20:03","modified_gmt":"2018-10-17T10:20:03","slug":"camiones-de-auxilio","status":"publish","type":"page","link":"https:\/\/www.omarsspa.it\/es\/camiones-de-auxilio\/","title":{"rendered":"CAMIONES DE AUXILIO"},"content":{"rendered":"<div class=\"wpb-content-wrapper\"><p>[vc_row][vc_column][block_title title=\u00bbCAMIONES DE AUXILIO\u00bb]EL MEJOR AYUDANTE PARA LA ASISTENCIA EN CARRETERA DE LOS CAMIONES.[\/block_title][vc_column_text css=\u00bb.vc_custom_1506528191929{margin-top: -50px !important;}\u00bb]<div class=\"center-content\"><div class=\"decor-2\"><i class=\"icon fa fa-caret-down\"><\/i><\/div><\/div>[\/vc_column_text][vc_row_inner][vc_column_inner width=\u00bb1\/3&#8243;][vc_custom_heading text=\u00bbModelos\u00bb font_container=\u00bbtag:h5|font_size:20|text_align:left|color:%23dd3333&#8243; google_fonts=\u00bbfont_family:Raleway%3A100%2C200%2C300%2Cregular%2C500%2C600%2C700%2C800%2C900|font_style:600%20bold%20regular%3A600%3Anormal\u00bb][vc_raw_html css=\u00bb.vc_custom_1506528018269{margin-top: 20px !important;margin-bottom: 0px !important;}\u00bb]JTNDZGl2JTIwY2xhc3MlM0QlMjJkZWNvci0xJTIyJTNFJTNDJTJGZGl2JTNF[\/vc_raw_html][vc_column_text]Una amplia variedad de modelos capaz de satisfacer cada diferente exigencia para la asistencia en carretera.[\/vc_column_text][\/vc_column_inner][vc_column_inner width=\u00bb1\/3&#8243;][\/vc_column_inner][vc_column_inner width=\u00bb1\/3&#8243;][vc_custom_heading text=\u00bbEquipos relativos\u00bb font_container=\u00bbtag:h5|font_size:20|text_align:left|color:%23dd3333&#8243; google_fonts=\u00bbfont_family:Raleway%3A100%2C200%2C300%2Cregular%2C500%2C600%2C700%2C800%2C900|font_style:600%20bold%20regular%3A600%3Anormal\u00bb][vc_raw_html css=\u00bb.vc_custom_1506528018269{margin-top: 20px !important;margin-bottom: 0px !important;}\u00bb]JTNDZGl2JTIwY2xhc3MlM0QlMjJkZWNvci0xJTIyJTNFJTNDJTJGZGl2JTNF[\/vc_raw_html][vc_column_text]Mire los \u00faltimos equipos realizados para nuestros clientes.[\/vc_column_text][\/vc_column_inner][\/vc_row_inner][\/vc_column][\/vc_row][vc_row css=\u00bb.vc_custom_1521815442096{margin-bottom: 30px !important;}\u00bb][vc_column width=\u00bb2\/3&#8243;]<div style=\"height:px;margin:0 0 35px 0;\" class=\"cq-imgwitharrow-container cq-imagewitharrow-smallround right \" data-color=\"#ffffff\" data-background=\"#c1c1c1\" data-captionalign=\"right\" data-arrowtop=\"45%\" data-arrowleft=\"45%\" data-fontsize1=\"\" data-iwidth=\"50%\" data-iheight=\"100%\" data-twidth=\"50%\" data-theight=\"100%\" data-arrowsize=\"large\"><div class=\"cq-imgwitharrow-photo\" data-url=\"https:\/\/www.omarsspa.it\/wp-content\/uploads\/2017\/09\/RENAULT-PREMIUM-4X2-90T-8.jpg\" style=\"width:50%;height:100%;\"><\/div><div class=\"cq-imgwitharrow-box\" style=\"width:50%;height:100%;\"><div class=\"cq-imgwitharrow-content\"><p class=\"cq-content\">\n                        <\/p>\n<h3 class=\"vc_custom_heading\">Cami\u00f3n de auxilio 100T OMARS RECOVERY<\/h3>\n<p>Los peque\u00f1os tama\u00f1os lo hacen adecuado para veh\u00edculos con 2 o 3 ejes.\n                      <\/p><\/div>\n                      <div class=\"cq-arrowborder-container\">\n                            <div class=\"cq-arrowborder1\"><\/div>\n                            <div class=\"cq-arrowborder2\"><\/div>\n                            <div class=\"cq-arrowborder3\"><\/div>\n                          <\/div><\/div><\/div><div class=\"cq-buttoncontainer  \"><div class=\"animatetype-1\"><div><a href=\"http:\/\/www.omarsspa.it\/wp-content\/uploads\/2018\/05\/002-100-T-1.pdf\" title=\"\" target=\"\" style=\"color:;background-color:#d92e1f;\" class=\"btn cqbtn-1\"><span class=\"txt\">Descargue la ficha t\u00e9cnica<\/span><span class=\"round\"><i style=\"margin-top:-9px;margin-left:-9px;\" class=\"fa fa-info\"><\/i><\/span><\/a><\/div><\/div><\/div>[vc_empty_space height=\u00bb20px\u00bb][\/vc_column][vc_column width=\u00bb1\/3&#8243; offset=\u00bbvc_hidden-xs\u00bb][vc_masonry_grid post_type=\u00bbpixad-autos\u00bb max_items=\u00bb4&#8243; element_width=\u00bb6&#8243; gap=\u00bb0&#8243; item=\u00bb5903&#8243; grid_id=\u00bbvc_gid:1539771587172-becd5b6c-7090-10&#8243; taxonomies=\u00bb255&#8243;]<div class=\"cq-buttoncontainer  \"><div class=\"animatetype-1\"><div><a href=\"http:\/\/www.omarsspa.it\/\/allestimenti\/?equipment=forcone-omars-100t\" title=\"\" target=\"\" style=\"color:;background-color:#d92e1f;\" class=\"btn cqbtn-1\"><span class=\"txt\">Equipos relativos<\/span><span class=\"round\"><i style=\"margin-top:-9px;margin-left:-9px;\" class=\"fa fa-arrow-right\"><\/i><\/span><\/a><\/div><\/div><\/div>[vc_empty_space height=\u00bb20px\u00bb][\/vc_column][\/vc_row][vc_row css=\u00bb.vc_custom_1521815483889{margin-top: 30px !important;margin-bottom: 30px !important;}\u00bb][vc_column width=\u00bb2\/3&#8243;]<div style=\"height:px;margin:0 0 35px 0;\" class=\"cq-imgwitharrow-container cq-imagewitharrow-smallround right \" data-color=\"#bcbcbc\" data-background=\"#e8e8e8\" data-captionalign=\"right\" data-arrowtop=\"45%\" data-arrowleft=\"45%\" data-fontsize1=\"\" data-iwidth=\"50%\" data-iheight=\"100%\" data-twidth=\"50%\" data-theight=\"100%\" data-arrowsize=\"large\"><div class=\"cq-imgwitharrow-photo\" data-url=\"https:\/\/www.omarsspa.it\/wp-content\/uploads\/2017\/09\/SCANIA-R450-6X4-110T-7.jpg\" style=\"width:50%;height:100%;\"><\/div><div class=\"cq-imgwitharrow-box\" style=\"width:50%;height:100%;\"><div class=\"cq-imgwitharrow-content\"><p class=\"cq-content\">\n                        <\/p>\n<h3 class=\"vc_custom_heading\">Cami\u00f3n de auxilio 110T OMARS RECOVERY<\/h3>\n<p>Ideal para veh\u00edculos con 3 o 4 ejes: el mejor eqipo para la asistencia en carretera de los camiones.\n                      <\/p><\/div>\n                      <div class=\"cq-arrowborder-container\">\n                            <div class=\"cq-arrowborder1\"><\/div>\n                            <div class=\"cq-arrowborder2\"><\/div>\n                            <div class=\"cq-arrowborder3\"><\/div>\n                          <\/div><\/div><\/div><div class=\"cq-buttoncontainer  \"><div class=\"animatetype-1\"><div><a href=\"http:\/\/www.omarsspa.it\/\/wp-content\/uploads\/2018\/02\/027-110T.pdf\" title=\"\" target=\"\" style=\"color:;background-color:#d92e1f;\" class=\"btn cqbtn-1\"><span class=\"txt\">D\u00e9chargez la fiche t\u00e9chnique<\/span><span class=\"round\"><i style=\"margin-top:-9px;margin-left:-9px;\" class=\"fa fa-info\"><\/i><\/span><\/a><\/div><\/div><\/div>[vc_empty_space height=\u00bb20px\u00bb][\/vc_column][vc_column width=\u00bb1\/3&#8243; offset=\u00bbvc_hidden-xs\u00bb][vc_masonry_grid post_type=\u00bbpixad-autos\u00bb max_items=\u00bb4&#8243; element_width=\u00bb6&#8243; gap=\u00bb0&#8243; item=\u00bb5903&#8243; grid_id=\u00bbvc_gid:1539771587176-71783739-95e2-3&#8243; taxonomies=\u00bb256&#8243;]<div class=\"cq-buttoncontainer  \"><div class=\"animatetype-1\"><div><a href=\"http:\/\/www.omarsspa.it\/\/allestimenti\/?equipment=forcone-omars-110t\" title=\"\" target=\"\" style=\"color:;background-color:#d92e1f;\" class=\"btn cqbtn-1\"><span class=\"txt\">Equipos relativos<\/span><span class=\"round\"><i style=\"margin-top:-9px;margin-left:-9px;\" class=\"fa fa-arrow-right\"><\/i><\/span><\/a><\/div><\/div><\/div>[vc_empty_space height=\u00bb20px\u00bb][\/vc_column][\/vc_row][vc_row css=\u00bb.vc_custom_1521815514493{margin-top: 30px !important;margin-bottom: 30px !important;}\u00bb][vc_column width=\u00bb2\/3&#8243;]<div style=\"height:px;margin:0 0 35px 0;\" class=\"cq-imgwitharrow-container cq-imagewitharrow-smallround right \" data-color=\"#ffffff\" data-background=\"#c1c1c1\" data-captionalign=\"right\" data-arrowtop=\"45%\" data-arrowleft=\"45%\" data-fontsize1=\"\" data-iwidth=\"50%\" data-iheight=\"100%\" data-twidth=\"50%\" data-theight=\"100%\" data-arrowsize=\"large\"><div class=\"cq-imgwitharrow-photo\" data-url=\"https:\/\/www.omarsspa.it\/wp-content\/uploads\/2017\/10\/MB-AROCS-4152-8x8-120T-72.jpg\" style=\"width:50%;height:100%;\"><\/div><div class=\"cq-imgwitharrow-box\" style=\"width:50%;height:100%;\"><div class=\"cq-imgwitharrow-content\"><p class=\"cq-content\">\n                        <\/p>\n<h3 class=\"vc_custom_heading\">Cami\u00f3n de auxilio 120 T OMARS RECOVERY<\/h3>\n<p>Lo mejor de lo mejor que no tiene miedo de comparaciones para la asistencia en carretera de todos los camiones.\n                      <\/p><\/div>\n                      <div class=\"cq-arrowborder-container\">\n                            <div class=\"cq-arrowborder1\"><\/div>\n                            <div class=\"cq-arrowborder2\"><\/div>\n                            <div class=\"cq-arrowborder3\"><\/div>\n                          <\/div><\/div><\/div><div class=\"cq-buttoncontainer  \"><div class=\"animatetype-1\"><div><a href=\"http:\/\/www.omarsspa.it\/\/wp-content\/uploads\/2018\/02\/028-120T.pdf\" title=\"\" target=\"\" style=\"color:;background-color:#d92e1f;\" class=\"btn cqbtn-1\"><span class=\"txt\">Descargue la ficha t\u00e9cnica<\/span><span class=\"round\"><i style=\"margin-top:-9px;margin-left:-9px;\" class=\"fa fa-info\"><\/i><\/span><\/a><\/div><\/div><\/div>[vc_empty_space height=\u00bb20px\u00bb][\/vc_column][vc_column width=\u00bb1\/3&#8243; offset=\u00bbvc_hidden-xs\u00bb][vc_masonry_grid post_type=\u00bbpixad-autos\u00bb max_items=\u00bb4&#8243; element_width=\u00bb6&#8243; gap=\u00bb0&#8243; item=\u00bb5903&#8243; grid_id=\u00bbvc_gid:1539771587178-e60ed7c5-4a40-3&#8243; taxonomies=\u00bb262&#8243;]<div class=\"cq-buttoncontainer  \"><div class=\"animatetype-1\"><div><a href=\"http:\/\/www.omarsspa.it\/\/allestimenti\/?equipment=forcone-omars-120t\" title=\"\" target=\"\" style=\"color:;background-color:#d92e1f;\" class=\"btn cqbtn-1\"><span class=\"txt\">Equipos relativos<\/span><span class=\"round\"><i style=\"margin-top:-9px;margin-left:-9px;\" class=\"fa fa-arrow-right\"><\/i><\/span><\/a><\/div><\/div><\/div>[vc_empty_space height=\u00bb20px\u00bb][\/vc_column][\/vc_row][vc_row css=\u00bb.vc_custom_1521815540254{margin-top: 30px !important;margin-bottom: 30px !important;}\u00bb][vc_column width=\u00bb2\/3&#8243;]<div style=\"height:px;margin:0 0 35px 0;\" class=\"cq-imgwitharrow-container cq-imagewitharrow-smallround right \" data-color=\"#bcbcbc\" data-background=\"#e8e8e8\" data-captionalign=\"right\" data-arrowtop=\"45%\" data-arrowleft=\"45%\" data-fontsize1=\"\" data-iwidth=\"50%\" data-iheight=\"100%\" data-twidth=\"50%\" data-theight=\"100%\" data-arrowsize=\"large\"><div class=\"cq-imgwitharrow-photo\" data-url=\"https:\/\/www.omarsspa.it\/wp-content\/uploads\/2017\/10\/SCANIA-G490-8X4-60TR110T-11.jpg\" style=\"width:50%;height:100%;\"><\/div><div class=\"cq-imgwitharrow-box\" style=\"width:50%;height:100%;\"><div class=\"cq-imgwitharrow-content\"><p class=\"cq-content\">\n                        <\/p>\n<h3 class=\"vc_custom_heading\">Cami\u00f3n de auxilio 60TR + 110T OMARS RECOVERY ROTATOR<\/h3>\n<p>El modelo de entrada en el mundo de los ROTATOR. Ofrece la posibilidad de recuperar los veh\u00edculos da\u00f1ados en cada condici\u00f3n.\n                      <\/p><\/div>\n                      <div class=\"cq-arrowborder-container\">\n                            <div class=\"cq-arrowborder1\"><\/div>\n                            <div class=\"cq-arrowborder2\"><\/div>\n                            <div class=\"cq-arrowborder3\"><\/div>\n                          <\/div><\/div><\/div><div class=\"cq-buttoncontainer  \"><div class=\"animatetype-1\"><div><a href=\"http:\/\/www.omarsspa.it\/\/wp-content\/uploads\/2018\/02\/029-60TR110T.pdf\" title=\"\" target=\"\" style=\"color:;background-color:#d92e1f;\" class=\"btn cqbtn-1\"><span class=\"txt\">Descargue la ficha t\u00e9cnica<\/span><span class=\"round\"><i style=\"margin-top:-9px;margin-left:-9px;\" class=\"fa fa-info\"><\/i><\/span><\/a><\/div><\/div><\/div>[vc_empty_space height=\u00bb20px\u00bb][\/vc_column][vc_column width=\u00bb1\/3&#8243; offset=\u00bbvc_hidden-xs\u00bb][vc_masonry_grid post_type=\u00bbpixad-autos\u00bb max_items=\u00bb4&#8243; element_width=\u00bb6&#8243; gap=\u00bb0&#8243; item=\u00bb5903&#8243; grid_id=\u00bbvc_gid:1539771587178-604198c5-6894-2&#8243; taxonomies=\u00bb258&#8243;]<div class=\"cq-buttoncontainer  \"><div class=\"animatetype-1\"><div><a href=\"http:\/\/www.omarsspa.it\/\/allestimenti\/?equipment=forcone-omars-60tr110t\" title=\"\" target=\"\" style=\"color:;background-color:#d92e1f;\" class=\"btn cqbtn-1\"><span class=\"txt\">Equipos relativos<\/span><span class=\"round\"><i style=\"margin-top:-9px;margin-left:-9px;\" class=\"fa fa-arrow-right\"><\/i><\/span><\/a><\/div><\/div><\/div>[vc_empty_space height=\u00bb20px\u00bb][\/vc_column][\/vc_row][vc_row css=\u00bb.vc_custom_1521815573985{margin-top: 30px !important;margin-bottom: 30px !important;}\u00bb][vc_column width=\u00bb2\/3&#8243;]<div style=\"height:px;margin:0 0 35px 0;\" class=\"cq-imgwitharrow-container cq-imagewitharrow-smallround right \" data-color=\"#ffffff\" data-background=\"#c1c1c1\" data-captionalign=\"right\" data-arrowtop=\"45%\" data-arrowleft=\"45%\" data-fontsize1=\"\" data-iwidth=\"50%\" data-iheight=\"100%\" data-twidth=\"50%\" data-theight=\"100%\" data-arrowsize=\"large\"><div class=\"cq-imgwitharrow-photo\" data-url=\"https:\/\/www.omarsspa.it\/wp-content\/uploads\/2017\/10\/100TR110T-TRIAL-64.jpg\" style=\"width:50%;height:100%;\"><\/div><div class=\"cq-imgwitharrow-box\" style=\"width:50%;height:100%;\"><div class=\"cq-imgwitharrow-content\"><p class=\"cq-content\">\n                        <\/p>\n<h3 class=\"vc_custom_heading\">Cami\u00f3n de auxilio 100TR + 110T OMARS RECOVERY ROTATOR<\/h3>\n<p>El Rotator m\u00e1s eficiente planificado para las situaciones m\u00e1s dif\u00edciles en la asistencia en carretera.\n                      <\/p><\/div>\n                      <div class=\"cq-arrowborder-container\">\n                            <div class=\"cq-arrowborder1\"><\/div>\n                            <div class=\"cq-arrowborder2\"><\/div>\n                            <div class=\"cq-arrowborder3\"><\/div>\n                          <\/div><\/div><\/div><div class=\"cq-buttoncontainer  \"><div class=\"animatetype-1\"><div><a href=\"http:\/\/www.omarsspa.it\/wp-content\/uploads\/2018\/10\/scheda-100TR_110T.pdf\" title=\"\" target=\"\" style=\"color:;background-color:#d92e1f;\" class=\"btn cqbtn-1\"><span class=\"txt\">Descargue la ficha t\u00e9cnica<\/span><span class=\"round\"><i style=\"margin-top:-9px;margin-left:-9px;\" class=\"fa fa-info\"><\/i><\/span><\/a><\/div><\/div><\/div>[vc_empty_space height=\u00bb20px\u00bb][\/vc_column][vc_column width=\u00bb1\/3&#8243; offset=\u00bbvc_hidden-xs\u00bb][vc_masonry_grid post_type=\u00bbpixad-autos\u00bb max_items=\u00bb4&#8243; element_width=\u00bb6&#8243; gap=\u00bb0&#8243; item=\u00bb5903&#8243; grid_id=\u00bbvc_gid:1539771587180-ebfe960d-25a3-7&#8243; taxonomies=\u00bb260&#8243;]<div class=\"cq-buttoncontainer  \"><div class=\"animatetype-1\"><div><a href=\"\" title=\"\" target=\"\" style=\"color:;background-color:#d92e1f;\" class=\"btn cqbtn-1\"><span class=\"txt\">Equipos relativos<\/span><span class=\"round\"><i style=\"margin-top:-9px;margin-left:-9px;\" class=\"fa fa-arrow-right\"><\/i><\/span><\/a><\/div><\/div><\/div>[vc_empty_space height=\u00bb20px\u00bb][\/vc_column][\/vc_row][vc_row css=\u00bb.vc_custom_1521815621285{margin-top: 30px !important;margin-bottom: 30px !important;}\u00bb][vc_column width=\u00bb2\/3&#8243;]<div style=\"height:px;margin:0 0 35px 0;\" class=\"cq-imgwitharrow-container cq-imagewitharrow-smallround right \" data-color=\"#bcbcbc\" data-background=\"#e8e8e8\" data-captionalign=\"right\" data-arrowtop=\"45%\" data-arrowleft=\"45%\" data-fontsize1=\"\" data-iwidth=\"50%\" data-iheight=\"100%\" data-twidth=\"50%\" data-theight=\"100%\" data-arrowsize=\"large\"><div class=\"cq-imgwitharrow-photo\" data-url=\"https:\/\/www.omarsspa.it\/wp-content\/uploads\/2017\/10\/140TR110T.jpg\" style=\"width:50%;height:100%;\"><\/div><div class=\"cq-imgwitharrow-box\" style=\"width:50%;height:100%;\"><div class=\"cq-imgwitharrow-content\"><p class=\"cq-content\">\n                        <\/p>\n<h3 class=\"vc_custom_heading\">Cam\u00edon de auxilio 140 TR + 110T OMARS RECOVERY ROTATOR<\/h3>\n<p>La structura suya fue dibujada para trabajar en condiciones muy dif\u00edciles de la asistencia en carretera de los camiones.\n                      <\/p><\/div>\n                      <div class=\"cq-arrowborder-container\">\n                            <div class=\"cq-arrowborder1\"><\/div>\n                            <div class=\"cq-arrowborder2\"><\/div>\n                            <div class=\"cq-arrowborder3\"><\/div>\n                          <\/div><\/div><\/div><div class=\"cq-buttoncontainer  \"><div class=\"animatetype-1\"><div><a href=\"http:\/\/www.omarsspa.it\/\/wp-content\/uploads\/2018\/02\/438-029-140TR-110T.pdf\" title=\"\" target=\"\" style=\"color:;background-color:#d92e1f;\" class=\"btn cqbtn-1\"><span class=\"txt\">Descargue la ficha t\u00e9cnica<\/span><span class=\"round\"><i style=\"margin-top:-9px;margin-left:-9px;\" class=\"fa fa-info\"><\/i><\/span><\/a><\/div><\/div><\/div>[vc_empty_space height=\u00bb20px\u00bb][\/vc_column][vc_column width=\u00bb1\/3&#8243; offset=\u00bbvc_hidden-xs\u00bb][vc_masonry_grid post_type=\u00bbpixad-autos\u00bb max_items=\u00bb4&#8243; element_width=\u00bb6&#8243; gap=\u00bb0&#8243; item=\u00bb5903&#8243; grid_id=\u00bbvc_gid:1539771587185-4040c6a0-e79d-10&#8243; taxonomies=\u00bb263&#8243;]<div class=\"cq-buttoncontainer  \"><div class=\"animatetype-1\"><div><a href=\"http:\/\/www.omarsspa.it\/\/allestimenti\/?equipment=forcone-omars-140t\" title=\"\" target=\"\" style=\"color:;background-color:#d92e1f;\" class=\"btn cqbtn-1\"><span class=\"txt\">Equipos relativos<\/span><span class=\"round\"><i style=\"margin-top:-9px;margin-left:-9px;\" class=\"fa fa-arrow-right\"><\/i><\/span><\/a><\/div><\/div><\/div>[vc_empty_space height=\u00bb20px\u00bb][\/vc_column][\/vc_row]<\/p>\n<\/div>","protected":false},"excerpt":{"rendered":"<p>[vc_row][vc_column][block_title title=\u00bbCAMIONES DE AUXILIO\u00bb]EL MEJOR AYUDANTE PARA LA ASISTENCIA EN CARRETERA DE LOS CAMIONES.[\/block_title][vc_column_text css=\u00bb.vc_custom_1506528191929{margin-top: -50px !important;}\u00bb][\/vc_column_text][vc_row_inner][vc_column_inner width=\u00bb1\/3&#8243;][vc_custom_heading text=\u00bbModelos\u00bb font_container=\u00bbtag:h5|font_size:20|text_align:left|color:%23dd3333&#8243; google_fonts=\u00bbfont_family:Raleway%3A100%2C200%2C300%2Cregular%2C500%2C600%2C700%2C800%2C900|font_style:600%20bold%20regular%3A600%3Anormal\u00bb][vc_raw_html css=\u00bb.vc_custom_1506528018269{margin-top: 20px !important;margin-bottom: 0px !important;}\u00bb]JTNDZGl2JTIwY2xhc3MlM0QlMjJkZWNvci0xJTIyJTNFJTNDJTJGZGl2JTNF[\/vc_raw_html][vc_column_text]Una amplia variedad de modelos capaz de satisfacer cada diferente exigencia para la asistencia en carretera.[\/vc_column_text][\/vc_column_inner][vc_column_inner width=\u00bb1\/3&#8243;][\/vc_column_inner][vc_column_inner width=\u00bb1\/3&#8243;][vc_custom_heading text=\u00bbEquipos relativos\u00bb font_container=\u00bbtag:h5|font_size:20|text_align:left|color:%23dd3333&#8243; google_fonts=\u00bbfont_family:Raleway%3A100%2C200%2C300%2Cregular%2C500%2C600%2C700%2C800%2C900|font_style:600%20bold%20regular%3A600%3Anormal\u00bb][vc_raw_html css=\u00bb.vc_custom_1506528018269{margin-top: 20px !important;margin-bottom: 0px !important;}\u00bb]JTNDZGl2JTIwY2xhc3MlM0QlMjJkZWNvci0xJTIyJTNFJTNDJTJGZGl2JTNF[\/vc_raw_html][vc_column_text]Mire los \u00faltimos equipos [&hellip;]<\/p>\n","protected":false},"author":3,"featured_media":0,"parent":0,"menu_order":12,"comment_status":"open","ping_status":"closed","template":"","meta":{"om_disable_all_campaigns":false,"footnotes":""},"class_list":["post-9333","page","type-page","status-publish","hentry"],"_links":{"self":[{"href":"https:\/\/www.omarsspa.it\/es\/wp-json\/wp\/v2\/pages\/9333","targetHints":{"allow":["GET"]}}],"collection":[{"href":"https:\/\/www.omarsspa.it\/es\/wp-json\/wp\/v2\/pages"}],"about":[{"href":"https:\/\/www.omarsspa.it\/es\/wp-json\/wp\/v2\/types\/page"}],"author":[{"embeddable":true,"href":"https:\/\/www.omarsspa.it\/es\/wp-json\/wp\/v2\/users\/3"}],"replies":[{"embeddable":true,"href":"https:\/\/www.omarsspa.it\/es\/wp-json\/wp\/v2\/comments?post=9333"}],"version-history":[{"count":3,"href":"https:\/\/www.omarsspa.it\/es\/wp-json\/wp\/v2\/pages\/9333\/revisions"}],"predecessor-version":[{"id":11921,"href":"https:\/\/www.omarsspa.it\/es\/wp-json\/wp\/v2\/pages\/9333\/revisions\/11921"}],"wp:attachment":[{"href":"https:\/\/www.omarsspa.it\/es\/wp-json\/wp\/v2\/media?parent=9333"}],"curies":[{"name":"wp","href":"https:\/\/api.w.org\/{rel}","templated":true}]}}