{"id":9278,"date":"2018-03-26T16:03:01","date_gmt":"2018-03-26T14:03:01","guid":{"rendered":"http:\/\/lnx.omarsspa.it\/?page_id=9278\/"},"modified":"2018-03-26T16:04:20","modified_gmt":"2018-03-26T14:04:20","slug":"empresa","status":"publish","type":"page","link":"https:\/\/www.omarsspa.it\/es\/empresa\/","title":{"rendered":"EMPRESA"},"content":{"rendered":"<div class=\"wpb-content-wrapper\"><p>[vc_row][vc_column][block_title title=\u00bbOMARS\u00bb]UNA HISTORIA QUE DESAFIA EL TIEMPO[\/block_title][vc_empty_space height=\u00bb40px\u00bb][vc_row_inner css=\u00bb.vc_custom_1506701827880{margin-top: -50px !important;}\u00bb][vc_column_inner width=\u00bb2\/3&#8243;][vc_single_image image=\u00bb8400&#8243; img_size=\u00bbfull\u00bb][\/vc_column_inner][vc_column_inner width=\u00bb1\/3&#8243;][vc_column_text]Actualmente nosotros trabajamos en una <strong>estructura cubierta de 12.000m2<\/strong> que nos permite de trabajar al mismo tiempo sobre muchos veh\u00edculos y de almacenar diferentes tipos de equipos listos para la entrega.<br \/>\nNosotros <strong>satisfacemos las diferentes exigencias en relaci\u00f3n con la asistencia en carretera y el transporte veh\u00edculos hasta tres coches<\/strong>. Nuestro estudio t\u00e9cnico utiliza la tecnolog\u00eda CAD y est\u00e1 en constante b\u00fasqueda y experimentaci\u00f3n de nuevos materiales.<br \/>\nPara obtener alta calidad y atenci\u00f3n a los acabados nosotros utlizamos <strong>cabinas de pintura y secado<\/strong> y una <strong>instalaci\u00f3n autom\u00e1tica de chorreo con arena<\/strong> que nos dejan excelentes resultados en lo que concierne el anticorrosivo.<br \/>\nAdem\u00e1s, parte de nuestros equipos presentan <strong>un tratamiento de galvanizaci\u00f3n en caliente para optimizar la durabilidad.<\/strong><br \/>\nLas <strong>plataformas<\/strong> est\u00e1n disponibles de acero o de aluminio de alta resistencia, las <strong>carrocer\u00edas<\/strong> y los <strong>cajones laterales<\/strong> est\u00e1n de aluminio o de pl\u00e1stico ABS.[\/vc_column_text][\/vc_column_inner][\/vc_row_inner][vc_column_text]<div class=\"center-content\"><div class=\"decor-2\"><i class=\"icon fa fa-caret-down\"><\/i><\/div><\/div>\n            <div class=\"center-content\"><h2 class=\"ui-title-inner\">OMARS S.P.A., SOBRE EL MERCATO DESDE HACE M\u00c1S DE 45 A\u00d1OS<\/h2><\/div>\n            <div class=\"center-content\"><div class=\"decor-1\"><\/div><\/div>[\/vc_column_text][\/vc_column][\/vc_row][vc_row][vc_column]<div class=\"cq-draggable-container \" data-draggingbarbgcolor=\"rgba(0, 0, 0, 0.5)\" data-defaultbarbgcolor=\"#d92e1f\" data-avatarstyle=\"icon\" data-activeiconcolor=\"\" data-autoplay=\"no\" data-autoplayspeed=\"\" data-labelcolor=\"#333333\" data-dragbuttonwidth=\"7px\" data-contaienrwidth=\"100%\"><div class=\"cq-draggable-slider\"><div class=\"cq-draggable-stripe\"><div class=\"cq-draggable-handle\"><div class=\"cq-infobox gray\"><div class=\"cq-titlecontainer\"><\/div><div class=\"cq-innerbox\"><div class=\"cq-carouselcontainer\"><div class=\"cq-carouselcontent\">\n<p><img loading=\"lazy\" decoding=\"async\" class=\"alignnone size-medium wp-image-8287\" src=\"http:\/\/www.omarsspa.it\/wp-content\/uploads\/2017\/09\/OMArS_Timeline_1972-300x215-300x215.jpeg\" alt=\"\" width=\"300\" height=\"215\" srcset=\"https:\/\/www.omarsspa.it\/wp-content\/uploads\/2017\/09\/OMArS_Timeline_1972-300x215.jpeg 300w, https:\/\/www.omarsspa.it\/wp-content\/uploads\/2017\/09\/OMArS_Timeline_1972-300x215-92x66.jpeg 92w, https:\/\/www.omarsspa.it\/wp-content\/uploads\/2017\/09\/OMArS_Timeline_1972-300x215-181x130.jpeg 181w\" sizes=\"auto, (max-width: 300px) 100vw, 300px\" \/><\/p>\n<p>En el a\u00f1o 1972 naci\u00f3 en Cuneo la empresa ANDREIS Renato que trabaja en la mec\u00e1nica y en el sector de l&#8217;asistencia en carretera.<\/p>\n\n<\/div><div class=\"cq-carouselcontent\">\n<p><img loading=\"lazy\" decoding=\"async\" class=\"alignnone size-medium wp-image-8293\" src=\"http:\/\/www.omarsspa.it\/wp-content\/uploads\/2017\/10\/OMArS_Timeline_1975-300x215-300x215.jpeg\" alt=\"\" width=\"300\" height=\"215\" srcset=\"https:\/\/www.omarsspa.it\/wp-content\/uploads\/2017\/10\/OMArS_Timeline_1975-300x215.jpeg 300w, https:\/\/www.omarsspa.it\/wp-content\/uploads\/2017\/10\/OMArS_Timeline_1975-300x215-92x66.jpeg 92w, https:\/\/www.omarsspa.it\/wp-content\/uploads\/2017\/10\/OMArS_Timeline_1975-300x215-181x130.jpeg 181w\" sizes=\"auto, (max-width: 300px) 100vw, 300px\" \/><\/p>\n<p>Desde hace el a\u00f1o 1975 la empresa ANDREIS Renato se especializa en la asistencia en carretera y en el transporte de coches y veh\u00edculos en g\u00e9n\u00e9ral.<\/p>\n\n<\/div><div class=\"cq-carouselcontent\">\n<p><img loading=\"lazy\" decoding=\"async\" class=\"alignnone size-full wp-image-9077\" src=\"http:\/\/www.omarsspa.it\/wp-content\/uploads\/2017\/09\/OMArS_Timeline_1981a-300x215-1.jpeg\" alt=\"\" width=\"300\" height=\"215\" srcset=\"https:\/\/www.omarsspa.it\/wp-content\/uploads\/2017\/09\/OMArS_Timeline_1981a-300x215-1.jpeg 300w, https:\/\/www.omarsspa.it\/wp-content\/uploads\/2017\/09\/OMArS_Timeline_1981a-300x215-1-92x66.jpeg 92w, https:\/\/www.omarsspa.it\/wp-content\/uploads\/2017\/09\/OMArS_Timeline_1981a-300x215-1-181x130.jpeg 181w\" sizes=\"auto, (max-width: 300px) 100vw, 300px\" \/><\/p>\n<p>En el a\u00f1o 1981 la empresa se volvi\u00f3 OMArS y se movi\u00f3 en un cobertizo con tama\u00f1os industriales a las puertas de Cuneo.<\/p>\n\n<\/div><div class=\"cq-carouselcontent\">\n<p><img loading=\"lazy\" decoding=\"async\" class=\"alignnone size-medium wp-image-8314\" src=\"http:\/\/www.omarsspa.it\/wp-content\/uploads\/2017\/09\/OMArS_Timeline_1992b-300x215-300x215.jpeg\" alt=\"\" width=\"300\" height=\"215\" srcset=\"https:\/\/www.omarsspa.it\/wp-content\/uploads\/2017\/09\/OMArS_Timeline_1992b-300x215.jpeg 300w, https:\/\/www.omarsspa.it\/wp-content\/uploads\/2017\/09\/OMArS_Timeline_1992b-300x215-92x66.jpeg 92w, https:\/\/www.omarsspa.it\/wp-content\/uploads\/2017\/09\/OMArS_Timeline_1992b-300x215-181x130.jpeg 181w\" sizes=\"auto, (max-width: 300px) 100vw, 300px\" \/><\/p>\n<p>Con el nuevo cobertizo de 12.000m2 la empresa OMArS S.p.A. ampl\u00eda los espacios productivos y mira a lo lejos.<\/p>\n\n<\/div><div class=\"cq-carouselcontent\"><img loading=\"lazy\" decoding=\"async\" class=\"alignnone size-medium wp-image-8312\" src=\"http:\/\/www.omarsspa.it\/wp-content\/uploads\/2017\/09\/1998_01-300x225-300x225.jpg\" alt=\"\" width=\"300\" height=\"225\" srcset=\"https:\/\/www.omarsspa.it\/wp-content\/uploads\/2017\/09\/1998_01-300x225.jpg 300w, https:\/\/www.omarsspa.it\/wp-content\/uploads\/2017\/09\/1998_01-300x225-88x66.jpg 88w, https:\/\/www.omarsspa.it\/wp-content\/uploads\/2017\/09\/1998_01-300x225-173x130.jpg 173w\" sizes=\"auto, (max-width: 300px) 100vw, 300px\" \/><br \/>\nAmpliaci\u00f3n de la empresa Hartmann GmbH en Alemania con nueva sede y nuevas oficinas.\n<\/div><div class=\"cq-carouselcontent\">\n<p><img loading=\"lazy\" decoding=\"async\" class=\"alignnone size-medium wp-image-8315\" src=\"http:\/\/www.omarsspa.it\/wp-content\/uploads\/2017\/09\/OMArS_Timeline_1999-1-300x215-300x215.jpeg\" alt=\"\" width=\"300\" height=\"215\" srcset=\"https:\/\/www.omarsspa.it\/wp-content\/uploads\/2017\/09\/OMArS_Timeline_1999-1-300x215.jpeg 300w, https:\/\/www.omarsspa.it\/wp-content\/uploads\/2017\/09\/OMArS_Timeline_1999-1-300x215-92x66.jpeg 92w, https:\/\/www.omarsspa.it\/wp-content\/uploads\/2017\/09\/OMArS_Timeline_1999-1-300x215-181x130.jpeg 181w\" sizes=\"auto, (max-width: 300px) 100vw, 300px\" \/><\/p>\n<p>Mirando al nuevo milenio se inserta la nueva variedad plataformas de la serie 3\/4\/6.2000 que se volver\u00e1n futuro Best Seller de la empresa OMArS S.p.A. hasta ahora.<\/p>\n\n<\/div><div class=\"cq-carouselcontent\">\n<p><img loading=\"lazy\" decoding=\"async\" class=\"alignnone size-medium wp-image-8316\" src=\"http:\/\/www.omarsspa.it\/wp-content\/uploads\/2017\/09\/OMArS_Timeline_2004-300x215-300x215.jpeg\" alt=\"\" width=\"300\" height=\"215\" srcset=\"https:\/\/www.omarsspa.it\/wp-content\/uploads\/2017\/09\/OMArS_Timeline_2004-300x215.jpeg 300w, https:\/\/www.omarsspa.it\/wp-content\/uploads\/2017\/09\/OMArS_Timeline_2004-300x215-92x66.jpeg 92w, https:\/\/www.omarsspa.it\/wp-content\/uploads\/2017\/09\/OMArS_Timeline_2004-300x215-181x130.jpeg 181w\" sizes=\"auto, (max-width: 300px) 100vw, 300px\" \/><\/p>\n<p>Nueva variedad camiones de auxilio modelos 110T y 120T para satisfacer todas las exigencias de la asistencia en carretera de los camiones.<\/p>\n\n<\/div><div class=\"cq-carouselcontent\">\n<p><img loading=\"lazy\" decoding=\"async\" class=\"alignnone size-medium wp-image-8317\" src=\"http:\/\/www.omarsspa.it\/wp-content\/uploads\/2017\/09\/OMArS_Timeline_2007b-300x215-300x215.jpeg\" alt=\"\" width=\"300\" height=\"215\" srcset=\"https:\/\/www.omarsspa.it\/wp-content\/uploads\/2017\/09\/OMArS_Timeline_2007b-300x215.jpeg 300w, https:\/\/www.omarsspa.it\/wp-content\/uploads\/2017\/09\/OMArS_Timeline_2007b-300x215-92x66.jpeg 92w, https:\/\/www.omarsspa.it\/wp-content\/uploads\/2017\/09\/OMArS_Timeline_2007b-300x215-181x130.jpeg 181w\" sizes=\"auto, (max-width: 300px) 100vw, 300px\" \/><\/p>\n<p>El en a\u00f1o 2007, en un momento de volumen de negocios muy importante para la empresa OMArS S.p.A., se comenz\u00f3 el nuevo cobertizo de 6.000m2 en Beinette.<\/p>\n\n<\/div><div class=\"cq-carouselcontent\">\n<p><img loading=\"lazy\" decoding=\"async\" class=\"alignnone size-medium wp-image-8318\" src=\"http:\/\/www.omarsspa.it\/wp-content\/uploads\/2017\/09\/OMArS_Timeline_2008-300x215-300x215.jpeg\" alt=\"\" width=\"300\" height=\"215\" srcset=\"https:\/\/www.omarsspa.it\/wp-content\/uploads\/2017\/09\/OMArS_Timeline_2008-300x215.jpeg 300w, https:\/\/www.omarsspa.it\/wp-content\/uploads\/2017\/09\/OMArS_Timeline_2008-300x215-92x66.jpeg 92w, https:\/\/www.omarsspa.it\/wp-content\/uploads\/2017\/09\/OMArS_Timeline_2008-300x215-181x130.jpeg 181w\" sizes=\"auto, (max-width: 300px) 100vw, 300px\" \/><\/p>\n<p>Los a\u00f1os a partir de 2008 marcan un momento importante para la empresa OMArS S.p.A. Empiezan los estudios y la producci\u00f3n de equipos por pick-up c\u00f3mo Isuzu.<\/p>\n\n<\/div><div class=\"cq-carouselcontent\">\n<p><img loading=\"lazy\" decoding=\"async\" class=\"alignnone size-medium wp-image-8319\" src=\"http:\/\/www.omarsspa.it\/wp-content\/uploads\/2017\/09\/OMArS_Timeline_2010a-300x215-300x215.jpeg\" alt=\"\" width=\"300\" height=\"215\" srcset=\"https:\/\/www.omarsspa.it\/wp-content\/uploads\/2017\/09\/OMArS_Timeline_2010a-300x215.jpeg 300w, https:\/\/www.omarsspa.it\/wp-content\/uploads\/2017\/09\/OMArS_Timeline_2010a-300x215-92x66.jpeg 92w, https:\/\/www.omarsspa.it\/wp-content\/uploads\/2017\/09\/OMArS_Timeline_2010a-300x215-181x130.jpeg 181w\" sizes=\"auto, (max-width: 300px) 100vw, 300px\" \/><\/p>\n<p>Variedad Camiones de auxilio y ROTATOR se desarrollan constantemente con el estudio de nueva geometr\u00eda y nuevos estabilizadores posteriores y delanteros dando siempre m\u00e1s en el marco.<\/p>\n\n<\/div><div class=\"cq-carouselcontent\">\n<p><img loading=\"lazy\" decoding=\"async\" class=\"alignnone size-full wp-image-9106\" src=\"http:\/\/www.omarsspa.it\/wp-content\/uploads\/2017\/09\/storia_omars_2015.jpg\" alt=\"\" width=\"300\" height=\"199\" srcset=\"https:\/\/www.omarsspa.it\/wp-content\/uploads\/2017\/09\/storia_omars_2015.jpg 300w, https:\/\/www.omarsspa.it\/wp-content\/uploads\/2017\/09\/storia_omars_2015-99x66.jpg 99w, https:\/\/www.omarsspa.it\/wp-content\/uploads\/2017\/09\/storia_omars_2015-196x130.jpg 196w\" sizes=\"auto, (max-width: 300px) 100vw, 300px\" \/><\/p>\n<p>\u00daltima evoluci\u00f3n generacional de la variedad Camiones de auxilio y ROTATOR: los veh\u00edculos de asistencia en carretera por excelencia.<\/p>\n\n<\/div><div class=\"cq-carouselcontent\">\n<p><img loading=\"lazy\" decoding=\"async\" class=\"alignnone size-medium wp-image-8321\" src=\"http:\/\/www.omarsspa.it\/wp-content\/uploads\/2017\/09\/OMArS_Timeline_oggi-300x215-300x215.jpeg\" alt=\"\" width=\"300\" height=\"215\" srcset=\"https:\/\/www.omarsspa.it\/wp-content\/uploads\/2017\/09\/OMArS_Timeline_oggi-300x215.jpeg 300w, https:\/\/www.omarsspa.it\/wp-content\/uploads\/2017\/09\/OMArS_Timeline_oggi-300x215-92x66.jpeg 92w, https:\/\/www.omarsspa.it\/wp-content\/uploads\/2017\/09\/OMArS_Timeline_oggi-300x215-181x130.jpeg 181w\" sizes=\"auto, (max-width: 300px) 100vw, 300px\" \/><\/p>\n<p>La empresa OMArS S.p.A. celebra sus primeros 40 a\u00f1os de tradicci\u00f3n y atenci\u00f3n al cliente mirando a lo lejos con nuevas solucciones y ideas.<\/p>\n\n<\/div><div class=\"cq-carouselcontent\">\n<p><img loading=\"lazy\" decoding=\"async\" class=\"alignnone size-full wp-image-9079\" src=\"http:\/\/www.omarsspa.it\/wp-content\/uploads\/2017\/09\/2017.jpg\" alt=\"\" width=\"300\" height=\"199\" srcset=\"https:\/\/www.omarsspa.it\/wp-content\/uploads\/2017\/09\/2017.jpg 300w, https:\/\/www.omarsspa.it\/wp-content\/uploads\/2017\/09\/2017-99x66.jpg 99w, https:\/\/www.omarsspa.it\/wp-content\/uploads\/2017\/09\/2017-196x130.jpg 196w\" sizes=\"auto, (max-width: 300px) 100vw, 300px\" \/><\/p>\n<p>La variedad de equipos est\u00e1 en constante evoluci\u00f3n y la variedad plataformas y camiones de auxilio se actualiza con importantes detalles para la asistencia en carretera.<\/p>\n\n<p><\/div><\/div><\/div><\/div><\/div><\/div><div class=\"cq-barcontainer\"><div class=\"cq-highlight-container icon\"><div class=\"cq-highlight circle\" data-iconbgcolors=\"#D92E1F\"><span class=\"fa fa-1x fa-circle\"><\/span><\/div><span class=\"cq-highlight-label\">1972<\/span><\/div><div class=\"cq-highlight-container icon\"><div class=\"cq-highlight circle\" data-iconbgcolors=\"#D92E1F\"><span class=\"fa fa-1x fa-circle\"><\/span><\/div><span class=\"cq-highlight-label\">1975<\/span><\/div><div class=\"cq-highlight-container icon\"><div class=\"cq-highlight circle\" data-iconbgcolors=\"#D92E1F\"><span class=\"fa fa-1x fa-circle\"><\/span><\/div><span class=\"cq-highlight-label\">1981<\/span><\/div><div class=\"cq-highlight-container icon\"><div class=\"cq-highlight circle\" data-iconbgcolors=\"#D92E1F\"><span class=\"fa fa-1x fa-circle\"><\/span><\/div><span class=\"cq-highlight-label\">1992<\/span><\/div><div class=\"cq-highlight-container icon\"><div class=\"cq-highlight circle\" data-iconbgcolors=\"#D92E1F\"><span class=\"fa fa-1x fa-circle\"><\/span><\/div><span class=\"cq-highlight-label\">1998<\/span><\/div><div class=\"cq-highlight-container icon\"><div class=\"cq-highlight circle\" data-iconbgcolors=\"#D92E1F\"><span class=\"fa fa-1x fa-circle\"><\/span><\/div><span class=\"cq-highlight-label\">1998-1999<\/span><\/div><div class=\"cq-highlight-container icon\"><div class=\"cq-highlight circle\" data-iconbgcolors=\"#D92E1F\"><span class=\"fa fa-1x fa-circle\"><\/span><\/div><span class=\"cq-highlight-label\">2004<\/span><\/div><div class=\"cq-highlight-container icon\"><div class=\"cq-highlight circle\" data-iconbgcolors=\"#D92E1F\"><span class=\"fa fa-1x fa-circle\"><\/span><\/div><span class=\"cq-highlight-label\">2007-2009<\/span><\/div><div class=\"cq-highlight-container icon\"><div class=\"cq-highlight circle\" data-iconbgcolors=\"#D92E1F\"><span class=\"fa fa-1x fa-circle\"><\/span><\/div><span class=\"cq-highlight-label\">2008-2009<\/span><\/div><div class=\"cq-highlight-container icon\"><div class=\"cq-highlight circle\" data-iconbgcolors=\"#D92E1F\"><span class=\"fa fa-1x fa-circle\"><\/span><\/div><span class=\"cq-highlight-label\">2010-2014<\/span><\/div><div class=\"cq-highlight-container icon\"><div class=\"cq-highlight circle\" data-iconbgcolors=\"#D92E1F\"><span class=\"fa fa-1x fa-circle\"><\/span><\/div><span class=\"cq-highlight-label\">2015<\/span><\/div><div class=\"cq-highlight-container icon\"><div class=\"cq-highlight circle\" data-iconbgcolors=\"#D92E1F\"><span class=\"fa fa-1x fa-circle\"><\/span><\/div><span class=\"cq-highlight-label\">2015<\/span><\/div><div class=\"cq-highlight-container icon\"><div class=\"cq-highlight circle\" data-iconbgcolors=\"#D92E1F\"><span class=\"fa fa-1x fa-circle\"><\/span><\/div><span class=\"cq-highlight-label\">2017<\/span><\/div><\/div><\/div><\/div>[\/vc_column][\/vc_row]<\/p>\n<\/div>","protected":false},"excerpt":{"rendered":"<p>[vc_row][vc_column][block_title title=\u00bbOMARS\u00bb]UNA HISTORIA QUE DESAFIA EL TIEMPO[\/block_title][vc_empty_space height=\u00bb40px\u00bb][vc_row_inner css=\u00bb.vc_custom_1506701827880{margin-top: -50px !important;}\u00bb][vc_column_inner width=\u00bb2\/3&#8243;][vc_single_image image=\u00bb8400&#8243; img_size=\u00bbfull\u00bb][\/vc_column_inner][vc_column_inner width=\u00bb1\/3&#8243;][vc_column_text]Actualmente nosotros trabajamos en una estructura cubierta de 12.000m2 que nos permite de trabajar al mismo tiempo sobre muchos veh\u00edculos y de almacenar diferentes tipos de equipos listos para la entrega. Nosotros satisfacemos las diferentes exigencias en relaci\u00f3n con la asistencia [&hellip;]<\/p>\n","protected":false},"author":3,"featured_media":0,"parent":0,"menu_order":13,"comment_status":"closed","ping_status":"open","template":"","meta":{"om_disable_all_campaigns":false,"footnotes":""},"class_list":["post-9278","page","type-page","status-publish","hentry"],"_links":{"self":[{"href":"https:\/\/www.omarsspa.it\/es\/wp-json\/wp\/v2\/pages\/9278","targetHints":{"allow":["GET"]}}],"collection":[{"href":"https:\/\/www.omarsspa.it\/es\/wp-json\/wp\/v2\/pages"}],"about":[{"href":"https:\/\/www.omarsspa.it\/es\/wp-json\/wp\/v2\/types\/page"}],"author":[{"embeddable":true,"href":"https:\/\/www.omarsspa.it\/es\/wp-json\/wp\/v2\/users\/3"}],"replies":[{"embeddable":true,"href":"https:\/\/www.omarsspa.it\/es\/wp-json\/wp\/v2\/comments?post=9278"}],"version-history":[{"count":3,"href":"https:\/\/www.omarsspa.it\/es\/wp-json\/wp\/v2\/pages\/9278\/revisions"}],"predecessor-version":[{"id":9281,"href":"https:\/\/www.omarsspa.it\/es\/wp-json\/wp\/v2\/pages\/9278\/revisions\/9281"}],"wp:attachment":[{"href":"https:\/\/www.omarsspa.it\/es\/wp-json\/wp\/v2\/media?parent=9278"}],"curies":[{"name":"wp","href":"https:\/\/api.w.org\/{rel}","templated":true}]}}