{"id":9299,"date":"2018-03-26T17:21:41","date_gmt":"2018-03-26T15:21:41","guid":{"rendered":"http:\/\/lnx.omarsspa.it\/?page_id=9299\/"},"modified":"2018-10-17T12:19:30","modified_gmt":"2018-10-17T10:19:30","slug":"hubbrillen","status":"publish","type":"page","link":"https:\/\/www.omarsspa.it\/de\/hubbrillen\/","title":{"rendered":"HUBBRILLEN"},"content":{"rendered":"<div class=\"wpb-content-wrapper\"><p>[vc_row][vc_column][block_title title=&#8220;HUBBRILLEN&#8220;]DER BESTE HELFER F\u00dcR DIE HILFE DER LKWS.[\/block_title][vc_column_text css=&#8220;.vc_custom_1506528191929{margin-top: -50px !important;}&#8220;]<div class=\"center-content\"><div class=\"decor-2\"><i class=\"icon fa fa-caret-down\"><\/i><\/div><\/div>[\/vc_column_text][vc_row_inner][vc_column_inner width=&#8220;1\/3&#8243;][vc_custom_heading text=&#8220;Modelle&#8220; font_container=&#8220;tag:h5|font_size:20|text_align:left|color:%23dd3333&#8243; google_fonts=&#8220;font_family:Raleway%3A100%2C200%2C300%2Cregular%2C500%2C600%2C700%2C800%2C900|font_style:600%20bold%20regular%3A600%3Anormal&#8220;][vc_raw_html css=&#8220;.vc_custom_1506528018269{margin-top: 20px !important;margin-bottom: 0px !important;}&#8220;]JTNDZGl2JTIwY2xhc3MlM0QlMjJkZWNvci0xJTIyJTNFJTNDJTJGZGl2JTNF[\/vc_raw_html][vc_column_text]Eine breite Palette der Modelle, um jedes verschiedenes Erfordernis f\u00fcr die Hilfe zu erf\u00fcllen.[\/vc_column_text][\/vc_column_inner][vc_column_inner width=&#8220;1\/3&#8243;][\/vc_column_inner][vc_column_inner width=&#8220;1\/3&#8243;][vc_custom_heading text=&#8220;Entsprechende Aufbauten&#8220; font_container=&#8220;tag:h5|font_size:20|text_align:left|color:%23dd3333&#8243; google_fonts=&#8220;font_family:Raleway%3A100%2C200%2C300%2Cregular%2C500%2C600%2C700%2C800%2C900|font_style:600%20bold%20regular%3A600%3Anormal&#8220;][vc_raw_html css=&#8220;.vc_custom_1506528018269{margin-top: 20px !important;margin-bottom: 0px !important;}&#8220;]JTNDZGl2JTIwY2xhc3MlM0QlMjJkZWNvci0xJTIyJTNFJTNDJTJGZGl2JTNF[\/vc_raw_html][vc_column_text]Sehen Sie die letzte Aufbauten unserer Kunden.[\/vc_column_text][\/vc_column_inner][\/vc_row_inner][\/vc_column][\/vc_row][vc_row css=&#8220;.vc_custom_1521815442096{margin-bottom: 30px !important;}&#8220;][vc_column width=&#8220;2\/3&#8243;]<div style=\"height:px;margin:0 0 35px 0;\" class=\"cq-imgwitharrow-container cq-imagewitharrow-smallround right \" data-color=\"#ffffff\" data-background=\"#c1c1c1\" data-captionalign=\"right\" data-arrowtop=\"45%\" data-arrowleft=\"45%\" data-fontsize1=\"\" data-iwidth=\"50%\" data-iheight=\"100%\" data-twidth=\"50%\" data-theight=\"100%\" data-arrowsize=\"large\"><div class=\"cq-imgwitharrow-photo\" data-url=\"https:\/\/www.omarsspa.it\/wp-content\/uploads\/2017\/09\/RENAULT-PREMIUM-4X2-90T-8.jpg\" style=\"width:50%;height:100%;\"><\/div><div class=\"cq-imgwitharrow-box\" style=\"width:50%;height:100%;\"><div class=\"cq-imgwitharrow-content\"><p class=\"cq-content\">\n                        <\/p>\n<h3 class=\"vc_custom_heading\">P100T Hubbrille OMARS RECOVERY<\/h3>\n<p>Sie ist geeignet f\u00fcr 2 oder 3 Achsfahrzeuge, dank ihrer geringen Gr\u00f6\u00dfe.\n                      <\/p><\/div>\n                      <div class=\"cq-arrowborder-container\">\n                            <div class=\"cq-arrowborder1\"><\/div>\n                            <div class=\"cq-arrowborder2\"><\/div>\n                            <div class=\"cq-arrowborder3\"><\/div>\n                          <\/div><\/div><\/div><div class=\"cq-buttoncontainer  \"><div class=\"animatetype-1\"><div><a href=\"http:\/\/www.omarsspa.it\/wp-content\/uploads\/2018\/05\/002-100-T-1.pdf\" title=\"\" target=\"\" style=\"color:;background-color:#d92e1f;\" class=\"btn cqbtn-1\"><span class=\"txt\">Entladen Sie das Datenblatt.<\/span><span class=\"round\"><i style=\"margin-top:-9px;margin-left:-9px;\" class=\"fa fa-info\"><\/i><\/span><\/a><\/div><\/div><\/div>[vc_empty_space height=&#8220;20px&#8220;][\/vc_column][vc_column width=&#8220;1\/3&#8243; offset=&#8220;vc_hidden-xs&#8220;][vc_masonry_grid post_type=&#8220;pixad-autos&#8220; max_items=&#8220;4&#8243; element_width=&#8220;6&#8243; gap=&#8220;0&#8243; item=&#8220;5903&#8243; grid_id=&#8220;vc_gid:1539771550175-10a14de3-8fdb-1&#8243; taxonomies=&#8220;255&#8243;]<div class=\"cq-buttoncontainer  \"><div class=\"animatetype-1\"><div><a href=\"http:\/\/www.omarsspa.it\/\/allestimenti\/?equipment=forcone-omars-100t\" title=\"\" target=\"\" style=\"color:;background-color:#d92e1f;\" class=\"btn cqbtn-1\"><span class=\"txt\">Sehen Sie alle Aufbauten<\/span><span class=\"round\"><i style=\"margin-top:-9px;margin-left:-9px;\" class=\"fa fa-arrow-right\"><\/i><\/span><\/a><\/div><\/div><\/div>[vc_empty_space height=&#8220;20px&#8220;][\/vc_column][\/vc_row][vc_row css=&#8220;.vc_custom_1521815483889{margin-top: 30px !important;margin-bottom: 30px !important;}&#8220;][vc_column width=&#8220;2\/3&#8243;]<div style=\"height:px;margin:0 0 35px 0;\" class=\"cq-imgwitharrow-container cq-imagewitharrow-smallround right \" data-color=\"#bcbcbc\" data-background=\"#e8e8e8\" data-captionalign=\"right\" data-arrowtop=\"45%\" data-arrowleft=\"45%\" data-fontsize1=\"\" data-iwidth=\"50%\" data-iheight=\"100%\" data-twidth=\"50%\" data-theight=\"100%\" data-arrowsize=\"large\"><div class=\"cq-imgwitharrow-photo\" data-url=\"https:\/\/www.omarsspa.it\/wp-content\/uploads\/2017\/09\/SCANIA-R450-6X4-110T-7.jpg\" style=\"width:50%;height:100%;\"><\/div><div class=\"cq-imgwitharrow-box\" style=\"width:50%;height:100%;\"><div class=\"cq-imgwitharrow-content\"><p class=\"cq-content\">\n                        <\/p>\n<h3 class=\"vc_custom_heading\">110T Hubbrille OMARS RECOVERY<\/h3>\n<p>Geeignet f\u00fcr 3 oder 4 Achsfahrzeuge und f\u00fcr die Hilfe der LKWS.\n                      <\/p><\/div>\n                      <div class=\"cq-arrowborder-container\">\n                            <div class=\"cq-arrowborder1\"><\/div>\n                            <div class=\"cq-arrowborder2\"><\/div>\n                            <div class=\"cq-arrowborder3\"><\/div>\n                          <\/div><\/div><\/div><div class=\"cq-buttoncontainer  \"><div class=\"animatetype-1\"><div><a href=\"http:\/\/www.omarsspa.it\/\/wp-content\/uploads\/2018\/02\/027-110T.pdf\" title=\"\" target=\"\" style=\"color:;background-color:#d92e1f;\" class=\"btn cqbtn-1\"><span class=\"txt\">D\u00e9chargez la fiche t\u00e9chnique<\/span><span class=\"round\"><i style=\"margin-top:-9px;margin-left:-9px;\" class=\"fa fa-info\"><\/i><\/span><\/a><\/div><\/div><\/div>[vc_empty_space height=&#8220;20px&#8220;][\/vc_column][vc_column width=&#8220;1\/3&#8243; offset=&#8220;vc_hidden-xs&#8220;][vc_masonry_grid post_type=&#8220;pixad-autos&#8220; max_items=&#8220;4&#8243; element_width=&#8220;6&#8243; gap=&#8220;0&#8243; item=&#8220;5903&#8243; grid_id=&#8220;vc_gid:1539771550184-74d53244-4e6b-2&#8243; taxonomies=&#8220;256&#8243;]<div class=\"cq-buttoncontainer  \"><div class=\"animatetype-1\"><div><a href=\"http:\/\/www.omarsspa.it\/\/allestimenti\/?equipment=forcone-omars-110t\" title=\"\" target=\"\" style=\"color:;background-color:#d92e1f;\" class=\"btn cqbtn-1\"><span class=\"txt\">Sehen Sie alle Aufbauten<\/span><span class=\"round\"><i style=\"margin-top:-9px;margin-left:-9px;\" class=\"fa fa-arrow-right\"><\/i><\/span><\/a><\/div><\/div><\/div>[vc_empty_space height=&#8220;20px&#8220;][\/vc_column][\/vc_row][vc_row css=&#8220;.vc_custom_1521815514493{margin-top: 30px !important;margin-bottom: 30px !important;}&#8220;][vc_column width=&#8220;2\/3&#8243;]<div style=\"height:px;margin:0 0 35px 0;\" class=\"cq-imgwitharrow-container cq-imagewitharrow-smallround right \" data-color=\"#ffffff\" data-background=\"#c1c1c1\" data-captionalign=\"right\" data-arrowtop=\"45%\" data-arrowleft=\"45%\" data-fontsize1=\"\" data-iwidth=\"50%\" data-iheight=\"100%\" data-twidth=\"50%\" data-theight=\"100%\" data-arrowsize=\"large\"><div class=\"cq-imgwitharrow-photo\" data-url=\"https:\/\/www.omarsspa.it\/wp-content\/uploads\/2017\/10\/MB-AROCS-4152-8x8-120T-72.jpg\" style=\"width:50%;height:100%;\"><\/div><div class=\"cq-imgwitharrow-box\" style=\"width:50%;height:100%;\"><div class=\"cq-imgwitharrow-content\"><p class=\"cq-content\">\n                        <\/p>\n<h3 class=\"vc_custom_heading\">120T Hubbrille OMARS RECOVERY<\/h3>\n<p>Die beste Palette f\u00fcr die Hilfe aller LKWS.\n                      <\/p><\/div>\n                      <div class=\"cq-arrowborder-container\">\n                            <div class=\"cq-arrowborder1\"><\/div>\n                            <div class=\"cq-arrowborder2\"><\/div>\n                            <div class=\"cq-arrowborder3\"><\/div>\n                          <\/div><\/div><\/div><div class=\"cq-buttoncontainer  \"><div class=\"animatetype-1\"><div><a href=\"http:\/\/www.omarsspa.it\/\/wp-content\/uploads\/2018\/02\/028-120T.pdf\" title=\"\" target=\"\" style=\"color:;background-color:#d92e1f;\" class=\"btn cqbtn-1\"><span class=\"txt\">Entladen Sie das Datenblatt.<\/span><span class=\"round\"><i style=\"margin-top:-9px;margin-left:-9px;\" class=\"fa fa-info\"><\/i><\/span><\/a><\/div><\/div><\/div>[vc_empty_space height=&#8220;20px&#8220;][\/vc_column][vc_column width=&#8220;1\/3&#8243; offset=&#8220;vc_hidden-xs&#8220;][vc_masonry_grid post_type=&#8220;pixad-autos&#8220; max_items=&#8220;4&#8243; element_width=&#8220;6&#8243; gap=&#8220;0&#8243; item=&#8220;5903&#8243; grid_id=&#8220;vc_gid:1539771550185-9ee68ad8-6916-2&#8243; taxonomies=&#8220;262&#8243;]<div class=\"cq-buttoncontainer  \"><div class=\"animatetype-1\"><div><a href=\"http:\/\/www.omarsspa.it\/\/allestimenti\/?equipment=forcone-omars-120t\" title=\"\" target=\"\" style=\"color:;background-color:#d92e1f;\" class=\"btn cqbtn-1\"><span class=\"txt\">Sehen Sie alle Aufbauten<\/span><span class=\"round\"><i style=\"margin-top:-9px;margin-left:-9px;\" class=\"fa fa-arrow-right\"><\/i><\/span><\/a><\/div><\/div><\/div>[vc_empty_space height=&#8220;20px&#8220;][\/vc_column][\/vc_row][vc_row css=&#8220;.vc_custom_1521815540254{margin-top: 30px !important;margin-bottom: 30px !important;}&#8220;][vc_column width=&#8220;2\/3&#8243;]<div style=\"height:px;margin:0 0 35px 0;\" class=\"cq-imgwitharrow-container cq-imagewitharrow-smallround right \" data-color=\"#bcbcbc\" data-background=\"#e8e8e8\" data-captionalign=\"right\" data-arrowtop=\"45%\" data-arrowleft=\"45%\" data-fontsize1=\"\" data-iwidth=\"50%\" data-iheight=\"100%\" data-twidth=\"50%\" data-theight=\"100%\" data-arrowsize=\"large\"><div class=\"cq-imgwitharrow-photo\" data-url=\"https:\/\/www.omarsspa.it\/wp-content\/uploads\/2017\/10\/SCANIA-G490-8X4-60TR110T-11.jpg\" style=\"width:50%;height:100%;\"><\/div><div class=\"cq-imgwitharrow-box\" style=\"width:50%;height:100%;\"><div class=\"cq-imgwitharrow-content\"><p class=\"cq-content\">\n                        <\/p>\n<h3 class=\"vc_custom_heading\">60TR+ 110T Hubbrille OMARS RECOVERY ROTATOR<\/h3>\n<p>Das Hauptmodell der Rotatorwelt. Es bietet die Gelegenheit, um die besch\u00e4digte Fahrzeuge unter allen Bedingungen zu schleppen.\n                      <\/p><\/div>\n                      <div class=\"cq-arrowborder-container\">\n                            <div class=\"cq-arrowborder1\"><\/div>\n                            <div class=\"cq-arrowborder2\"><\/div>\n                            <div class=\"cq-arrowborder3\"><\/div>\n                          <\/div><\/div><\/div><div class=\"cq-buttoncontainer  \"><div class=\"animatetype-1\"><div><a href=\"http:\/\/www.omarsspa.it\/\/wp-content\/uploads\/2018\/02\/029-60TR110T.pdf\" title=\"\" target=\"\" style=\"color:;background-color:#d92e1f;\" class=\"btn cqbtn-1\"><span class=\"txt\">Entladen Sie das Datenblatt.<\/span><span class=\"round\"><i style=\"margin-top:-9px;margin-left:-9px;\" class=\"fa fa-info\"><\/i><\/span><\/a><\/div><\/div><\/div>[vc_empty_space height=&#8220;20px&#8220;][\/vc_column][vc_column width=&#8220;1\/3&#8243; offset=&#8220;vc_hidden-xs&#8220;][vc_masonry_grid post_type=&#8220;pixad-autos&#8220; max_items=&#8220;4&#8243; element_width=&#8220;6&#8243; gap=&#8220;0&#8243; item=&#8220;5903&#8243; grid_id=&#8220;vc_gid:1539771550186-ede9e5bf-c644-8&#8243; taxonomies=&#8220;258&#8243;]<div class=\"cq-buttoncontainer  \"><div class=\"animatetype-1\"><div><a href=\"http:\/\/www.omarsspa.it\/\/allestimenti\/?equipment=forcone-omars-60tr110t\" title=\"\" target=\"\" style=\"color:;background-color:#d92e1f;\" class=\"btn cqbtn-1\"><span class=\"txt\">Sehen Sie alle Aufbauten<\/span><span class=\"round\"><i style=\"margin-top:-9px;margin-left:-9px;\" class=\"fa fa-arrow-right\"><\/i><\/span><\/a><\/div><\/div><\/div>[vc_empty_space height=&#8220;20px&#8220;][\/vc_column][\/vc_row][vc_row css=&#8220;.vc_custom_1521815573985{margin-top: 30px !important;margin-bottom: 30px !important;}&#8220;][vc_column width=&#8220;2\/3&#8243;]<div style=\"height:px;margin:0 0 35px 0;\" class=\"cq-imgwitharrow-container cq-imagewitharrow-smallround right \" data-color=\"#ffffff\" data-background=\"#c1c1c1\" data-captionalign=\"right\" data-arrowtop=\"45%\" data-arrowleft=\"45%\" data-fontsize1=\"\" data-iwidth=\"50%\" data-iheight=\"100%\" data-twidth=\"50%\" data-theight=\"100%\" data-arrowsize=\"large\"><div class=\"cq-imgwitharrow-photo\" data-url=\"https:\/\/www.omarsspa.it\/wp-content\/uploads\/2017\/10\/100TR110T-TRIAL-64.jpg\" style=\"width:50%;height:100%;\"><\/div><div class=\"cq-imgwitharrow-box\" style=\"width:50%;height:100%;\"><div class=\"cq-imgwitharrow-content\"><p class=\"cq-content\">\n                        <\/p>\n<h3 class=\"vc_custom_heading\">100TR+ 110T Hubbrille OMARS RECOVERY ROTATOR<\/h3>\n<p>Die beste Rotator projektiert f\u00fcr die schwierigste Schleppsituationen.\n                      <\/p><\/div>\n                      <div class=\"cq-arrowborder-container\">\n                            <div class=\"cq-arrowborder1\"><\/div>\n                            <div class=\"cq-arrowborder2\"><\/div>\n                            <div class=\"cq-arrowborder3\"><\/div>\n                          <\/div><\/div><\/div><div class=\"cq-buttoncontainer  \"><div class=\"animatetype-1\"><div><a href=\"http:\/\/www.omarsspa.it\/wp-content\/uploads\/2018\/10\/scheda-100TR_110T.pdf\" title=\"\" target=\"\" style=\"color:;background-color:#d92e1f;\" class=\"btn cqbtn-1\"><span class=\"txt\">D\u00e9chargez la fiche t\u00e9chnique<\/span><span class=\"round\"><i style=\"margin-top:-9px;margin-left:-9px;\" class=\"fa fa-info\"><\/i><\/span><\/a><\/div><\/div><\/div>[vc_empty_space height=&#8220;20px&#8220;][\/vc_column][vc_column width=&#8220;1\/3&#8243; offset=&#8220;vc_hidden-xs&#8220;][vc_masonry_grid post_type=&#8220;pixad-autos&#8220; max_items=&#8220;4&#8243; element_width=&#8220;6&#8243; gap=&#8220;0&#8243; item=&#8220;5903&#8243; grid_id=&#8220;vc_gid:1539771550187-f5c1104b-b3f9-2&#8243; taxonomies=&#8220;260&#8243;]<div class=\"cq-buttoncontainer  \"><div class=\"animatetype-1\"><div><a href=\"\" title=\"\" target=\"\" style=\"color:;background-color:#d92e1f;\" class=\"btn cqbtn-1\"><span class=\"txt\">Sehen Sie alle Aufbauten<\/span><span class=\"round\"><i style=\"margin-top:-9px;margin-left:-9px;\" class=\"fa fa-arrow-right\"><\/i><\/span><\/a><\/div><\/div><\/div>[vc_empty_space height=&#8220;20px&#8220;][\/vc_column][\/vc_row][vc_row css=&#8220;.vc_custom_1521815621285{margin-top: 30px !important;margin-bottom: 30px !important;}&#8220;][vc_column width=&#8220;2\/3&#8243;]<div style=\"height:px;margin:0 0 35px 0;\" class=\"cq-imgwitharrow-container cq-imagewitharrow-smallround right \" data-color=\"#bcbcbc\" data-background=\"#e8e8e8\" data-captionalign=\"right\" data-arrowtop=\"45%\" data-arrowleft=\"45%\" data-fontsize1=\"\" data-iwidth=\"50%\" data-iheight=\"100%\" data-twidth=\"50%\" data-theight=\"100%\" data-arrowsize=\"large\"><div class=\"cq-imgwitharrow-photo\" data-url=\"https:\/\/www.omarsspa.it\/wp-content\/uploads\/2017\/10\/140TR110T.jpg\" style=\"width:50%;height:100%;\"><\/div><div class=\"cq-imgwitharrow-box\" style=\"width:50%;height:100%;\"><div class=\"cq-imgwitharrow-content\"><p class=\"cq-content\">\n                        <\/p>\n<h3 class=\"vc_custom_heading\">140TR+ 110T Hubbrille OMARS RECOVERY ROTATOR<\/h3>\n<p>Ihrer Aufbau wurde projektiert, um unter \u00e4u\u00dferst schwierigen Bedingungen der LKWS zu helfen.\n                      <\/p><\/div>\n                      <div class=\"cq-arrowborder-container\">\n                            <div class=\"cq-arrowborder1\"><\/div>\n                            <div class=\"cq-arrowborder2\"><\/div>\n                            <div class=\"cq-arrowborder3\"><\/div>\n                          <\/div><\/div><\/div><div class=\"cq-buttoncontainer  \"><div class=\"animatetype-1\"><div><a href=\"http:\/\/www.omarsspa.it\/\/wp-content\/uploads\/2018\/02\/438-029-140TR-110T.pdf\" title=\"\" target=\"\" style=\"color:;background-color:#d92e1f;\" class=\"btn cqbtn-1\"><span class=\"txt\">Entladen Sie das Datenblatt.<\/span><span class=\"round\"><i style=\"margin-top:-9px;margin-left:-9px;\" class=\"fa fa-info\"><\/i><\/span><\/a><\/div><\/div><\/div>[vc_empty_space height=&#8220;20px&#8220;][\/vc_column][vc_column width=&#8220;1\/3&#8243; offset=&#8220;vc_hidden-xs&#8220;][vc_masonry_grid post_type=&#8220;pixad-autos&#8220; max_items=&#8220;4&#8243; element_width=&#8220;6&#8243; gap=&#8220;0&#8243; item=&#8220;5903&#8243; grid_id=&#8220;vc_gid:1539771550190-42aa3795-36f9-1&#8243; taxonomies=&#8220;263&#8243;]<div class=\"cq-buttoncontainer  \"><div class=\"animatetype-1\"><div><a href=\"http:\/\/www.omarsspa.it\/\/allestimenti\/?equipment=forcone-omars-140t\" title=\"\" target=\"\" style=\"color:;background-color:#d92e1f;\" class=\"btn cqbtn-1\"><span class=\"txt\">Sehen Sie alle Aufbauten<\/span><span class=\"round\"><i style=\"margin-top:-9px;margin-left:-9px;\" class=\"fa fa-arrow-right\"><\/i><\/span><\/a><\/div><\/div><\/div>[vc_empty_space height=&#8220;20px&#8220;][\/vc_column][\/vc_row]<\/p>\n<\/div>","protected":false},"excerpt":{"rendered":"<p>[vc_row][vc_column][block_title title=&#8220;HUBBRILLEN&#8220;]DER BESTE HELFER F\u00dcR DIE HILFE DER LKWS.[\/block_title][vc_column_text css=&#8220;.vc_custom_1506528191929{margin-top: -50px !important;}&#8220;][\/vc_column_text][vc_row_inner][vc_column_inner width=&#8220;1\/3&#8243;][vc_custom_heading text=&#8220;Modelle&#8220; font_container=&#8220;tag:h5|font_size:20|text_align:left|color:%23dd3333&#8243; google_fonts=&#8220;font_family:Raleway%3A100%2C200%2C300%2Cregular%2C500%2C600%2C700%2C800%2C900|font_style:600%20bold%20regular%3A600%3Anormal&#8220;][vc_raw_html css=&#8220;.vc_custom_1506528018269{margin-top: 20px !important;margin-bottom: 0px !important;}&#8220;]JTNDZGl2JTIwY2xhc3MlM0QlMjJkZWNvci0xJTIyJTNFJTNDJTJGZGl2JTNF[\/vc_raw_html][vc_column_text]Eine breite Palette der Modelle, um jedes verschiedenes Erfordernis f\u00fcr die Hilfe zu erf\u00fcllen.[\/vc_column_text][\/vc_column_inner][vc_column_inner width=&#8220;1\/3&#8243;][\/vc_column_inner][vc_column_inner width=&#8220;1\/3&#8243;][vc_custom_heading text=&#8220;Entsprechende Aufbauten&#8220; font_container=&#8220;tag:h5|font_size:20|text_align:left|color:%23dd3333&#8243; google_fonts=&#8220;font_family:Raleway%3A100%2C200%2C300%2Cregular%2C500%2C600%2C700%2C800%2C900|font_style:600%20bold%20regular%3A600%3Anormal&#8220;][vc_raw_html css=&#8220;.vc_custom_1506528018269{margin-top: 20px !important;margin-bottom: 0px !important;}&#8220;]JTNDZGl2JTIwY2xhc3MlM0QlMjJkZWNvci0xJTIyJTNFJTNDJTJGZGl2JTNF[\/vc_raw_html][vc_column_text]Sehen Sie die letzte Aufbauten unserer Kunden.[\/vc_column_text][\/vc_column_inner][\/vc_row_inner][\/vc_column][\/vc_row][vc_row css=&#8220;.vc_custom_1521815442096{margin-bottom: 30px !important;}&#8220;][vc_column width=&#8220;2\/3&#8243;][vc_empty_space [&hellip;]<\/p>\n","protected":false},"author":3,"featured_media":0,"parent":0,"menu_order":12,"comment_status":"open","ping_status":"closed","template":"","meta":{"om_disable_all_campaigns":false,"footnotes":""},"class_list":["post-9299","page","type-page","status-publish","hentry"],"_links":{"self":[{"href":"https:\/\/www.omarsspa.it\/de\/wp-json\/wp\/v2\/pages\/9299","targetHints":{"allow":["GET"]}}],"collection":[{"href":"https:\/\/www.omarsspa.it\/de\/wp-json\/wp\/v2\/pages"}],"about":[{"href":"https:\/\/www.omarsspa.it\/de\/wp-json\/wp\/v2\/types\/page"}],"author":[{"embeddable":true,"href":"https:\/\/www.omarsspa.it\/de\/wp-json\/wp\/v2\/users\/3"}],"replies":[{"embeddable":true,"href":"https:\/\/www.omarsspa.it\/de\/wp-json\/wp\/v2\/comments?post=9299"}],"version-history":[{"count":3,"href":"https:\/\/www.omarsspa.it\/de\/wp-json\/wp\/v2\/pages\/9299\/revisions"}],"predecessor-version":[{"id":11920,"href":"https:\/\/www.omarsspa.it\/de\/wp-json\/wp\/v2\/pages\/9299\/revisions\/11920"}],"wp:attachment":[{"href":"https:\/\/www.omarsspa.it\/de\/wp-json\/wp\/v2\/media?parent=9299"}],"curies":[{"name":"wp","href":"https:\/\/api.w.org\/{rel}","templated":true}]}}