{"id":9233,"date":"2018-03-26T10:15:43","date_gmt":"2018-03-26T08:15:43","guid":{"rendered":"http:\/\/lnx.omarsspa.it\/?page_id=9233\/"},"modified":"2018-10-17T09:48:44","modified_gmt":"2018-10-17T07:48:44","slug":"depannage","status":"publish","type":"page","link":"https:\/\/www.omarsspa.it\/de\/depannage\/","title":{"rendered":"D\u00c9PANNAGE"},"content":{"rendered":"<div class=\"wpb-content-wrapper\"><p>[vc_row][vc_column][block_title title=&#8220;Depannage&#8220;]DER BESTE AUFBAU F\u00dcR DIE T\u00c4GLICHE ARBEIT[\/block_title][vc_column_text css=&#8220;.vc_custom_1506528191929{margin-top: -50px !important;}&#8220;]<div class=\"center-content\"><div class=\"decor-2\"><i class=\"icon fa fa-caret-down\"><\/i><\/div><\/div>[\/vc_column_text][vc_row_inner][vc_column_inner width=&#8220;1\/3&#8243;][vc_custom_heading text=&#8220;Modelle&#8220; font_container=&#8220;tag:h5|font_size:20|text_align:left|color:%23dd3333&#8243; google_fonts=&#8220;font_family:Raleway%3A100%2C200%2C300%2Cregular%2C500%2C600%2C700%2C800%2C900|font_style:600%20bold%20regular%3A600%3Anormal&#8220;][vc_raw_html css=&#8220;.vc_custom_1506528018269{margin-top: 20px !important;margin-bottom: 0px !important;}&#8220;]JTNDZGl2JTIwY2xhc3MlM0QlMjJkZWNvci0xJTIyJTNFJTNDJTJGZGl2JTNF[\/vc_raw_html][vc_column_text]Forche su pick-up come partner di tutti i giorni e allestimenti per rimozione e depannage.[\/vc_column_text][\/vc_column_inner][vc_column_inner width=&#8220;1\/3&#8243;][\/vc_column_inner][vc_column_inner width=&#8220;1\/3&#8243;][vc_custom_heading text=&#8220;Entsprechende Aufbauten&#8220; font_container=&#8220;tag:h5|font_size:20|text_align:left|color:%23dd3333&#8243; google_fonts=&#8220;font_family:Raleway%3A100%2C200%2C300%2Cregular%2C500%2C600%2C700%2C800%2C900|font_style:600%20bold%20regular%3A600%3Anormal&#8220;][vc_raw_html css=&#8220;.vc_custom_1506528018269{margin-top: 20px !important;margin-bottom: 0px !important;}&#8220;]JTNDZGl2JTIwY2xhc3MlM0QlMjJkZWNvci0xJTIyJTNFJTNDJTJGZGl2JTNF[\/vc_raw_html][vc_column_text]Sehen Sie die letzte Aufbauten unserer Kunden.[\/vc_column_text][\/vc_column_inner][\/vc_row_inner][\/vc_column][vc_column][\/vc_column][\/vc_row][vc_row css=&#8220;.vc_custom_1521813782745{margin-bottom: 30px !important;}&#8220;][vc_column width=&#8220;2\/3&#8243;]<div style=\"height:px;margin:0 0 35px 0;\" class=\"cq-imgwitharrow-container cq-imagewitharrow-smallround right \" data-color=\"#ffffff\" data-background=\"#c1c1c1\" data-captionalign=\"right\" data-arrowtop=\"45%\" data-arrowleft=\"45%\" data-fontsize1=\"\" data-iwidth=\"50%\" data-iheight=\"100%\" data-twidth=\"50%\" data-theight=\"100%\" data-arrowsize=\"large\"><div class=\"cq-imgwitharrow-photo\" data-url=\"https:\/\/www.omarsspa.it\/wp-content\/uploads\/2017\/11\/045313487-ISUZU-D.MAX-LS-QUASAR-004049-CEF5717-MASAM-ASSISTANCE-PARTNER-3FN-2.jpg\" style=\"width:50%;height:100%;\"><\/div><div class=\"cq-imgwitharrow-box\" style=\"width:50%;height:100%;\"><div class=\"cq-imgwitharrow-content\"><p class=\"cq-content\">\n                        <\/p>\n<h2 class=\"vc_custom_heading\">OMARS 3FN Brille auf PICK-UP<\/h2>\n<p>Die 3FN Brille montiert auf pick-up ist den besten Aufbau f\u00fcr die Entfernung und Hilfe der Fahrzeuge und Motorr\u00e4der.\n                      <\/p><\/div>\n                      <div class=\"cq-arrowborder-container\">\n                            <div class=\"cq-arrowborder1\"><\/div>\n                            <div class=\"cq-arrowborder2\"><\/div>\n                            <div class=\"cq-arrowborder3\"><\/div>\n                          <\/div><\/div><\/div><div class=\"cq-buttoncontainer  \"><div class=\"animatetype-1\"><div><a href=\"http:\/\/www.omarsspa.it\/wp-content\/uploads\/2018\/10\/scheda_3FN.pdf\" title=\"\" target=\"\" style=\"color:;background-color:#d92e1f;\" class=\"btn cqbtn-1\"><span class=\"txt\">Entladen Sie das Datenblatt.<\/span><span class=\"round\"><i style=\"margin-top:-9px;margin-left:-9px;\" class=\"fa fa-info\"><\/i><\/span><\/a><\/div><\/div><\/div>[vc_empty_space height=&#8220;20px&#8220;][\/vc_column][vc_column width=&#8220;1\/3&#8243; offset=&#8220;vc_hidden-xs&#8220;][vc_masonry_grid post_type=&#8220;pixad-autos&#8220; max_items=&#8220;4&#8243; element_width=&#8220;6&#8243; gap=&#8220;0&#8243; item=&#8220;5903&#8243; grid_id=&#8220;vc_gid:1539762498565-c69c5419-1478-6&#8243; taxonomies=&#8220;270&#8243;]<div class=\"cq-buttoncontainer  \"><div class=\"animatetype-1\"><div><a href=\"\" title=\"\" target=\"\" style=\"color:;background-color:#d92e1f;\" class=\"btn cqbtn-1\"><span class=\"txt\">Sehen Sie alle Aufbauten<\/span><span class=\"round\"><i style=\"margin-top:-9px;margin-left:-9px;\" class=\"fa fa-arrow-right\"><\/i><\/span><\/a><\/div><\/div><\/div>[vc_empty_space height=&#8220;20px&#8220;][\/vc_column][\/vc_row][vc_row css=&#8220;.vc_custom_1521813826052{margin-top: 30px !important;margin-bottom: 30px !important;}&#8220;][vc_column width=&#8220;2\/3&#8243;]<div style=\"height:px;margin:0 0 35px 0;\" class=\"cq-imgwitharrow-container cq-imagewitharrow-smallround right \" data-color=\"#bcbcbc\" data-background=\"#e8e8e8\" data-captionalign=\"right\" data-arrowtop=\"45%\" data-arrowleft=\"45%\" data-fontsize1=\"\" data-iwidth=\"50%\" data-iheight=\"100%\" data-twidth=\"50%\" data-theight=\"100%\" data-arrowsize=\"large\"><div class=\"cq-imgwitharrow-photo\" data-url=\"https:\/\/www.omarsspa.it\/wp-content\/uploads\/2017\/11\/ISUZU-DMAX-2TZ-3.jpg\" style=\"width:50%;height:100%;\"><\/div><div class=\"cq-imgwitharrow-box\" style=\"width:50%;height:100%;\"><div class=\"cq-imgwitharrow-content\"><p class=\"cq-content\">\n                        <\/p>\n<h2 class=\"vc_custom_heading\">OMARS 2TZ Brille<\/h2>\n<p>2TZ Brille montiert auf pick-up gewidmet an den transalpinen M\u00e4rkte. Der beste Aufbau f\u00fcr die Entfernung und Hilfe der Motorr\u00e4der und Fahrzeuge.\n                      <\/p><\/div>\n                      <div class=\"cq-arrowborder-container\">\n                            <div class=\"cq-arrowborder1\"><\/div>\n                            <div class=\"cq-arrowborder2\"><\/div>\n                            <div class=\"cq-arrowborder3\"><\/div>\n                          <\/div><\/div><\/div><div class=\"cq-buttoncontainer  \"><div class=\"animatetype-1\"><div><a href=\"http:\/\/www.omarsspa.it\/\/wp-content\/uploads\/2017\/11\/438-051_4-110T.pdf\" title=\"\" target=\"\" style=\"color:;background-color:#d92e1f;\" class=\"btn cqbtn-1\"><span class=\"txt\">Entladen Sie das Datenblatt.<\/span><span class=\"round\"><i style=\"margin-top:-9px;margin-left:-9px;\" class=\"fa fa-info\"><\/i><\/span><\/a><\/div><\/div><\/div>[vc_empty_space height=&#8220;20px&#8220;][\/vc_column][vc_column width=&#8220;1\/3&#8243; offset=&#8220;vc_hidden-xs&#8220;][vc_masonry_grid post_type=&#8220;pixad-autos&#8220; max_items=&#8220;4&#8243; element_width=&#8220;6&#8243; gap=&#8220;0&#8243; item=&#8220;5903&#8243; grid_id=&#8220;vc_gid:1539762498567-aa76157e-9dd6-2&#8243; taxonomies=&#8220;271&#8243;]<div class=\"cq-buttoncontainer  \"><div class=\"animatetype-1\"><div><a href=\"\" title=\"\" target=\"\" style=\"color:;background-color:#d92e1f;\" class=\"btn cqbtn-1\"><span class=\"txt\">Sehen Sie alle Aufbauten<\/span><span class=\"round\"><i style=\"margin-top:-9px;margin-left:-9px;\" class=\"fa fa-arrow-right\"><\/i><\/span><\/a><\/div><\/div><\/div>[vc_empty_space height=&#8220;20px&#8220;][\/vc_column][\/vc_row][vc_row css=&#8220;.vc_custom_1521813848153{margin-top: 30px !important;margin-bottom: 30px !important;}&#8220;][vc_column width=&#8220;2\/3&#8243;]<div style=\"height:px;margin:0 0 35px 0;\" class=\"cq-imgwitharrow-container cq-imagewitharrow-smallround right \" data-color=\"#ffffff\" data-background=\"#c1c1c1\" data-captionalign=\"right\" data-arrowtop=\"45%\" data-arrowleft=\"45%\" data-fontsize1=\"\" data-iwidth=\"50%\" data-iheight=\"100%\" data-twidth=\"50%\" data-theight=\"100%\" data-arrowsize=\"large\"><div class=\"cq-imgwitharrow-photo\" data-url=\"https:\/\/www.omarsspa.it\/wp-content\/uploads\/2017\/11\/416061-IVECO-50-150-DOKA-SORAPERRA-OAMTC-WIEN-3TZ-6.jpg\" style=\"width:50%;height:100%;\"><\/div><div class=\"cq-imgwitharrow-box\" style=\"width:50%;height:100%;\"><div class=\"cq-imgwitharrow-content\"><p class=\"cq-content\">\n                        <\/p>\n<h2 class=\"vc_custom_heading\">OMARS 3TZ Brille<\/h2>\n<p>Sie ist auf Fahrzeuge von 35 bis 50 Dezitonnen montiert. Sie erlaubt eine breite Palette von Fahrzeuge und LKWS zu heben und entfernen.\n                      <\/p><\/div>\n                      <div class=\"cq-arrowborder-container\">\n                            <div class=\"cq-arrowborder1\"><\/div>\n                            <div class=\"cq-arrowborder2\"><\/div>\n                            <div class=\"cq-arrowborder3\"><\/div>\n                          <\/div><\/div><\/div><div class=\"cq-buttoncontainer  \"><div class=\"animatetype-1\"><div><a href=\"http:\/\/www.omarsspa.it\/\/wp-content\/uploads\/2017\/11\/438-050_2-120T.pdf\" title=\"\" target=\"\" style=\"color:;background-color:#d92e1f;\" class=\"btn cqbtn-1\"><span class=\"txt\">Entladen Sie das Datenblatt.<\/span><span class=\"round\"><i style=\"margin-top:-9px;margin-left:-9px;\" class=\"fa fa-info\"><\/i><\/span><\/a><\/div><\/div><\/div>[vc_empty_space height=&#8220;20px&#8220;][\/vc_column][vc_column width=&#8220;1\/3&#8243; offset=&#8220;vc_hidden-xs&#8220;][vc_masonry_grid post_type=&#8220;pixad-autos&#8220; max_items=&#8220;4&#8243; element_width=&#8220;6&#8243; gap=&#8220;0&#8243; item=&#8220;5903&#8243; grid_id=&#8220;vc_gid:1539762498570-203e4e30-c174-7&#8243; taxonomies=&#8220;273&#8243;]<div class=\"cq-buttoncontainer  \"><div class=\"animatetype-1\"><div><a href=\"\" title=\"\" target=\"\" style=\"color:;background-color:#d92e1f;\" class=\"btn cqbtn-1\"><span class=\"txt\">Sehen Sie alle Aufbauten<\/span><span class=\"round\"><i style=\"margin-top:-9px;margin-left:-9px;\" class=\"fa fa-arrow-right\"><\/i><\/span><\/a><\/div><\/div><\/div>[vc_empty_space height=&#8220;20px&#8220;][\/vc_column][\/vc_row][vc_row css=&#8220;.vc_custom_1521813937761{margin-top: 30px !important;margin-bottom: 30px !important;}&#8220;][vc_column width=&#8220;2\/3&#8243;]<div style=\"height:px;margin:0 0 35px 0;\" class=\"cq-imgwitharrow-container cq-imagewitharrow-smallround right \" data-color=\"#bcbcbc\" data-background=\"#e8e8e8\" data-captionalign=\"right\" data-arrowtop=\"45%\" data-arrowleft=\"45%\" data-fontsize1=\"\" data-iwidth=\"50%\" data-iheight=\"100%\" data-twidth=\"50%\" data-theight=\"100%\" data-arrowsize=\"large\"><div class=\"cq-imgwitharrow-photo\" data-url=\"https:\/\/www.omarsspa.it\/wp-content\/uploads\/2018\/02\/Forca-OMARS-4-T-Z_3.jpg\" style=\"width:50%;height:100%;\"><\/div><div class=\"cq-imgwitharrow-box\" style=\"width:50%;height:100%;\"><div class=\"cq-imgwitharrow-content\"><p class=\"cq-content\">\n                        <\/p>\n<h2 class=\"vc_custom_heading\">OMARS 4TZ Brille<\/h2>\n<p>4TZ Brille f\u00fcr Aufbauten auf Fahrzeuge von 50 bis 75 Dezitonnen. Starker Aufbau f\u00fcr die Entfernung und das Schleppen der Fahrzeuge.\n                      <\/p><\/div>\n                      <div class=\"cq-arrowborder-container\">\n                            <div class=\"cq-arrowborder1\"><\/div>\n                            <div class=\"cq-arrowborder2\"><\/div>\n                            <div class=\"cq-arrowborder3\"><\/div>\n                          <\/div><\/div><\/div><div class=\"cq-buttoncontainer  \"><div class=\"animatetype-1\"><div><a href=\"http:\/\/www.omarsspa.it\/\/wp-content\/uploads\/2017\/11\/438-053_3-60TR110T.pdf\" title=\"\" target=\"\" style=\"color:;background-color:#d92e1f;\" class=\"btn cqbtn-1\"><span class=\"txt\">Entladen Sie das Datenblatt.<\/span><span class=\"round\"><i style=\"margin-top:-9px;margin-left:-9px;\" class=\"fa fa-info\"><\/i><\/span><\/a><\/div><\/div><\/div>[vc_empty_space height=&#8220;20px&#8220;][\/vc_column][vc_column width=&#8220;1\/3&#8243; offset=&#8220;vc_hidden-xs&#8220;][vc_masonry_grid post_type=&#8220;pixad-autos&#8220; max_items=&#8220;4&#8243; element_width=&#8220;6&#8243; gap=&#8220;0&#8243; item=&#8220;5903&#8243; grid_id=&#8220;vc_gid:1539762498572-3ddf72af-8e52-6&#8243; taxonomies=&#8220;274&#8243;]<div class=\"cq-buttoncontainer  \"><div class=\"animatetype-1\"><div><a href=\"\" title=\"\" target=\"\" style=\"color:;background-color:#d92e1f;\" class=\"btn cqbtn-1\"><span class=\"txt\">Sehen Sie alle Aufbauten<\/span><span class=\"round\"><i style=\"margin-top:-9px;margin-left:-9px;\" class=\"fa fa-arrow-right\"><\/i><\/span><\/a><\/div><\/div><\/div>[vc_empty_space height=&#8220;20px&#8220;][\/vc_column][\/vc_row][vc_row css=&#8220;.vc_custom_1521813968026{margin-top: 30px !important;margin-bottom: 30px !important;}&#8220;][vc_column width=&#8220;2\/3&#8243;]<div style=\"height:px;margin:0 0 35px 0;\" class=\"cq-imgwitharrow-container cq-imagewitharrow-smallround right \" data-color=\"#ffffff\" data-background=\"#c1c1c1\" data-captionalign=\"right\" data-arrowtop=\"45%\" data-arrowleft=\"45%\" data-fontsize1=\"\" data-iwidth=\"50%\" data-iheight=\"100%\" data-twidth=\"50%\" data-theight=\"100%\" data-arrowsize=\"large\"><div class=\"cq-imgwitharrow-photo\" data-url=\"https:\/\/www.omarsspa.it\/wp-content\/uploads\/2018\/02\/0418016-IVECO-ML150E28-DOKA-4X4-LAAR-NARBONNE-DEPANNAGE_3.jpg\" style=\"width:50%;height:100%;\"><\/div><div class=\"cq-imgwitharrow-box\" style=\"width:50%;height:100%;\"><div class=\"cq-imgwitharrow-content\"><p class=\"cq-content\">\n                        <\/p>\n<h2 class=\"vc_custom_heading\">OMARS 6TZ Brille<\/h2>\n<p>6TZ Modell f\u00fcr die Montage auf LKWS bis 100 Dezitonnen. Gro\u00dfe Kraft und Man\u00f6vrierf\u00e4higkeit f\u00fcr die Enfernung und das Schleppen der mittleren Fahzeuge.\n                      <\/p><\/div>\n                      <div class=\"cq-arrowborder-container\">\n                            <div class=\"cq-arrowborder1\"><\/div>\n                            <div class=\"cq-arrowborder2\"><\/div>\n                            <div class=\"cq-arrowborder3\"><\/div>\n                          <\/div><\/div><\/div><div class=\"cq-buttoncontainer  \"><div class=\"animatetype-1\"><div><a href=\"http:\/\/www.omarsspa.it\/\/wp-content\/uploads\/2017\/11\/438-027-100TR-110T.pdf\" title=\"\" target=\"\" style=\"color:;background-color:#d92e1f;\" class=\"btn cqbtn-1\"><span class=\"txt\">Entladen Sie das Datenblatt.<\/span><span class=\"round\"><i style=\"margin-top:-9px;margin-left:-9px;\" class=\"fa fa-info\"><\/i><\/span><\/a><\/div><\/div><\/div>[vc_empty_space height=&#8220;20px&#8220;][\/vc_column][vc_column width=&#8220;1\/3&#8243; offset=&#8220;vc_hidden-xs&#8220;][vc_masonry_grid post_type=&#8220;pixad-autos&#8220; max_items=&#8220;4&#8243; element_width=&#8220;6&#8243; gap=&#8220;0&#8243; item=&#8220;5903&#8243; grid_id=&#8220;vc_gid:1539762498576-ad2f72f7-1ac9-9&#8243; taxonomies=&#8220;276&#8243;]<div class=\"cq-buttoncontainer  \"><div class=\"animatetype-1\"><div><a href=\"\" title=\"\" target=\"\" style=\"color:;background-color:#d92e1f;\" class=\"btn cqbtn-1\"><span class=\"txt\">Sehen Sie alle Aufbauten<\/span><span class=\"round\"><i style=\"margin-top:-9px;margin-left:-9px;\" class=\"fa fa-arrow-right\"><\/i><\/span><\/a><\/div><\/div><\/div>[vc_empty_space height=&#8220;20px&#8220;][\/vc_column][\/vc_row]<\/p>\n<\/div>","protected":false},"excerpt":{"rendered":"<p>[vc_row][vc_column][block_title title=&#8220;Depannage&#8220;]DER BESTE AUFBAU F\u00dcR DIE T\u00c4GLICHE ARBEIT[\/block_title][vc_column_text css=&#8220;.vc_custom_1506528191929{margin-top: -50px !important;}&#8220;][\/vc_column_text][vc_row_inner][vc_column_inner width=&#8220;1\/3&#8243;][vc_custom_heading text=&#8220;Modelle&#8220; font_container=&#8220;tag:h5|font_size:20|text_align:left|color:%23dd3333&#8243; google_fonts=&#8220;font_family:Raleway%3A100%2C200%2C300%2Cregular%2C500%2C600%2C700%2C800%2C900|font_style:600%20bold%20regular%3A600%3Anormal&#8220;][vc_raw_html css=&#8220;.vc_custom_1506528018269{margin-top: 20px !important;margin-bottom: 0px !important;}&#8220;]JTNDZGl2JTIwY2xhc3MlM0QlMjJkZWNvci0xJTIyJTNFJTNDJTJGZGl2JTNF[\/vc_raw_html][vc_column_text]Forche su pick-up come partner di tutti i giorni e allestimenti per rimozione e depannage.[\/vc_column_text][\/vc_column_inner][vc_column_inner width=&#8220;1\/3&#8243;][\/vc_column_inner][vc_column_inner width=&#8220;1\/3&#8243;][vc_custom_heading text=&#8220;Entsprechende Aufbauten&#8220; font_container=&#8220;tag:h5|font_size:20|text_align:left|color:%23dd3333&#8243; google_fonts=&#8220;font_family:Raleway%3A100%2C200%2C300%2Cregular%2C500%2C600%2C700%2C800%2C900|font_style:600%20bold%20regular%3A600%3Anormal&#8220;][vc_raw_html css=&#8220;.vc_custom_1506528018269{margin-top: 20px !important;margin-bottom: 0px !important;}&#8220;]JTNDZGl2JTIwY2xhc3MlM0QlMjJkZWNvci0xJTIyJTNFJTNDJTJGZGl2JTNF[\/vc_raw_html][vc_column_text]Sehen Sie die letzte Aufbauten unserer Kunden.[\/vc_column_text][\/vc_column_inner][\/vc_row_inner][\/vc_column][vc_column][\/vc_column][\/vc_row][vc_row css=&#8220;.vc_custom_1521813782745{margin-bottom: 30px !important;}&#8220;][vc_column width=&#8220;2\/3&#8243;][vc_empty_space [&hellip;]<\/p>\n","protected":false},"author":3,"featured_media":0,"parent":0,"menu_order":11,"comment_status":"open","ping_status":"closed","template":"","meta":{"om_disable_all_campaigns":false,"footnotes":""},"class_list":["post-9233","page","type-page","status-publish","hentry"],"_links":{"self":[{"href":"https:\/\/www.omarsspa.it\/de\/wp-json\/wp\/v2\/pages\/9233","targetHints":{"allow":["GET"]}}],"collection":[{"href":"https:\/\/www.omarsspa.it\/de\/wp-json\/wp\/v2\/pages"}],"about":[{"href":"https:\/\/www.omarsspa.it\/de\/wp-json\/wp\/v2\/types\/page"}],"author":[{"embeddable":true,"href":"https:\/\/www.omarsspa.it\/de\/wp-json\/wp\/v2\/users\/3"}],"replies":[{"embeddable":true,"href":"https:\/\/www.omarsspa.it\/de\/wp-json\/wp\/v2\/comments?post=9233"}],"version-history":[{"count":13,"href":"https:\/\/www.omarsspa.it\/de\/wp-json\/wp\/v2\/pages\/9233\/revisions"}],"predecessor-version":[{"id":11906,"href":"https:\/\/www.omarsspa.it\/de\/wp-json\/wp\/v2\/pages\/9233\/revisions\/11906"}],"wp:attachment":[{"href":"https:\/\/www.omarsspa.it\/de\/wp-json\/wp\/v2\/media?parent=9233"}],"curies":[{"name":"wp","href":"https:\/\/api.w.org\/{rel}","templated":true}]}}