{"id":9154,"date":"2018-03-23T16:25:50","date_gmt":"2018-03-23T15:25:50","guid":{"rendered":"http:\/\/lnx.omarsspa.it\/?page_id=9154\/"},"modified":"2018-03-23T18:14:32","modified_gmt":"2018-03-23T17:14:32","slug":"firma","status":"publish","type":"page","link":"https:\/\/www.omarsspa.it\/de\/firma\/","title":{"rendered":"FIRMA"},"content":{"rendered":"<div class=\"wpb-content-wrapper\"><p>[vc_row][vc_column][block_title title=&#8220;OMARS&#8220;]EINE GESCHICHTE, DIE DIE ZEIT TROTZET[\/block_title][vc_empty_space height=&#8220;40px&#8220;][vc_row_inner css=&#8220;.vc_custom_1506701827880{margin-top: -50px !important;}&#8220;][vc_column_inner width=&#8220;2\/3&#8243;][vc_single_image image=&#8220;8400&#8243; img_size=&#8220;full&#8220;][\/vc_column_inner][vc_column_inner width=&#8220;1\/3&#8243;][vc_column_text]Heute haben wir eine <strong>gedeckte Werkanlage von 12.000 Quadratmetern<\/strong>: deshalb k\u00f6nnen wir gleichzeitig auf viele Fahrzeuge arbeiten und wir k\u00f6nnen auch lieferbereit zahlreiche Aufbautentypen speichern.<br \/>\nWir k\u00f6nnen <strong>die verschiedene Erfordernisse des Pannendienstes und des Fahrzeugstransports bis drei Autos zu befriedigen<\/strong>. W\u00e4hrend des Planungsstadiums, verwendet unser technisches B\u00fcro die CAD Technologie und es ist in einer best\u00e4ndiger Forschung und Erprobung der neuen Materialien.<br \/>\nUm hohe Qualit\u00e4t und Aufmerksamkeit an den Feinarbeiten zu bekommen, benutzen wir <strong>Farbspritzkabinen zum Trocknen<\/strong> und eine <strong>automatische Schleuderstrahlanlage<\/strong>, die im Bereich des Schutzes von der Korrosion ausgezeichnete Ergebnisse erlauben.<br \/>\nAu\u03b2erdem erleidet <strong>einer Teil unseren Aufbauten eine Behandlung von warmer Verzinkung, um die zeitliche Kontinuit\u00e4t zu optimieren<\/strong>.<br \/>\nDie verf\u00fcgbare <strong>Plateaus<\/strong> sind aus Stahl oder aus Aluminiumlegierung mit hoher Best\u00e4ndigkeit. Die <strong>Karosserien<\/strong> und die <strong>seitliche Staukasten<\/strong> sind aus Aluminium oder aus ABS Kunsstoff.[\/vc_column_text][\/vc_column_inner][\/vc_row_inner][vc_column_text]<div class=\"center-content\"><div class=\"decor-2\"><i class=\"icon fa fa-caret-down\"><\/i><\/div><\/div>\n            <div class=\"center-content\"><h2 class=\"ui-title-inner\">OMARS, SEIT \u00dcBER 45 JAHREN AUF DEN MARKT<\/h2><\/div>\n            <div class=\"center-content\"><div class=\"decor-1\"><\/div><\/div>[\/vc_column_text][\/vc_column][\/vc_row][vc_row][vc_column]<div class=\"cq-draggable-container \" data-draggingbarbgcolor=\"rgba(0, 0, 0, 0.5)\" data-defaultbarbgcolor=\"#d92e1f\" data-avatarstyle=\"icon\" data-activeiconcolor=\"\" data-autoplay=\"no\" data-autoplayspeed=\"\" data-labelcolor=\"#333333\" data-dragbuttonwidth=\"7px\" data-contaienrwidth=\"100%\"><div class=\"cq-draggable-slider\"><div class=\"cq-draggable-stripe\"><div class=\"cq-draggable-handle\"><div class=\"cq-infobox gray\"><div class=\"cq-titlecontainer\"><\/div><div class=\"cq-innerbox\"><div class=\"cq-carouselcontainer\"><div class=\"cq-carouselcontent\">\n<p><img loading=\"lazy\" decoding=\"async\" class=\"alignnone size-medium wp-image-8287\" src=\"http:\/\/www.omarsspa.it\/wp-content\/uploads\/2017\/09\/OMArS_Timeline_1972-300x215-300x215.jpeg\" alt=\"\" width=\"300\" height=\"215\" srcset=\"https:\/\/www.omarsspa.it\/wp-content\/uploads\/2017\/09\/OMArS_Timeline_1972-300x215.jpeg 300w, https:\/\/www.omarsspa.it\/wp-content\/uploads\/2017\/09\/OMArS_Timeline_1972-300x215-92x66.jpeg 92w, https:\/\/www.omarsspa.it\/wp-content\/uploads\/2017\/09\/OMArS_Timeline_1972-300x215-181x130.jpeg 181w\" sizes=\"auto, (max-width: 300px) 100vw, 300px\" \/><\/p>\n<p>Die Firma ANDREIS Renato, die in der Mechanik und in der Hilfe arbeitet, wurde im Jahr 1972 in Cuneo gegr\u00fcndet.<\/p>\n\n<\/div><div class=\"cq-carouselcontent\">\n<p><img loading=\"lazy\" decoding=\"async\" class=\"alignnone size-medium wp-image-8293\" src=\"http:\/\/www.omarsspa.it\/wp-content\/uploads\/2017\/10\/OMArS_Timeline_1975-300x215-300x215.jpeg\" alt=\"\" width=\"300\" height=\"215\" srcset=\"https:\/\/www.omarsspa.it\/wp-content\/uploads\/2017\/10\/OMArS_Timeline_1975-300x215.jpeg 300w, https:\/\/www.omarsspa.it\/wp-content\/uploads\/2017\/10\/OMArS_Timeline_1975-300x215-92x66.jpeg 92w, https:\/\/www.omarsspa.it\/wp-content\/uploads\/2017\/10\/OMArS_Timeline_1975-300x215-181x130.jpeg 181w\" sizes=\"auto, (max-width: 300px) 100vw, 300px\" \/><\/p>\n<p>Seit 1975 spezialisiert die Firma ANDREIS Renato in der Bergung und im Auto- und Fahrzeugtransport.<\/p>\n\n<\/div><div class=\"cq-carouselcontent\">\n<p><img loading=\"lazy\" decoding=\"async\" class=\"alignnone size-full wp-image-9077\" src=\"http:\/\/www.omarsspa.it\/wp-content\/uploads\/2017\/09\/OMArS_Timeline_1981a-300x215-1.jpeg\" alt=\"\" width=\"300\" height=\"215\" srcset=\"https:\/\/www.omarsspa.it\/wp-content\/uploads\/2017\/09\/OMArS_Timeline_1981a-300x215-1.jpeg 300w, https:\/\/www.omarsspa.it\/wp-content\/uploads\/2017\/09\/OMArS_Timeline_1981a-300x215-1-92x66.jpeg 92w, https:\/\/www.omarsspa.it\/wp-content\/uploads\/2017\/09\/OMArS_Timeline_1981a-300x215-1-181x130.jpeg 181w\" sizes=\"auto, (max-width: 300px) 100vw, 300px\" \/><\/p>\n<p>Im Jahr 1981 wird die Firma OMArS. Sie bewegt in einer Lagerhalle mit gro\u03b2en Dimensionen in der N\u00e4he von Cuneo.<\/p>\n\n<\/div><div class=\"cq-carouselcontent\">\n<p><img loading=\"lazy\" decoding=\"async\" class=\"alignnone size-medium wp-image-8314\" src=\"http:\/\/www.omarsspa.it\/wp-content\/uploads\/2017\/09\/OMArS_Timeline_1992b-300x215-300x215.jpeg\" alt=\"\" width=\"300\" height=\"215\" srcset=\"https:\/\/www.omarsspa.it\/wp-content\/uploads\/2017\/09\/OMArS_Timeline_1992b-300x215.jpeg 300w, https:\/\/www.omarsspa.it\/wp-content\/uploads\/2017\/09\/OMArS_Timeline_1992b-300x215-92x66.jpeg 92w, https:\/\/www.omarsspa.it\/wp-content\/uploads\/2017\/09\/OMArS_Timeline_1992b-300x215-181x130.jpeg 181w\" sizes=\"auto, (max-width: 300px) 100vw, 300px\" \/><\/p>\n<p>Dank der neuen Lagerhalle von 12.000 Quadratmetern, dehnt die Firma OMArS S.p.A. die produktive R\u00e4ume und sie blick in die Ferne.<\/p>\n\n<\/div><div class=\"cq-carouselcontent\">\n<p><img loading=\"lazy\" decoding=\"async\" class=\"alignnone size-medium wp-image-8312\" src=\"http:\/\/www.omarsspa.it\/wp-content\/uploads\/2017\/09\/1998_01-300x225-300x225.jpg\" alt=\"\" width=\"300\" height=\"225\" srcset=\"https:\/\/www.omarsspa.it\/wp-content\/uploads\/2017\/09\/1998_01-300x225.jpg 300w, https:\/\/www.omarsspa.it\/wp-content\/uploads\/2017\/09\/1998_01-300x225-88x66.jpg 88w, https:\/\/www.omarsspa.it\/wp-content\/uploads\/2017\/09\/1998_01-300x225-173x130.jpg 173w\" sizes=\"auto, (max-width: 300px) 100vw, 300px\" \/><\/p>\n<p>Vergr\u00f6\u00dferung der Firma Hartmann GmbH in Deutschland mit neuem Sitz und neuen B\u00fcros.<\/p>\n\n<\/div><div class=\"cq-carouselcontent\">\n<p><img loading=\"lazy\" decoding=\"async\" class=\"alignnone size-medium wp-image-8315\" src=\"http:\/\/www.omarsspa.it\/wp-content\/uploads\/2017\/09\/OMArS_Timeline_1999-1-300x215-300x215.jpeg\" alt=\"\" width=\"300\" height=\"215\" srcset=\"https:\/\/www.omarsspa.it\/wp-content\/uploads\/2017\/09\/OMArS_Timeline_1999-1-300x215.jpeg 300w, https:\/\/www.omarsspa.it\/wp-content\/uploads\/2017\/09\/OMArS_Timeline_1999-1-300x215-92x66.jpeg 92w, https:\/\/www.omarsspa.it\/wp-content\/uploads\/2017\/09\/OMArS_Timeline_1999-1-300x215-181x130.jpeg 181w\" sizes=\"auto, (max-width: 300px) 100vw, 300px\" \/><\/p>\n<p>Au\u00dferdem wurde die neue Palette des Plateaus der Serie 3\/4\/6.2000 eingesetzt und sie werden bis heute Best Seller der Firma OMArS S.p.A.<\/p>\n\n<\/div><div class=\"cq-carouselcontent\">\n<p><img loading=\"lazy\" decoding=\"async\" class=\"alignnone size-medium wp-image-8316\" src=\"http:\/\/www.omarsspa.it\/wp-content\/uploads\/2017\/09\/OMArS_Timeline_2004-300x215-300x215.jpeg\" alt=\"\" width=\"300\" height=\"215\" srcset=\"https:\/\/www.omarsspa.it\/wp-content\/uploads\/2017\/09\/OMArS_Timeline_2004-300x215.jpeg 300w, https:\/\/www.omarsspa.it\/wp-content\/uploads\/2017\/09\/OMArS_Timeline_2004-300x215-92x66.jpeg 92w, https:\/\/www.omarsspa.it\/wp-content\/uploads\/2017\/09\/OMArS_Timeline_2004-300x215-181x130.jpeg 181w\" sizes=\"auto, (max-width: 300px) 100vw, 300px\" \/><\/p>\n<p>Neue Palette 110T und 120T Hubbrillen, um die Erfordernisse der Bergung der Lastkraftwagen zu befriedigen.<\/p>\n\n<\/div><div class=\"cq-carouselcontent\">\n<p><img loading=\"lazy\" decoding=\"async\" class=\"alignnone size-medium wp-image-8317\" src=\"http:\/\/www.omarsspa.it\/wp-content\/uploads\/2017\/09\/OMArS_Timeline_2007b-300x215-300x215.jpeg\" alt=\"\" width=\"300\" height=\"215\" srcset=\"https:\/\/www.omarsspa.it\/wp-content\/uploads\/2017\/09\/OMArS_Timeline_2007b-300x215.jpeg 300w, https:\/\/www.omarsspa.it\/wp-content\/uploads\/2017\/09\/OMArS_Timeline_2007b-300x215-92x66.jpeg 92w, https:\/\/www.omarsspa.it\/wp-content\/uploads\/2017\/09\/OMArS_Timeline_2007b-300x215-181x130.jpeg 181w\" sizes=\"auto, (max-width: 300px) 100vw, 300px\" \/><\/p>\n<p>Im Jahr 2007, wegen einer wichtigen Umsatzsteigerung der Firma OMArS S.p.A., wird die neue Lagerhalle von 6.000 Quadratmetern in Beinette angefangen.<\/p>\n\n<\/div><div class=\"cq-carouselcontent\">\n<p><img loading=\"lazy\" decoding=\"async\" class=\"alignnone size-medium wp-image-8318\" src=\"http:\/\/www.omarsspa.it\/wp-content\/uploads\/2017\/09\/OMArS_Timeline_2008-300x215-300x215.jpeg\" alt=\"\" width=\"300\" height=\"215\" srcset=\"https:\/\/www.omarsspa.it\/wp-content\/uploads\/2017\/09\/OMArS_Timeline_2008-300x215.jpeg 300w, https:\/\/www.omarsspa.it\/wp-content\/uploads\/2017\/09\/OMArS_Timeline_2008-300x215-92x66.jpeg 92w, https:\/\/www.omarsspa.it\/wp-content\/uploads\/2017\/09\/OMArS_Timeline_2008-300x215-181x130.jpeg 181w\" sizes=\"auto, (max-width: 300px) 100vw, 300px\" \/><\/p>\n<p>Die Jahren ab 2008 sind sehr wichtig f\u00fcr die Firma OMArS S.p.A. Man f\u00e4ngt das Studium und die Produktion der Aufbauten f\u00fcr pick-up wie Isuzu an.<\/p>\n\n<\/div><div class=\"cq-carouselcontent\">\n<p><img loading=\"lazy\" decoding=\"async\" class=\"alignnone size-medium wp-image-8319\" src=\"http:\/\/www.omarsspa.it\/wp-content\/uploads\/2017\/09\/OMArS_Timeline_2010a-300x215-300x215.jpeg\" alt=\"\" width=\"300\" height=\"215\" srcset=\"https:\/\/www.omarsspa.it\/wp-content\/uploads\/2017\/09\/OMArS_Timeline_2010a-300x215.jpeg 300w, https:\/\/www.omarsspa.it\/wp-content\/uploads\/2017\/09\/OMArS_Timeline_2010a-300x215-92x66.jpeg 92w, https:\/\/www.omarsspa.it\/wp-content\/uploads\/2017\/09\/OMArS_Timeline_2010a-300x215-181x130.jpeg 181w\" sizes=\"auto, (max-width: 300px) 100vw, 300px\" \/><\/p>\n<p>Die Palette Hubbrillen und ROTATOR entwickelt sich mit dem Studium von neuer Geometrie und neuen hinteren und vornen Abst\u00fctzungen, um in diesem Bereich immer mehr zu geben.<\/p>\n\n<\/div><div class=\"cq-carouselcontent\">\n<p><img loading=\"lazy\" decoding=\"async\" class=\"alignnone size-full wp-image-9106\" src=\"http:\/\/www.omarsspa.it\/wp-content\/uploads\/2017\/09\/storia_omars_2015.jpg\" alt=\"\" width=\"300\" height=\"199\" srcset=\"https:\/\/www.omarsspa.it\/wp-content\/uploads\/2017\/09\/storia_omars_2015.jpg 300w, https:\/\/www.omarsspa.it\/wp-content\/uploads\/2017\/09\/storia_omars_2015-99x66.jpg 99w, https:\/\/www.omarsspa.it\/wp-content\/uploads\/2017\/09\/storia_omars_2015-196x130.jpg 196w\" sizes=\"auto, (max-width: 300px) 100vw, 300px\" \/><\/p>\n<p>Letzte Generation der Palette Hubbrillen und ROTATOR: Die Abschleppwagen schlechthin.<\/p>\n\n<\/div><div class=\"cq-carouselcontent\">\n<p><img loading=\"lazy\" decoding=\"async\" class=\"alignnone size-medium wp-image-8321\" src=\"http:\/\/www.omarsspa.it\/wp-content\/uploads\/2017\/09\/OMArS_Timeline_oggi-300x215-300x215.jpeg\" alt=\"\" width=\"300\" height=\"215\" srcset=\"https:\/\/www.omarsspa.it\/wp-content\/uploads\/2017\/09\/OMArS_Timeline_oggi-300x215.jpeg 300w, https:\/\/www.omarsspa.it\/wp-content\/uploads\/2017\/09\/OMArS_Timeline_oggi-300x215-92x66.jpeg 92w, https:\/\/www.omarsspa.it\/wp-content\/uploads\/2017\/09\/OMArS_Timeline_oggi-300x215-181x130.jpeg 181w\" sizes=\"auto, (max-width: 300px) 100vw, 300px\" \/><\/p>\n<p>Die Firma OMArS S.p.A. feiert ihre erste 40 Jahre der Tradition und Aufmerksamkeit am Kunde und sie sieht in der Zukunft mit neuen L\u00f6sungen und Ideen.<\/p>\n\n<\/div><div class=\"cq-carouselcontent\">\n<p><img loading=\"lazy\" decoding=\"async\" class=\"alignnone size-full wp-image-9079\" src=\"http:\/\/www.omarsspa.it\/wp-content\/uploads\/2017\/09\/2017.jpg\" alt=\"\" width=\"300\" height=\"199\" srcset=\"https:\/\/www.omarsspa.it\/wp-content\/uploads\/2017\/09\/2017.jpg 300w, https:\/\/www.omarsspa.it\/wp-content\/uploads\/2017\/09\/2017-99x66.jpg 99w, https:\/\/www.omarsspa.it\/wp-content\/uploads\/2017\/09\/2017-196x130.jpg 196w\" sizes=\"auto, (max-width: 300px) 100vw, 300px\" \/><\/p>\n<p>Die Palette der Aufbauten ist in st\u00e4ndiger Entwicklung und die Palette der Plateaus und der Hubbrillen wird mit wichtigen Einzelheiten f\u00fcr die Hilfe aktualisiert.<\/p>\n\n<p><\/div><\/div><\/div><\/div><\/div><\/div><div class=\"cq-barcontainer\"><div class=\"cq-highlight-container icon\"><div class=\"cq-highlight circle\" data-iconbgcolors=\"#D92E1F\"><span class=\"fa fa-1x fa-circle\"><\/span><\/div><span class=\"cq-highlight-label\">1972<\/span><\/div><div class=\"cq-highlight-container icon\"><div class=\"cq-highlight circle\" data-iconbgcolors=\"#D92E1F\"><span class=\"fa fa-1x fa-circle\"><\/span><\/div><span class=\"cq-highlight-label\">1975<\/span><\/div><div class=\"cq-highlight-container icon\"><div class=\"cq-highlight circle\" data-iconbgcolors=\"#D92E1F\"><span class=\"fa fa-1x fa-circle\"><\/span><\/div><span class=\"cq-highlight-label\">1981<\/span><\/div><div class=\"cq-highlight-container icon\"><div class=\"cq-highlight circle\" data-iconbgcolors=\"#D92E1F\"><span class=\"fa fa-1x fa-circle\"><\/span><\/div><span class=\"cq-highlight-label\">1992<\/span><\/div><div class=\"cq-highlight-container icon\"><div class=\"cq-highlight circle\" data-iconbgcolors=\"#D92E1F\"><span class=\"fa fa-1x fa-circle\"><\/span><\/div><span class=\"cq-highlight-label\">1998<\/span><\/div><div class=\"cq-highlight-container icon\"><div class=\"cq-highlight circle\" data-iconbgcolors=\"#D92E1F\"><span class=\"fa fa-1x fa-circle\"><\/span><\/div><span class=\"cq-highlight-label\">1998-1999<\/span><\/div><div class=\"cq-highlight-container icon\"><div class=\"cq-highlight circle\" data-iconbgcolors=\"#D92E1F\"><span class=\"fa fa-1x fa-circle\"><\/span><\/div><span class=\"cq-highlight-label\">2004<\/span><\/div><div class=\"cq-highlight-container icon\"><div class=\"cq-highlight circle\" data-iconbgcolors=\"#D92E1F\"><span class=\"fa fa-1x fa-circle\"><\/span><\/div><span class=\"cq-highlight-label\">2007-2009<\/span><\/div><div class=\"cq-highlight-container icon\"><div class=\"cq-highlight circle\" data-iconbgcolors=\"#D92E1F\"><span class=\"fa fa-1x fa-circle\"><\/span><\/div><span class=\"cq-highlight-label\">2008-2009<\/span><\/div><div class=\"cq-highlight-container icon\"><div class=\"cq-highlight circle\" data-iconbgcolors=\"#D92E1F\"><span class=\"fa fa-1x fa-circle\"><\/span><\/div><span class=\"cq-highlight-label\">2010-2014<\/span><\/div><div class=\"cq-highlight-container icon\"><div class=\"cq-highlight circle\" data-iconbgcolors=\"#D92E1F\"><span class=\"fa fa-1x fa-circle\"><\/span><\/div><span class=\"cq-highlight-label\">2015<\/span><\/div><div class=\"cq-highlight-container icon\"><div class=\"cq-highlight circle\" data-iconbgcolors=\"#D92E1F\"><span class=\"fa fa-1x fa-circle\"><\/span><\/div><span class=\"cq-highlight-label\">2015<\/span><\/div><div class=\"cq-highlight-container icon\"><div class=\"cq-highlight circle\" data-iconbgcolors=\"#D92E1F\"><span class=\"fa fa-1x fa-circle\"><\/span><\/div><span class=\"cq-highlight-label\">2017<\/span><\/div><\/div><\/div><\/div>[\/vc_column][\/vc_row]<\/p>\n<\/div>","protected":false},"excerpt":{"rendered":"<p>[vc_row][vc_column][block_title title=&#8220;OMARS&#8220;]EINE GESCHICHTE, DIE DIE ZEIT TROTZET[\/block_title][vc_empty_space height=&#8220;40px&#8220;][vc_row_inner css=&#8220;.vc_custom_1506701827880{margin-top: -50px !important;}&#8220;][vc_column_inner width=&#8220;2\/3&#8243;][vc_single_image image=&#8220;8400&#8243; img_size=&#8220;full&#8220;][\/vc_column_inner][vc_column_inner width=&#8220;1\/3&#8243;][vc_column_text]Heute haben wir eine gedeckte Werkanlage von 12.000 Quadratmetern: deshalb k\u00f6nnen wir gleichzeitig auf viele Fahrzeuge arbeiten und wir k\u00f6nnen auch lieferbereit zahlreiche Aufbautentypen speichern. Wir k\u00f6nnen die verschiedene Erfordernisse des Pannendienstes und des Fahrzeugstransports bis drei Autos zu befriedigen. W\u00e4hrend [&hellip;]<\/p>\n","protected":false},"author":3,"featured_media":0,"parent":0,"menu_order":13,"comment_status":"closed","ping_status":"open","template":"","meta":{"om_disable_all_campaigns":false,"footnotes":""},"class_list":["post-9154","page","type-page","status-publish","hentry"],"_links":{"self":[{"href":"https:\/\/www.omarsspa.it\/de\/wp-json\/wp\/v2\/pages\/9154","targetHints":{"allow":["GET"]}}],"collection":[{"href":"https:\/\/www.omarsspa.it\/de\/wp-json\/wp\/v2\/pages"}],"about":[{"href":"https:\/\/www.omarsspa.it\/de\/wp-json\/wp\/v2\/types\/page"}],"author":[{"embeddable":true,"href":"https:\/\/www.omarsspa.it\/de\/wp-json\/wp\/v2\/users\/3"}],"replies":[{"embeddable":true,"href":"https:\/\/www.omarsspa.it\/de\/wp-json\/wp\/v2\/comments?post=9154"}],"version-history":[{"count":2,"href":"https:\/\/www.omarsspa.it\/de\/wp-json\/wp\/v2\/pages\/9154\/revisions"}],"predecessor-version":[{"id":9218,"href":"https:\/\/www.omarsspa.it\/de\/wp-json\/wp\/v2\/pages\/9154\/revisions\/9218"}],"wp:attachment":[{"href":"https:\/\/www.omarsspa.it\/de\/wp-json\/wp\/v2\/media?parent=9154"}],"curies":[{"name":"wp","href":"https:\/\/api.w.org\/{rel}","templated":true}]}}