{"id":12433,"date":"2019-04-30T12:01:20","date_gmt":"2019-04-30T10:01:20","guid":{"rendered":"http:\/\/www.omarsspa.it\/?page_id=12433\/"},"modified":"2022-04-19T09:15:10","modified_gmt":"2022-04-19T07:15:10","slug":"privacy-policy-6","status":"publish","type":"page","link":"https:\/\/www.omarsspa.it\/be\/privacy-policy-6\/","title":{"rendered":"Privacy Policy"},"content":{"rendered":"<div class=\"wpb-content-wrapper\"><p>[vc_row][vc_column][vc_column_text]<\/p>\n<h3 class=\"iconbox-title\">Syst\u00e8me de gestion de la Privacy<\/h3>\n<div class=\"iconbox-content\">\n<p>L&#8217;Omars Spa, \u00e0 la lumi\u00e8re du r\u00e8glement europ\u00e9en sur la protection des donn\u00e9es \u00e0 caract\u00e8re personnel (r\u00e8glement EU \/ 2016\/679), met \u00e0 disposition les documents organisationnels adopt\u00e9s pour assurer la protection et le traitement correct des donn\u00e9es des utilisateurs de ses services:<\/p>\n<ul>\n<li><a href=\"http:\/\/www.omarsspa.it\/wp-content\/uploads\/2019\/04\/INFORMATION-POUR-LES-CLIENTS-FOURNISSEURS-COURTS.pdf\">Information pour les clients &#8211; fournisseurs courts<\/a><\/li>\n<li><a href=\"http:\/\/www.omarsspa.it\/wp-content\/uploads\/2019\/04\/Informations-client.pdf\">Informations aux client<\/a><\/li>\n<li><a href=\"\/wp-content\/uploads\/2022\/02\/informativa-clienti-1.1-fr.pdf\">Informations pour les contacts du site<\/a><\/li>\n<li><a href=\"\/wp-content\/uploads\/2022\/02\/informativa-fornitori-1.1-fr.pdf\">Informations pour les fournisseurs<\/a><\/li>\n<li><a href=\"\/wp-content\/uploads\/2022\/02\/informativa-contatti-da-sito-1.1-fr.pdf\">Informations pour les utilisateurs du site<\/a><\/li>\n<li><a href=\"\/wp-content\/uploads\/2022\/02\/informativa-videosorveglianza-1.1-fr.pdf\">Informations de confidentialit\u00e9 sur la vid\u00e9osurveillance<\/a><\/li>\n<li><a href=\"http:\/\/www.omarsspa.it\/wp-content\/uploads\/2019\/04\/PROC\u00c9DURE-DEXERCICE-DROITS-RECONNUS-AU-INT\u00c9RESS\u00c9.pdf\">Proc\u00e9dure d&#8217;exercice droits reconnus au int\u00e9ress\u00e9<\/a><\/li>\n<li><a href=\"http:\/\/www.omarsspa.it\/wp-content\/uploads\/2019\/04\/ARTICLES-DROITS-RECONNUS-\u00c0-LINT\u00c9R\u00caT.pdf\">Articles droits reconnus \u00e0 l&#8217;int\u00e9r\u00eat<\/a><\/li>\n<\/ul>\n<p>&nbsp;<\/p><\/div>\n<p>[\/vc_column_text][\/vc_column][\/vc_row]<\/p>\n<\/div>","protected":false},"excerpt":{"rendered":"<p>[vc_row][vc_column][vc_column_text] Syst\u00e8me de gestion de la Privacy L&#8217;Omars Spa, \u00e0 la lumi\u00e8re du r\u00e8glement europ\u00e9en sur la protection des donn\u00e9es \u00e0 caract\u00e8re personnel (r\u00e8glement EU \/ 2016\/679), met \u00e0 disposition les documents organisationnels adopt\u00e9s pour assurer la protection et le traitement correct des donn\u00e9es des utilisateurs de ses services: Information pour les clients &#8211; fournisseurs [&hellip;]<\/p>\n","protected":false},"author":3,"featured_media":0,"parent":0,"menu_order":0,"comment_status":"closed","ping_status":"open","template":"","meta":{"om_disable_all_campaigns":false,"footnotes":""},"class_list":["post-12433","page","type-page","status-publish","hentry"],"_links":{"self":[{"href":"https:\/\/www.omarsspa.it\/be\/wp-json\/wp\/v2\/pages\/12433","targetHints":{"allow":["GET"]}}],"collection":[{"href":"https:\/\/www.omarsspa.it\/be\/wp-json\/wp\/v2\/pages"}],"about":[{"href":"https:\/\/www.omarsspa.it\/be\/wp-json\/wp\/v2\/types\/page"}],"author":[{"embeddable":true,"href":"https:\/\/www.omarsspa.it\/be\/wp-json\/wp\/v2\/users\/3"}],"replies":[{"embeddable":true,"href":"https:\/\/www.omarsspa.it\/be\/wp-json\/wp\/v2\/comments?post=12433"}],"version-history":[{"count":3,"href":"https:\/\/www.omarsspa.it\/be\/wp-json\/wp\/v2\/pages\/12433\/revisions"}],"predecessor-version":[{"id":12812,"href":"https:\/\/www.omarsspa.it\/be\/wp-json\/wp\/v2\/pages\/12433\/revisions\/12812"}],"wp:attachment":[{"href":"https:\/\/www.omarsspa.it\/be\/wp-json\/wp\/v2\/media?parent=12433"}],"curies":[{"name":"wp","href":"https:\/\/api.w.org\/{rel}","templated":true}]}}