{"id":11466,"date":"2018-03-27T18:48:57","date_gmt":"2018-03-27T16:48:57","guid":{"rendered":"http:\/\/lnx.omarsspa.it\/?page_id=11466\/"},"modified":"2018-10-17T12:18:52","modified_gmt":"2018-10-17T10:18:52","slug":"panier-poids-lourds","status":"publish","type":"page","link":"https:\/\/www.omarsspa.it\/be\/panier-poids-lourds\/","title":{"rendered":"PANIER POIDS-LOURDS"},"content":{"rendered":"<div class=\"wpb-content-wrapper\"><p>[vc_row][vc_column][block_title title=&#8221;PANIER POIDS-LOURDS&#8221;]LE MEILLEUR ASSISTANT POUR LE D\u00c9PANNAGE DE POIDS LOURDS[\/block_title][vc_column_text css=&#8221;.vc_custom_1506528191929{margin-top: -50px !important;}&#8221;]<div class=\"center-content\"><div class=\"decor-2\"><i class=\"icon fa fa-caret-down\"><\/i><\/div><\/div>[\/vc_column_text][vc_row_inner][vc_column_inner width=&#8221;1\/3&#8243;][vc_custom_heading text=&#8221;Mod\u00e8les&#8221; font_container=&#8221;tag:h5|font_size:20|text_align:left|color:%23dd3333&#8243; google_fonts=&#8221;font_family:Raleway%3A100%2C200%2C300%2Cregular%2C500%2C600%2C700%2C800%2C900|font_style:600%20bold%20regular%3A600%3Anormal&#8221;][vc_raw_html css=&#8221;.vc_custom_1506528018269{margin-top: 20px !important;margin-bottom: 0px !important;}&#8221;]JTNDZGl2JTIwY2xhc3MlM0QlMjJkZWNvci0xJTIyJTNFJTNDJTJGZGl2JTNF[\/vc_raw_html][vc_column_text]Une large gamme de mod\u00e8les pour satisfaire chaque diff\u00e9rente exigence pour le d\u00e9pannage.[\/vc_column_text][\/vc_column_inner][vc_column_inner width=&#8221;1\/3&#8243;][\/vc_column_inner][vc_column_inner width=&#8221;1\/3&#8243;][vc_custom_heading text=&#8221;\u00c9quipements relatifs&#8221; font_container=&#8221;tag:h5|font_size:20|text_align:left|color:%23dd3333&#8243; google_fonts=&#8221;font_family:Raleway%3A100%2C200%2C300%2Cregular%2C500%2C600%2C700%2C800%2C900|font_style:600%20bold%20regular%3A600%3Anormal&#8221;][vc_raw_html css=&#8221;.vc_custom_1506528018269{margin-top: 20px !important;margin-bottom: 0px !important;}&#8221;]JTNDZGl2JTIwY2xhc3MlM0QlMjJkZWNvci0xJTIyJTNFJTNDJTJGZGl2JTNF[\/vc_raw_html][vc_column_text]Regardez nos derni\u00e8rs \u00e9quipements pour nos clients.[\/vc_column_text][\/vc_column_inner][\/vc_row_inner][\/vc_column][\/vc_row][vc_row css=&#8221;.vc_custom_1521815442096{margin-bottom: 30px !important;}&#8221;][vc_column width=&#8221;2\/3&#8243;]<div style=\"height:px;margin:0 0 35px 0;\" class=\"cq-imgwitharrow-container cq-imagewitharrow-smallround right \" data-color=\"#ffffff\" data-background=\"#c1c1c1\" data-captionalign=\"right\" data-arrowtop=\"45%\" data-arrowleft=\"45%\" data-fontsize1=\"\" data-iwidth=\"50%\" data-iheight=\"100%\" data-twidth=\"50%\" data-theight=\"100%\" data-arrowsize=\"large\"><div class=\"cq-imgwitharrow-photo\" data-url=\"https:\/\/www.omarsspa.it\/wp-content\/uploads\/2017\/09\/RENAULT-PREMIUM-4X2-90T-8.jpg\" style=\"width:50%;height:100%;\"><\/div><div class=\"cq-imgwitharrow-box\" style=\"width:50%;height:100%;\"><div class=\"cq-imgwitharrow-content\"><p class=\"cq-content\">\n                        <\/p>\n<h3 class=\"vc_custom_heading\">Panier poids-lourds 100T<br \/>\nOMARS RECOVERY<\/h3>\n<p>Les dimensions r\u00e9duites le rendent appropri\u00e9 pour v\u00e9hicules \u00e0 2 ou 3 essieux.\n                      <\/p><\/div>\n                      <div class=\"cq-arrowborder-container\">\n                            <div class=\"cq-arrowborder1\"><\/div>\n                            <div class=\"cq-arrowborder2\"><\/div>\n                            <div class=\"cq-arrowborder3\"><\/div>\n                          <\/div><\/div><\/div><div class=\"cq-buttoncontainer  \"><div class=\"animatetype-1\"><div><a href=\"http:\/\/www.omarsspa.it\/wp-content\/uploads\/2018\/05\/002-100-T-1.pdf\" title=\"\" target=\"\" style=\"color:;background-color:#d92e1f;\" class=\"btn cqbtn-1\"><span class=\"txt\">D\u00e9chargez la fiche t\u00e9chnique<\/span><span class=\"round\"><i style=\"margin-top:-9px;margin-left:-9px;\" class=\"fa fa-info\"><\/i><\/span><\/a><\/div><\/div><\/div>[vc_empty_space height=&#8221;20px&#8221;][\/vc_column][vc_column width=&#8221;1\/3&#8243; offset=&#8221;vc_hidden-xs&#8221;][vc_masonry_grid post_type=&#8221;pixad-autos&#8221; max_items=&#8221;4&#8243; element_width=&#8221;6&#8243; gap=&#8221;0&#8243; item=&#8221;5903&#8243; grid_id=&#8221;vc_gid:1539771516543-d4aed5b4-01f9-9&#8243; taxonomies=&#8221;255&#8243;]<div class=\"cq-buttoncontainer  \"><div class=\"animatetype-1\"><div><a href=\"http:\/\/www.omarsspa.it\/\/allestimenti\/?equipment=forcone-omars-100t\" title=\"\" target=\"\" style=\"color:;background-color:#d92e1f;\" class=\"btn cqbtn-1\"><span class=\"txt\">Voyez tous les \u00e9quipements<\/span><span class=\"round\"><i style=\"margin-top:-9px;margin-left:-9px;\" class=\"fa fa-arrow-right\"><\/i><\/span><\/a><\/div><\/div><\/div>[vc_empty_space height=&#8221;20px&#8221;][\/vc_column][\/vc_row][vc_row css=&#8221;.vc_custom_1521815483889{margin-top: 30px !important;margin-bottom: 30px !important;}&#8221;][vc_column width=&#8221;2\/3&#8243;]<div style=\"height:px;margin:0 0 35px 0;\" class=\"cq-imgwitharrow-container cq-imagewitharrow-smallround right \" data-color=\"#bcbcbc\" data-background=\"#e8e8e8\" data-captionalign=\"right\" data-arrowtop=\"45%\" data-arrowleft=\"45%\" data-fontsize1=\"\" data-iwidth=\"50%\" data-iheight=\"100%\" data-twidth=\"50%\" data-theight=\"100%\" data-arrowsize=\"large\"><div class=\"cq-imgwitharrow-photo\" data-url=\"https:\/\/www.omarsspa.it\/wp-content\/uploads\/2017\/09\/SCANIA-R450-6X4-110T-7.jpg\" style=\"width:50%;height:100%;\"><\/div><div class=\"cq-imgwitharrow-box\" style=\"width:50%;height:100%;\"><div class=\"cq-imgwitharrow-content\"><p class=\"cq-content\">\n                        <\/p>\n<h3 class=\"vc_custom_heading\">Panier poids-lourds 110T<br \/>\nOMARS RECOVERY<\/h3>\n<p>Appropri\u00e9 pour v\u00e9hicules \u00e0 3 ou 4 essieux: le meilleur \u00e9quipement pour le d\u00e9pannage de poids lourds.\n                      <\/p><\/div>\n                      <div class=\"cq-arrowborder-container\">\n                            <div class=\"cq-arrowborder1\"><\/div>\n                            <div class=\"cq-arrowborder2\"><\/div>\n                            <div class=\"cq-arrowborder3\"><\/div>\n                          <\/div><\/div><\/div><div class=\"cq-buttoncontainer  \"><div class=\"animatetype-1\"><div><a href=\"http:\/\/www.omarsspa.it\/\/wp-content\/uploads\/2018\/02\/027-110T.pdf\" title=\"\" target=\"\" style=\"color:;background-color:#d92e1f;\" class=\"btn cqbtn-1\"><span class=\"txt\">D\u00e9chargez la fiche t\u00e9chnique<\/span><span class=\"round\"><i style=\"margin-top:-9px;margin-left:-9px;\" class=\"fa fa-info\"><\/i><\/span><\/a><\/div><\/div><\/div>[vc_empty_space height=&#8221;20px&#8221;][\/vc_column][vc_column width=&#8221;1\/3&#8243; offset=&#8221;vc_hidden-xs&#8221;][vc_masonry_grid post_type=&#8221;pixad-autos&#8221; max_items=&#8221;4&#8243; element_width=&#8221;6&#8243; gap=&#8221;0&#8243; item=&#8221;5903&#8243; grid_id=&#8221;vc_gid:1539771516546-ae1ec3ae-6afe-9&#8243; taxonomies=&#8221;256&#8243;]<div class=\"cq-buttoncontainer  \"><div class=\"animatetype-1\"><div><a href=\"http:\/\/www.omarsspa.it\/\/allestimenti\/?equipment=forcone-omars-110t\" title=\"\" target=\"\" style=\"color:;background-color:#d92e1f;\" class=\"btn cqbtn-1\"><span class=\"txt\">Voyez tous les \u00e9quipements<\/span><span class=\"round\"><i style=\"margin-top:-9px;margin-left:-9px;\" class=\"fa fa-arrow-right\"><\/i><\/span><\/a><\/div><\/div><\/div>[vc_empty_space height=&#8221;20px&#8221;][\/vc_column][\/vc_row][vc_row css=&#8221;.vc_custom_1521815514493{margin-top: 30px !important;margin-bottom: 30px !important;}&#8221;][vc_column width=&#8221;2\/3&#8243;]<div style=\"height:px;margin:0 0 35px 0;\" class=\"cq-imgwitharrow-container cq-imagewitharrow-smallround right \" data-color=\"#ffffff\" data-background=\"#c1c1c1\" data-captionalign=\"right\" data-arrowtop=\"45%\" data-arrowleft=\"45%\" data-fontsize1=\"\" data-iwidth=\"50%\" data-iheight=\"100%\" data-twidth=\"50%\" data-theight=\"100%\" data-arrowsize=\"large\"><div class=\"cq-imgwitharrow-photo\" data-url=\"https:\/\/www.omarsspa.it\/wp-content\/uploads\/2017\/10\/MB-AROCS-4152-8x8-120T-72.jpg\" style=\"width:50%;height:100%;\"><\/div><div class=\"cq-imgwitharrow-box\" style=\"width:50%;height:100%;\"><div class=\"cq-imgwitharrow-content\"><p class=\"cq-content\">\n                        <\/p>\n<h3 class=\"vc_custom_heading\">Panier poids-lourds 120T OMARS RECOVERY<\/h3>\n<p>Le top de gamme qui ne craint pas comparaisons pour le d\u00e9pannage de tous le poids lourds.\n                      <\/p><\/div>\n                      <div class=\"cq-arrowborder-container\">\n                            <div class=\"cq-arrowborder1\"><\/div>\n                            <div class=\"cq-arrowborder2\"><\/div>\n                            <div class=\"cq-arrowborder3\"><\/div>\n                          <\/div><\/div><\/div><div class=\"cq-buttoncontainer  \"><div class=\"animatetype-1\"><div><a href=\"http:\/\/www.omarsspa.it\/\/wp-content\/uploads\/2018\/02\/028-120T.pdf\" title=\"\" target=\"\" style=\"color:;background-color:#d92e1f;\" class=\"btn cqbtn-1\"><span class=\"txt\">D\u00e9chargez la fiche t\u00e9chnique<\/span><span class=\"round\"><i style=\"margin-top:-9px;margin-left:-9px;\" class=\"fa fa-info\"><\/i><\/span><\/a><\/div><\/div><\/div>[vc_empty_space height=&#8221;20px&#8221;][\/vc_column][vc_column width=&#8221;1\/3&#8243; offset=&#8221;vc_hidden-xs&#8221;][vc_masonry_grid post_type=&#8221;pixad-autos&#8221; max_items=&#8221;4&#8243; element_width=&#8221;6&#8243; gap=&#8221;0&#8243; item=&#8221;5903&#8243; grid_id=&#8221;vc_gid:1539771516550-6dff6342-e85c-0&#8243; taxonomies=&#8221;262&#8243;]<div class=\"cq-buttoncontainer  \"><div class=\"animatetype-1\"><div><a href=\"http:\/\/www.omarsspa.it\/\/allestimenti\/?equipment=forcone-omars-120t\" title=\"\" target=\"\" style=\"color:;background-color:#d92e1f;\" class=\"btn cqbtn-1\"><span class=\"txt\">Voyez tous les \u00e9quipements<\/span><span class=\"round\"><i style=\"margin-top:-9px;margin-left:-9px;\" class=\"fa fa-arrow-right\"><\/i><\/span><\/a><\/div><\/div><\/div>[vc_empty_space height=&#8221;20px&#8221;][\/vc_column][\/vc_row][vc_row css=&#8221;.vc_custom_1521815540254{margin-top: 30px !important;margin-bottom: 30px !important;}&#8221;][vc_column width=&#8221;2\/3&#8243;]<div style=\"height:px;margin:0 0 35px 0;\" class=\"cq-imgwitharrow-container cq-imagewitharrow-smallround right \" data-color=\"#bcbcbc\" data-background=\"#e8e8e8\" data-captionalign=\"right\" data-arrowtop=\"45%\" data-arrowleft=\"45%\" data-fontsize1=\"\" data-iwidth=\"50%\" data-iheight=\"100%\" data-twidth=\"50%\" data-theight=\"100%\" data-arrowsize=\"large\"><div class=\"cq-imgwitharrow-photo\" data-url=\"https:\/\/www.omarsspa.it\/wp-content\/uploads\/2017\/10\/SCANIA-G490-8X4-60TR110T-11.jpg\" style=\"width:50%;height:100%;\"><\/div><div class=\"cq-imgwitharrow-box\" style=\"width:50%;height:100%;\"><div class=\"cq-imgwitharrow-content\"><p class=\"cq-content\">\n                        <\/p>\n<h3 class=\"vc_custom_heading\">Panier poids-lourds 60TR+ 110T OMARS RECOVERY ROTATOR<\/h3>\n<p>Le mod\u00e8le d&#8217;entr\u00e9e dans le monde de ROTATOR. Il permet de d\u00e9panner les v\u00e9hicules accident\u00e9s dans toutes les conditions.\n                      <\/p><\/div>\n                      <div class=\"cq-arrowborder-container\">\n                            <div class=\"cq-arrowborder1\"><\/div>\n                            <div class=\"cq-arrowborder2\"><\/div>\n                            <div class=\"cq-arrowborder3\"><\/div>\n                          <\/div><\/div><\/div><div class=\"cq-buttoncontainer  \"><div class=\"animatetype-1\"><div><a href=\"http:\/\/www.omarsspa.it\/\/wp-content\/uploads\/2018\/02\/029-60TR110T.pdf\" title=\"\" target=\"\" style=\"color:;background-color:#d92e1f;\" class=\"btn cqbtn-1\"><span class=\"txt\">D\u00e9chargez la fiche t\u00e9chnique<\/span><span class=\"round\"><i style=\"margin-top:-9px;margin-left:-9px;\" class=\"fa fa-info\"><\/i><\/span><\/a><\/div><\/div><\/div>[vc_empty_space height=&#8221;20px&#8221;][\/vc_column][vc_column width=&#8221;1\/3&#8243; offset=&#8221;vc_hidden-xs&#8221;][vc_masonry_grid post_type=&#8221;pixad-autos&#8221; max_items=&#8221;4&#8243; element_width=&#8221;6&#8243; gap=&#8221;0&#8243; item=&#8221;5903&#8243; grid_id=&#8221;vc_gid:1539771516551-c13f9f91-cc12-6&#8243; taxonomies=&#8221;258&#8243;]<div class=\"cq-buttoncontainer  \"><div class=\"animatetype-1\"><div><a href=\"http:\/\/www.omarsspa.it\/\/allestimenti\/?equipment=forcone-omars-60tr110t\" title=\"\" target=\"\" style=\"color:;background-color:#d92e1f;\" class=\"btn cqbtn-1\"><span class=\"txt\">Voyez tous les \u00e9quipements<\/span><span class=\"round\"><i style=\"margin-top:-9px;margin-left:-9px;\" class=\"fa fa-arrow-right\"><\/i><\/span><\/a><\/div><\/div><\/div>[vc_empty_space height=&#8221;20px&#8221;][\/vc_column][\/vc_row][vc_row css=&#8221;.vc_custom_1521815573985{margin-top: 30px !important;margin-bottom: 30px !important;}&#8221;][vc_column width=&#8221;2\/3&#8243;]<div style=\"height:px;margin:0 0 35px 0;\" class=\"cq-imgwitharrow-container cq-imagewitharrow-smallround right \" data-color=\"#ffffff\" data-background=\"#c1c1c1\" data-captionalign=\"right\" data-arrowtop=\"45%\" data-arrowleft=\"45%\" data-fontsize1=\"\" data-iwidth=\"50%\" data-iheight=\"100%\" data-twidth=\"50%\" data-theight=\"100%\" data-arrowsize=\"large\"><div class=\"cq-imgwitharrow-photo\" data-url=\"https:\/\/www.omarsspa.it\/wp-content\/uploads\/2017\/10\/100TR110T-TRIAL-64.jpg\" style=\"width:50%;height:100%;\"><\/div><div class=\"cq-imgwitharrow-box\" style=\"width:50%;height:100%;\"><div class=\"cq-imgwitharrow-content\"><p class=\"cq-content\">\n                        <\/p>\n<h3 class=\"vc_custom_heading\">Panier poids-lourds 100TR+110T<br \/>\nOMARS RECOVERY ROTATOR<\/h3>\n<p>Le Rotator le plus performant con\u00e7u pour les plus difficiles situations dans le d\u00e9pannage.\n                      <\/p><\/div>\n                      <div class=\"cq-arrowborder-container\">\n                            <div class=\"cq-arrowborder1\"><\/div>\n                            <div class=\"cq-arrowborder2\"><\/div>\n                            <div class=\"cq-arrowborder3\"><\/div>\n                          <\/div><\/div><\/div><div class=\"cq-buttoncontainer  \"><div class=\"animatetype-1\"><div><a href=\"http:\/\/www.omarsspa.it\/wp-content\/uploads\/2018\/10\/scheda-100TR_110T.pdf\" title=\"\" target=\"\" style=\"color:;background-color:#d92e1f;\" class=\"btn cqbtn-1\"><span class=\"txt\">D\u00e9chargez la fiche t\u00e9chnique<\/span><span class=\"round\"><i style=\"margin-top:-9px;margin-left:-9px;\" class=\"fa fa-info\"><\/i><\/span><\/a><\/div><\/div><\/div>[vc_empty_space height=&#8221;20px&#8221;][\/vc_column][vc_column width=&#8221;1\/3&#8243; offset=&#8221;vc_hidden-xs&#8221;][vc_masonry_grid post_type=&#8221;pixad-autos&#8221; max_items=&#8221;4&#8243; element_width=&#8221;6&#8243; gap=&#8221;0&#8243; item=&#8221;5903&#8243; grid_id=&#8221;vc_gid:1539771516552-99bc7ebf-7634-1&#8243; taxonomies=&#8221;260&#8243;]<div class=\"cq-buttoncontainer  \"><div class=\"animatetype-1\"><div><a href=\"\" title=\"\" target=\"\" style=\"color:;background-color:#d92e1f;\" class=\"btn cqbtn-1\"><span class=\"txt\">Voyez tous les \u00e9quipements<\/span><span class=\"round\"><i style=\"margin-top:-9px;margin-left:-9px;\" class=\"fa fa-arrow-right\"><\/i><\/span><\/a><\/div><\/div><\/div>[vc_empty_space height=&#8221;20px&#8221;][\/vc_column][\/vc_row][vc_row css=&#8221;.vc_custom_1521815621285{margin-top: 30px !important;margin-bottom: 30px !important;}&#8221;][vc_column width=&#8221;2\/3&#8243;]<div style=\"height:px;margin:0 0 35px 0;\" class=\"cq-imgwitharrow-container cq-imagewitharrow-smallround right \" data-color=\"#bcbcbc\" data-background=\"#e8e8e8\" data-captionalign=\"right\" data-arrowtop=\"45%\" data-arrowleft=\"45%\" data-fontsize1=\"\" data-iwidth=\"50%\" data-iheight=\"100%\" data-twidth=\"50%\" data-theight=\"100%\" data-arrowsize=\"large\"><div class=\"cq-imgwitharrow-photo\" data-url=\"https:\/\/www.omarsspa.it\/wp-content\/uploads\/2017\/10\/140TR110T.jpg\" style=\"width:50%;height:100%;\"><\/div><div class=\"cq-imgwitharrow-box\" style=\"width:50%;height:100%;\"><div class=\"cq-imgwitharrow-content\"><p class=\"cq-content\">\n                        <\/p>\n<h3 class=\"vc_custom_heading\">Panier 140TR+ 110T OMARS RECOVERY ROTATOR<\/h3>\n<p>Sa structure a \u00e9t\u00e9 con\u00e7ue pour travailler dans des conditions tr\u00e8s difficiles du d\u00e9pannage de poids lourds.\n                      <\/p><\/div>\n                      <div class=\"cq-arrowborder-container\">\n                            <div class=\"cq-arrowborder1\"><\/div>\n                            <div class=\"cq-arrowborder2\"><\/div>\n                            <div class=\"cq-arrowborder3\"><\/div>\n                          <\/div><\/div><\/div><div class=\"cq-buttoncontainer  \"><div class=\"animatetype-1\"><div><a href=\"http:\/\/www.omarsspa.it\/\/wp-content\/uploads\/2018\/02\/438-029-140TR-110T.pdf\" title=\"\" target=\"\" style=\"color:;background-color:#d92e1f;\" class=\"btn cqbtn-1\"><span class=\"txt\">D\u00e9chargez la fiche t\u00e9chnique<\/span><span class=\"round\"><i style=\"margin-top:-9px;margin-left:-9px;\" class=\"fa fa-info\"><\/i><\/span><\/a><\/div><\/div><\/div>[vc_empty_space height=&#8221;20px&#8221;][\/vc_column][vc_column width=&#8221;1\/3&#8243; offset=&#8221;vc_hidden-xs&#8221;][vc_masonry_grid post_type=&#8221;pixad-autos&#8221; max_items=&#8221;4&#8243; element_width=&#8221;6&#8243; gap=&#8221;0&#8243; item=&#8221;5903&#8243; grid_id=&#8221;vc_gid:1539771516554-338f61f3-0b1b-0&#8243; taxonomies=&#8221;263&#8243;]<div class=\"cq-buttoncontainer  \"><div class=\"animatetype-1\"><div><a href=\"http:\/\/www.omarsspa.it\/\/allestimenti\/?equipment=forcone-omars-140t\" title=\"\" target=\"\" style=\"color:;background-color:#d92e1f;\" class=\"btn cqbtn-1\"><span class=\"txt\">Voyez tous les \u00e9quipements<\/span><span class=\"round\"><i style=\"margin-top:-9px;margin-left:-9px;\" class=\"fa fa-arrow-right\"><\/i><\/span><\/a><\/div><\/div><\/div>[vc_empty_space height=&#8221;20px&#8221;][\/vc_column][\/vc_row]<\/p>\n<\/div>","protected":false},"excerpt":{"rendered":"<p>[vc_row][vc_column][block_title title=&#8221;PANIER POIDS-LOURDS&#8221;]LE MEILLEUR ASSISTANT POUR LE D\u00c9PANNAGE DE POIDS LOURDS[\/block_title][vc_column_text css=&#8221;.vc_custom_1506528191929{margin-top: -50px !important;}&#8221;][\/vc_column_text][vc_row_inner][vc_column_inner width=&#8221;1\/3&#8243;][vc_custom_heading text=&#8221;Mod\u00e8les&#8221; font_container=&#8221;tag:h5|font_size:20|text_align:left|color:%23dd3333&#8243; google_fonts=&#8221;font_family:Raleway%3A100%2C200%2C300%2Cregular%2C500%2C600%2C700%2C800%2C900|font_style:600%20bold%20regular%3A600%3Anormal&#8221;][vc_raw_html css=&#8221;.vc_custom_1506528018269{margin-top: 20px !important;margin-bottom: 0px !important;}&#8221;]JTNDZGl2JTIwY2xhc3MlM0QlMjJkZWNvci0xJTIyJTNFJTNDJTJGZGl2JTNF[\/vc_raw_html][vc_column_text]Une large gamme de mod\u00e8les pour satisfaire chaque diff\u00e9rente exigence pour le d\u00e9pannage.[\/vc_column_text][\/vc_column_inner][vc_column_inner width=&#8221;1\/3&#8243;][\/vc_column_inner][vc_column_inner width=&#8221;1\/3&#8243;][vc_custom_heading text=&#8221;\u00c9quipements relatifs&#8221; font_container=&#8221;tag:h5|font_size:20|text_align:left|color:%23dd3333&#8243; google_fonts=&#8221;font_family:Raleway%3A100%2C200%2C300%2Cregular%2C500%2C600%2C700%2C800%2C900|font_style:600%20bold%20regular%3A600%3Anormal&#8221;][vc_raw_html css=&#8221;.vc_custom_1506528018269{margin-top: 20px !important;margin-bottom: 0px !important;}&#8221;]JTNDZGl2JTIwY2xhc3MlM0QlMjJkZWNvci0xJTIyJTNFJTNDJTJGZGl2JTNF[\/vc_raw_html][vc_column_text]Regardez nos derni\u00e8rs \u00e9quipements pour nos clients.[\/vc_column_text][\/vc_column_inner][\/vc_row_inner][\/vc_column][\/vc_row][vc_row css=&#8221;.vc_custom_1521815442096{margin-bottom: 30px !important;}&#8221;][vc_column [&hellip;]<\/p>\n","protected":false},"author":3,"featured_media":0,"parent":0,"menu_order":12,"comment_status":"open","ping_status":"closed","template":"","meta":{"om_disable_all_campaigns":false,"footnotes":""},"class_list":["post-11466","page","type-page","status-publish","hentry"],"_links":{"self":[{"href":"https:\/\/www.omarsspa.it\/be\/wp-json\/wp\/v2\/pages\/11466","targetHints":{"allow":["GET"]}}],"collection":[{"href":"https:\/\/www.omarsspa.it\/be\/wp-json\/wp\/v2\/pages"}],"about":[{"href":"https:\/\/www.omarsspa.it\/be\/wp-json\/wp\/v2\/types\/page"}],"author":[{"embeddable":true,"href":"https:\/\/www.omarsspa.it\/be\/wp-json\/wp\/v2\/users\/3"}],"replies":[{"embeddable":true,"href":"https:\/\/www.omarsspa.it\/be\/wp-json\/wp\/v2\/comments?post=11466"}],"version-history":[{"count":3,"href":"https:\/\/www.omarsspa.it\/be\/wp-json\/wp\/v2\/pages\/11466\/revisions"}],"predecessor-version":[{"id":11919,"href":"https:\/\/www.omarsspa.it\/be\/wp-json\/wp\/v2\/pages\/11466\/revisions\/11919"}],"wp:attachment":[{"href":"https:\/\/www.omarsspa.it\/be\/wp-json\/wp\/v2\/media?parent=11466"}],"curies":[{"name":"wp","href":"https:\/\/api.w.org\/{rel}","templated":true}]}}