{"id":11428,"date":"2018-03-27T16:20:10","date_gmt":"2018-03-27T14:20:10","guid":{"rendered":"http:\/\/lnx.omarsspa.it\/?page_id=11428\/"},"modified":"2022-05-10T10:31:49","modified_gmt":"2022-05-10T08:31:49","slug":"videos-2","status":"publish","type":"page","link":"https:\/\/www.omarsspa.it\/be\/videos-2\/","title":{"rendered":"VID\u00c9OS"},"content":{"rendered":"<div class=\"wpb-content-wrapper\"><p>[vc_row][vc_column][block_title title=&#8221;YouTube&#8221; titlepos=&#8221;text-left&#8221;]D\u00c9COUVREZ TOUS LES VID\u00c9OS DE NOS \u00c9QUIPEMENTS[\/block_title][vc_row_inner][vc_column_inner width=&#8221;1\/3&#8243;][vc_video link=&#8221;https:\/\/www.youtube.com\/watch?v=9G54JB7v3mc&#8221;][\/vc_column_inner][vc_column_inner width=&#8221;1\/3&#8243;][vc_video link=&#8221;https:\/\/www.youtube.com\/watch?v=EkGwGXJ6BHo&#8221;][\/vc_column_inner][vc_column_inner width=&#8221;1\/3&#8243;][vc_video link=&#8221;https:\/\/www.youtube.com\/watch?v=O1Z8qCRqyDo&#8221;][\/vc_column_inner][\/vc_row_inner][vc_row_inner][vc_column_inner width=&#8221;1\/3&#8243;][vc_video link=&#8221;https:\/\/www.youtube.com\/watch?v=t2Z7zU65BRY&#8221;][\/vc_column_inner][vc_column_inner width=&#8221;1\/3&#8243;][vc_video link=&#8221;https:\/\/www.youtube.com\/watch?v=vgaWyw2E3ZY&#8221;][\/vc_column_inner][vc_column_inner width=&#8221;1\/3&#8243;][vc_video link=&#8221;https:\/\/www.youtube.com\/watch?v=PTefXWNfmIs&#8221;][\/vc_column_inner][\/vc_row_inner][vc_btn title=&#8221; Suivez-nous sur notre cha\u00eene YouTube&#8221; style=&#8221;custom&#8221; custom_background=&#8221;#ff0000&#8243; custom_text=&#8221;#ffffff&#8221; align=&#8221;center&#8221; i_icon_fontawesome=&#8221;fab fa-youtube&#8221; add_icon=&#8221;true&#8221; link=&#8221;url:https%3A%2F%2Fwww.youtube.com%2Fchannel%2FUCNHoYg922yRMmJSmyHhgXgQ|target:_blank&#8221;][\/vc_column][\/vc_row][vc_row][vc_column][block_title title=&#8221;Instagram&#8221; titlepos=&#8221;text-left&#8221;]SUIVEZ NOTRE CHA\u00ceNE @OMARSSPA[\/block_title][vc_column_text css=&#8221;.vc_custom_1511261247620{margin-top: -50px !important;}&#8221;]\t\t<div id=\"sbi_mod_error\" >\n\t\t\t<span>This error message is only visible to WordPress admins<\/span><br\/>\n\t\t\t<p><strong>Error: No feed found.<\/strong>\n\t\t\t<p>Please go to the Instagram Feed settings page to create a feed.<\/p>\n\t\t<\/div>\n\t\t[\/vc_column_text][\/vc_column][\/vc_row][vc_row disable_element=&#8221;yes&#8221;][vc_column][block_posts title=&#8221;Ultime News&#8221; btn_text=&#8221;Leggi il blog&#8221;]SCOPRI IL MONDO DI OMAR[\/block_posts][\/vc_column][\/vc_row]<\/p>\n<\/div>","protected":false},"excerpt":{"rendered":"<p>[vc_row][vc_column][block_title title=&#8221;YouTube&#8221; titlepos=&#8221;text-left&#8221;]D\u00c9COUVREZ TOUS LES VID\u00c9OS DE NOS \u00c9QUIPEMENTS[\/block_title][vc_row_inner][vc_column_inner width=&#8221;1\/3&#8243;][vc_video link=&#8221;https:\/\/www.youtube.com\/watch?v=9G54JB7v3mc&#8221;][\/vc_column_inner][vc_column_inner width=&#8221;1\/3&#8243;][vc_video link=&#8221;https:\/\/www.youtube.com\/watch?v=EkGwGXJ6BHo&#8221;][\/vc_column_inner][vc_column_inner width=&#8221;1\/3&#8243;][vc_video link=&#8221;https:\/\/www.youtube.com\/watch?v=O1Z8qCRqyDo&#8221;][\/vc_column_inner][\/vc_row_inner][vc_row_inner][vc_column_inner width=&#8221;1\/3&#8243;][vc_video link=&#8221;https:\/\/www.youtube.com\/watch?v=t2Z7zU65BRY&#8221;][\/vc_column_inner][vc_column_inner width=&#8221;1\/3&#8243;][vc_video link=&#8221;https:\/\/www.youtube.com\/watch?v=vgaWyw2E3ZY&#8221;][\/vc_column_inner][vc_column_inner width=&#8221;1\/3&#8243;][vc_video link=&#8221;https:\/\/www.youtube.com\/watch?v=PTefXWNfmIs&#8221;][\/vc_column_inner][\/vc_row_inner][vc_btn title=&#8221; Suivez-nous sur notre cha\u00eene YouTube&#8221; style=&#8221;custom&#8221; custom_background=&#8221;#ff0000&#8243; custom_text=&#8221;#ffffff&#8221; align=&#8221;center&#8221; i_icon_fontawesome=&#8221;fab fa-youtube&#8221; add_icon=&#8221;true&#8221; link=&#8221;url:https%3A%2F%2Fwww.youtube.com%2Fchannel%2FUCNHoYg922yRMmJSmyHhgXgQ|target:_blank&#8221;][\/vc_column][\/vc_row][vc_row][vc_column][block_title title=&#8221;Instagram&#8221; titlepos=&#8221;text-left&#8221;]SUIVEZ NOTRE CHA\u00ceNE @OMARSSPA[\/block_title][vc_column_text css=&#8221;.vc_custom_1511261247620{margin-top: -50px !important;}&#8221;][\/vc_column_text][\/vc_column][\/vc_row][vc_row disable_element=&#8221;yes&#8221;][vc_column][block_posts title=&#8221;Ultime News&#8221; btn_text=&#8221;Leggi il blog&#8221;]SCOPRI IL MONDO DI OMAR[\/block_posts][\/vc_column][\/vc_row]<\/p>\n","protected":false},"author":3,"featured_media":0,"parent":0,"menu_order":2,"comment_status":"closed","ping_status":"open","template":"","meta":{"om_disable_all_campaigns":false,"footnotes":""},"class_list":["post-11428","page","type-page","status-publish","hentry"],"_links":{"self":[{"href":"https:\/\/www.omarsspa.it\/be\/wp-json\/wp\/v2\/pages\/11428","targetHints":{"allow":["GET"]}}],"collection":[{"href":"https:\/\/www.omarsspa.it\/be\/wp-json\/wp\/v2\/pages"}],"about":[{"href":"https:\/\/www.omarsspa.it\/be\/wp-json\/wp\/v2\/types\/page"}],"author":[{"embeddable":true,"href":"https:\/\/www.omarsspa.it\/be\/wp-json\/wp\/v2\/users\/3"}],"replies":[{"embeddable":true,"href":"https:\/\/www.omarsspa.it\/be\/wp-json\/wp\/v2\/comments?post=11428"}],"version-history":[{"count":4,"href":"https:\/\/www.omarsspa.it\/be\/wp-json\/wp\/v2\/pages\/11428\/revisions"}],"predecessor-version":[{"id":13029,"href":"https:\/\/www.omarsspa.it\/be\/wp-json\/wp\/v2\/pages\/11428\/revisions\/13029"}],"wp:attachment":[{"href":"https:\/\/www.omarsspa.it\/be\/wp-json\/wp\/v2\/media?parent=11428"}],"curies":[{"name":"wp","href":"https:\/\/api.w.org\/{rel}","templated":true}]}}