{"id":11424,"date":"2018-03-27T16:14:20","date_gmt":"2018-03-27T14:14:20","guid":{"rendered":"http:\/\/lnx.omarsspa.it\/?page_id=11424\/"},"modified":"2018-10-18T10:06:46","modified_gmt":"2018-10-18T08:06:46","slug":"plateaus-lourde","status":"publish","type":"page","link":"https:\/\/www.omarsspa.it\/be\/plateaus-lourde\/","title":{"rendered":"PLATEAUS LOURDE"},"content":{"rendered":"<div class=\"wpb-content-wrapper\"><p>[vc_row][vc_column][vc_row_inner][vc_column_inner width=&#8221;1\/3&#8243;][vc_single_image image=&#8221;11268&#8243; img_size=&#8221;248&#215;164&#8243; alignment=&#8221;right&#8221; onclick=&#8221;custom_link&#8221; link=&#8221;http:\/\/www.omarsspa.it\/fr\/plateaus-legers\/&#8221;][\/vc_column_inner][vc_column_inner width=&#8221;1\/3&#8243;][vc_single_image image=&#8221;11278&#8243; img_size=&#8221;248&#215;164&#8243; alignment=&#8221;center&#8221; onclick=&#8221;custom_link&#8221; link=&#8221;http:\/\/www.omarsspa.it\/fr\/plateaus-moyennes\/&#8221;][\/vc_column_inner][vc_column_inner width=&#8221;1\/3&#8243;][vc_single_image image=&#8221;11289&#8243; img_size=&#8221;248&#215;164&#8243; onclick=&#8221;custom_link&#8221; link=&#8221;http:\/\/www.omarsspa.it\/fr\/plateaus-lourdes\/&#8221;][\/vc_column_inner][\/vc_row_inner][vc_row_inner][vc_column_inner][block_title title=&#8221;&#8221;]LE MEILLEUR \u00c9QUIPEMENT POUR LE TRAVAIL DE CHAQUE JOUR[\/block_title][vc_column_text css=&#8221;.vc_custom_1506528191929{margin-top: -50px !important;}&#8221;]<div class=\"center-content\"><div class=\"decor-2\"><i class=\"icon fa fa-caret-down\"><\/i><\/div><\/div>[\/vc_column_text][\/vc_column_inner][\/vc_row_inner][vc_row_inner][vc_column_inner width=&#8221;1\/3&#8243;][vc_custom_heading text=&#8221;Mod\u00e8les&#8221; font_container=&#8221;tag:h5|font_size:20|text_align:left|color:%23dd3333&#8243; google_fonts=&#8221;font_family:Raleway%3A100%2C200%2C300%2Cregular%2C500%2C600%2C700%2C800%2C900|font_style:600%20bold%20regular%3A600%3Anormal&#8221;][vc_raw_html css=&#8221;.vc_custom_1506528018269{margin-top: 20px !important;margin-bottom: 0px !important;}&#8221;]JTNDZGl2JTIwY2xhc3MlM0QlMjJkZWNvci0xJTIyJTNFJTNDJTJGZGl2JTNF[\/vc_raw_html][vc_column_text]Une large gamme de mod\u00e8les pour satisfaire chaque diff\u00e9rente exigence pour le d\u00e9pannage. [\/vc_column_text][\/vc_column_inner][vc_column_inner width=&#8221;1\/3&#8243;][\/vc_column_inner][vc_column_inner width=&#8221;1\/3&#8243;][vc_custom_heading text=&#8221;\u00c9quipements relatifs&#8221; font_container=&#8221;tag:h5|font_size:20|text_align:left|color:%23dd3333&#8243; google_fonts=&#8221;font_family:Raleway%3A100%2C200%2C300%2Cregular%2C500%2C600%2C700%2C800%2C900|font_style:600%20bold%20regular%3A600%3Anormal&#8221;][vc_raw_html css=&#8221;.vc_custom_1506528018269{margin-top: 20px !important;margin-bottom: 0px !important;}&#8221;]JTNDZGl2JTIwY2xhc3MlM0QlMjJkZWNvci0xJTIyJTNFJTNDJTJGZGl2JTNF[\/vc_raw_html][vc_column_text]Regardez nos derni\u00e8rs \u00e9quipements pour nos clients.[\/vc_column_text][\/vc_column_inner][\/vc_row_inner][\/vc_column][\/vc_row][vc_row css=&#8221;.vc_custom_1521813395423{margin-top: 30px !important;margin-bottom: 30px !important;}&#8221;][vc_column width=&#8221;2\/3&#8243;]<div style=\"height:px;margin:0 0 35px 0;\" class=\"cq-imgwitharrow-container cq-imagewitharrow-smallround right \" data-color=\"#ffffff\" data-background=\"#c1c1c1\" data-captionalign=\"right\" data-arrowtop=\"45%\" data-arrowleft=\"45%\" data-fontsize1=\"\" data-iwidth=\"50%\" data-iheight=\"100%\" data-twidth=\"50%\" data-theight=\"100%\" data-arrowsize=\"large\"><div class=\"cq-imgwitharrow-photo\" data-url=\"https:\/\/www.omarsspa.it\/wp-content\/uploads\/2017\/11\/Pianale-OMARS-8.2000.jpg\" style=\"width:50%;height:100%;\"><\/div><div class=\"cq-imgwitharrow-box\" style=\"width:50%;height:100%;\"><div class=\"cq-imgwitharrow-content\"><p class=\"cq-content\">\n                        <\/p>\n<h3 class=\"vc_custom_heading\">Plateau OMARS 8.2000<\/h3>\n<p>Plateau en acier pour le chargement de v\u00e9hicules avec poids jusqu&#8217;\u00e0 7,5t.\n                      <\/p><\/div>\n                      <div class=\"cq-arrowborder-container\">\n                            <div class=\"cq-arrowborder1\"><\/div>\n                            <div class=\"cq-arrowborder2\"><\/div>\n                            <div class=\"cq-arrowborder3\"><\/div>\n                          <\/div><\/div><\/div><div class=\"cq-buttoncontainer  \"><div class=\"animatetype-1\"><div><a href=\"http:\/\/www.omarsspa.it\/\/wp-content\/uploads\/2018\/02\/11-438-009-OMARS-8.2000.pdf\" title=\"\" target=\"\" style=\"color:;background-color:#d92e1f;\" class=\"btn cqbtn-1\"><span class=\"txt\">D\u00e9chargez la fiche t\u00e9chnique<\/span><span class=\"round\"><i style=\"margin-top:-9px;margin-left:-9px;\" class=\"fa fa-info\"><\/i><\/span><\/a><\/div><\/div><\/div>[vc_empty_space height=&#8221;20px&#8221;][\/vc_column][vc_column width=&#8221;1\/3&#8243; offset=&#8221;vc_hidden-xs&#8221;][vc_masonry_grid post_type=&#8221;pixad-autos&#8221; max_items=&#8221;4&#8243; element_width=&#8221;6&#8243; gap=&#8221;0&#8243; item=&#8221;5903&#8243; grid_id=&#8221;vc_gid:1539849952616-7524ee75-aaac-0&#8243; taxonomies=&#8221;267&#8243;]<div class=\"cq-buttoncontainer  \"><div class=\"animatetype-1\"><div><a href=\"http:\/\/www.omarsspa.it\/\/allestimenti\/?equipment=pianale-omars-8-2000\" title=\"\" target=\"\" style=\"color:;background-color:#d92e1f;\" class=\"btn cqbtn-1\"><span class=\"txt\">Voyez tous les \u00e9quipements<\/span><span class=\"round\"><i style=\"margin-top:-9px;margin-left:-9px;\" class=\"fa fa-arrow-right\"><\/i><\/span><\/a><\/div><\/div><\/div>[vc_empty_space height=&#8221;20px&#8221;][\/vc_column][\/vc_row][vc_row css=&#8221;.vc_custom_1521813464145{margin-top: 30px !important;margin-bottom: 30px !important;}&#8221;][vc_column width=&#8221;2\/3&#8243;]<div style=\"height:px;margin:0 0 35px 0;\" class=\"cq-imgwitharrow-container cq-imagewitharrow-smallround right \" data-color=\"#bcbcbc\" data-background=\"#e8e8e8\" data-captionalign=\"right\" data-arrowtop=\"45%\" data-arrowleft=\"45%\" data-fontsize1=\"\" data-iwidth=\"50%\" data-iheight=\"100%\" data-twidth=\"50%\" data-theight=\"100%\" data-arrowsize=\"large\"><div class=\"cq-imgwitharrow-photo\" data-url=\"https:\/\/www.omarsspa.it\/wp-content\/uploads\/2017\/11\/Pianale-OMARS-2000-110.25.jpg\" style=\"width:50%;height:100%;\"><\/div><div class=\"cq-imgwitharrow-box\" style=\"width:50%;height:100%;\"><div class=\"cq-imgwitharrow-content\"><p class=\"cq-content\">\n                        <\/p>\n<h3 class=\"vc_custom_heading\">Plateau OMARS 2000 110.25<\/h3>\n<p>Plateau en acier pour le d\u00e9pannage de camions jusqu&#8217;\u00e0 11t.\n                      <\/p><\/div>\n                      <div class=\"cq-arrowborder-container\">\n                            <div class=\"cq-arrowborder1\"><\/div>\n                            <div class=\"cq-arrowborder2\"><\/div>\n                            <div class=\"cq-arrowborder3\"><\/div>\n                          <\/div><\/div><\/div><div class=\"cq-buttoncontainer  \"><div class=\"animatetype-1\"><div><a href=\"http:\/\/www.omarsspa.it\/\/wp-content\/uploads\/2018\/02\/012-110.25.pdf\" title=\"\" target=\"\" style=\"color:;background-color:#d92e1f;\" class=\"btn cqbtn-1\"><span class=\"txt\">D\u00e9chargez la fiche t\u00e9chnique<\/span><span class=\"round\"><i style=\"margin-top:-9px;margin-left:-9px;\" class=\"fa fa-info\"><\/i><\/span><\/a><\/div><\/div><\/div>[vc_empty_space height=&#8221;20px&#8221;][\/vc_column][vc_column width=&#8221;1\/3&#8243; offset=&#8221;vc_hidden-xs&#8221;][vc_masonry_grid post_type=&#8221;pixad-autos&#8221; max_items=&#8221;4&#8243; element_width=&#8221;6&#8243; gap=&#8221;0&#8243; item=&#8221;5903&#8243; grid_id=&#8221;vc_gid:1539849952618-2dd36022-0cac-1&#8243; taxonomies=&#8221;240&#8243;]<div class=\"cq-buttoncontainer  \"><div class=\"animatetype-1\"><div><a href=\"http:\/\/www.omarsspa.it\/\/allestimenti\/?equipment=pianale-omars-2000-110-25\" title=\"\" target=\"\" style=\"color:;background-color:#d92e1f;\" class=\"btn cqbtn-1\"><span class=\"txt\">Voyez tous les \u00e9quipements<\/span><span class=\"round\"><i style=\"margin-top:-9px;margin-left:-9px;\" class=\"fa fa-arrow-right\"><\/i><\/span><\/a><\/div><\/div><\/div>[vc_empty_space height=&#8221;20px&#8221;][\/vc_column][\/vc_row][vc_row css=&#8221;.vc_custom_1521813528722{margin-top: 30px !important;margin-bottom: 30px !important;}&#8221;][vc_column width=&#8221;2\/3&#8243;]<div style=\"height:px;margin:0 0 35px 0;\" class=\"cq-imgwitharrow-container cq-imagewitharrow-smallround right \" data-color=\"#ffffff\" data-background=\"#c1c1c1\" data-captionalign=\"right\" data-arrowtop=\"45%\" data-arrowleft=\"45%\" data-fontsize1=\"\" data-iwidth=\"50%\" data-iheight=\"100%\" data-twidth=\"50%\" data-theight=\"100%\" data-arrowsize=\"large\"><div class=\"cq-imgwitharrow-photo\" data-url=\"https:\/\/www.omarsspa.it\/wp-content\/uploads\/2017\/11\/Pianale-OMARS-2000-25B.jpg\" style=\"width:50%;height:100%;\"><\/div><div class=\"cq-imgwitharrow-box\" style=\"width:50%;height:100%;\"><div class=\"cq-imgwitharrow-content\"><p class=\"cq-content\">\n                        <\/p>\n<h3 class=\"vc_custom_heading\">Plateau OMARS 2000 25\/B<\/h3>\n<p>Plateau en acier pour chargements lourds avec bras central appropri\u00e9 pour v\u00e9hicules \u00e0 3 essieux.\n                      <\/p><\/div>\n                      <div class=\"cq-arrowborder-container\">\n                            <div class=\"cq-arrowborder1\"><\/div>\n                            <div class=\"cq-arrowborder2\"><\/div>\n                            <div class=\"cq-arrowborder3\"><\/div>\n                          <\/div><\/div><\/div><div class=\"cq-buttoncontainer  \"><div class=\"animatetype-1\"><div><a href=\"http:\/\/www.omarsspa.it\/wp-content\/uploads\/2018\/10\/scheda-2000-25B.pdf\" title=\"\" target=\"\" style=\"color:;background-color:#d92e1f;\" class=\"btn cqbtn-1\"><span class=\"txt\">Download the technical sheet<\/span><span class=\"round\"><i style=\"margin-top:-9px;margin-left:-9px;\" class=\"fa fa-info\"><\/i><\/span><\/a><\/div><\/div><\/div>[vc_empty_space height=&#8221;20px&#8221;][\/vc_column][vc_column width=&#8221;1\/3&#8243;][vc_masonry_grid post_type=&#8221;pixad-autos&#8221; max_items=&#8221;4&#8243; element_width=&#8221;6&#8243; gap=&#8221;0&#8243; item=&#8221;5903&#8243; grid_id=&#8221;vc_gid:1539849952619-b3df1056-a212-1&#8243; taxonomies=&#8221;241&#8243;]<div class=\"cq-buttoncontainer  \"><div class=\"animatetype-1\"><div><a href=\"http:\/\/www.omarsspa.it\/wp-content\/uploads\/2018\/10\/scheda-2000-25B.pdf\" title=\"\" target=\"\" style=\"color:;background-color:#d92e1f;\" class=\"btn cqbtn-1\"><span class=\"txt\">Voyez tous les \u00e9quipements<\/span><span class=\"round\"><i style=\"margin-top:-9px;margin-left:-9px;\" class=\"fa fa-arrow-right\"><\/i><\/span><\/a><\/div><\/div><\/div>[vc_empty_space height=&#8221;20px&#8221;][\/vc_column][\/vc_row][vc_row css=&#8221;.vc_custom_1521813585428{margin-top: 30px !important;margin-bottom: 30px !important;}&#8221;][vc_column width=&#8221;2\/3&#8243;]<div style=\"height:px;margin:0 0 35px 0;\" class=\"cq-imgwitharrow-container cq-imagewitharrow-smallround right \" data-color=\"#bcbcbc\" data-background=\"#e8e8e8\" data-captionalign=\"right\" data-arrowtop=\"45%\" data-arrowleft=\"45%\" data-fontsize1=\"\" data-iwidth=\"50%\" data-iheight=\"100%\" data-twidth=\"50%\" data-theight=\"100%\" data-arrowsize=\"large\"><div class=\"cq-imgwitharrow-photo\" data-url=\"https:\/\/www.omarsspa.it\/wp-content\/uploads\/2017\/11\/FORCA-8T-9.jpg\" style=\"width:50%;height:100%;\"><\/div><div class=\"cq-imgwitharrow-box\" style=\"width:50%;height:100%;\"><div class=\"cq-imgwitharrow-content\"><p class=\"cq-content\">\n                        <\/p>\n<h3 class=\"vc_custom_heading\">PANIERS, groupes stabilisants<\/h3>\n<p>Gamme compl\u00e8te de paniers pour le d\u00e9pannage: id\u00e9al pour tous v\u00e9hicules.\n                      <\/p><\/div>\n                      <div class=\"cq-arrowborder-container\">\n                            <div class=\"cq-arrowborder1\"><\/div>\n                            <div class=\"cq-arrowborder2\"><\/div>\n                            <div class=\"cq-arrowborder3\"><\/div>\n                          <\/div><\/div><\/div><div class=\"cq-buttoncontainer  \"><div class=\"animatetype-1\"><div><a href=\"http:\/\/www.omarsspa.it\/\/wp-content\/uploads\/2018\/02\/014-FORCA-2t-3t-4t-5t-8t-10t.pdf\" title=\"\" target=\"\" style=\"color:;background-color:#d92e1f;\" class=\"btn cqbtn-1\"><span class=\"txt\">D\u00e9chargez la fiche t\u00e9chnique<\/span><span class=\"round\"><i style=\"margin-top:-9px;margin-left:-9px;\" class=\"fa fa-info\"><\/i><\/span><\/a><\/div><\/div><\/div>[vc_empty_space height=&#8221;20px&#8221;][vc_empty_space height=&#8221;20px&#8221;][\/vc_column][vc_column width=&#8221;1\/3&#8243; offset=&#8221;vc_hidden-xs&#8221;][vc_masonry_grid post_type=&#8221;pixad-autos&#8221; max_items=&#8221;4&#8243; element_width=&#8221;6&#8243; gap=&#8221;0&#8243; item=&#8221;5903&#8243; grid_id=&#8221;vc_gid:1539849952621-75cd7faa-ddd4-5&#8243; taxonomies=&#8221;244&#8243;]<div class=\"cq-buttoncontainer  \"><div class=\"animatetype-1\"><div><a href=\"http:\/\/www.omarsspa.it\/\/allestimenti\/?equipment=forca-omars-3t\" title=\"\" target=\"\" style=\"color:;background-color:#d92e1f;\" class=\"btn cqbtn-1\"><span class=\"txt\">Voyez tous les \u00e9quipements<\/span><span class=\"round\"><i style=\"margin-top:-9px;margin-left:-9px;\" class=\"fa fa-arrow-right\"><\/i><\/span><\/a><\/div><\/div><\/div>[vc_empty_space height=&#8221;20px&#8221;][\/vc_column][\/vc_row][vc_row css=&#8221;.vc_custom_1521813618780{margin-top: 30px !important;margin-bottom: 30px !important;}&#8221;][vc_column width=&#8221;2\/3&#8243;]<div style=\"height:px;margin:0 0 35px 0;\" class=\"cq-imgwitharrow-container cq-imagewitharrow-smallround right \" data-color=\"#ffffff\" data-background=\"#c1c1c1\" data-captionalign=\"right\" data-arrowtop=\"45%\" data-arrowleft=\"45%\" data-fontsize1=\"\" data-iwidth=\"50%\" data-iheight=\"100%\" data-twidth=\"50%\" data-theight=\"100%\" data-arrowsize=\"large\"><div class=\"cq-imgwitharrow-photo\" data-url=\"https:\/\/www.omarsspa.it\/wp-content\/uploads\/2017\/11\/DOPPIO-PIANO-per-pianali.jpg\" style=\"width:50%;height:100%;\"><\/div><div class=\"cq-imgwitharrow-box\" style=\"width:50%;height:100%;\"><div class=\"cq-imgwitharrow-content\"><p class=\"cq-content\">\n                        <\/p>\n<h3 class=\"vc_custom_heading\">DEUXI\u00c8ME \u00c9TAGE pour plateaus<\/h3>\n<p>Deuxi\u00e8me \u00e9tage pour augmenter le chargement de v\u00e9hicules sur plateau coulissant.\n                      <\/p><\/div>\n                      <div class=\"cq-arrowborder-container\">\n                            <div class=\"cq-arrowborder1\"><\/div>\n                            <div class=\"cq-arrowborder2\"><\/div>\n                            <div class=\"cq-arrowborder3\"><\/div>\n                          <\/div><\/div><\/div><div class=\"cq-buttoncontainer  \"><div class=\"animatetype-1\"><div><a href=\"http:\/\/www.omarsspa.it\/\/wp-content\/uploads\/2018\/02\/15-438-015_2-DOPPIO-PIANO-SU-PIANALI.pdf\" title=\"\" target=\"\" style=\"color:;background-color:#d92e1f;\" class=\"btn cqbtn-1\"><span class=\"txt\">D\u00e9chargez la fiche t\u00e9chnique<\/span><span class=\"round\"><i style=\"margin-top:-9px;margin-left:-9px;\" class=\"fa fa-info\"><\/i><\/span><\/a><\/div><\/div><\/div>[vc_empty_space height=&#8221;20px&#8221;][\/vc_column][vc_column width=&#8221;1\/3&#8243; offset=&#8221;vc_hidden-xs&#8221;][vc_masonry_grid post_type=&#8221;pixad-autos&#8221; max_items=&#8221;4&#8243; element_width=&#8221;6&#8243; gap=&#8221;0&#8243; item=&#8221;5903&#8243; grid_id=&#8221;vc_gid:1539849952623-4d78866e-8b7b-3&#8243; taxonomies=&#8221;246&#8243;]<div class=\"cq-buttoncontainer  \"><div class=\"animatetype-1\"><div><a href=\"http:\/\/www.omarsspa.it\/\/allestimenti\/?equipment=doppio-piano-per-pianali\" title=\"\" target=\"\" style=\"color:;background-color:#d92e1f;\" class=\"btn cqbtn-1\"><span class=\"txt\">Voyez tous les \u00e9quipements<\/span><span class=\"round\"><i style=\"margin-top:-9px;margin-left:-9px;\" class=\"fa fa-arrow-right\"><\/i><\/span><\/a><\/div><\/div><\/div>[vc_empty_space height=&#8221;20px&#8221;][\/vc_column][\/vc_row][vc_row css=&#8221;.vc_custom_1521813645673{margin-top: 30px !important;margin-bottom: 30px !important;}&#8221;][vc_column width=&#8221;2\/3&#8243;]<div style=\"height:px;margin:0 0 35px 0;\" class=\"cq-imgwitharrow-container cq-imagewitharrow-smallround right \" data-color=\"#bcbcbc\" data-background=\"#e8e8e8\" data-captionalign=\"right\" data-arrowtop=\"45%\" data-arrowleft=\"45%\" data-fontsize1=\"\" data-iwidth=\"50%\" data-iheight=\"100%\" data-twidth=\"50%\" data-theight=\"100%\" data-arrowsize=\"large\"><div class=\"cq-imgwitharrow-photo\" data-url=\"https:\/\/www.omarsspa.it\/wp-content\/uploads\/2017\/11\/GRU-per-soccorso-e-rimozione-Accessori_2000.110.25.jpg\" style=\"width:50%;height:100%;\"><\/div><div class=\"cq-imgwitharrow-box\" style=\"width:50%;height:100%;\"><div class=\"cq-imgwitharrow-content\"><p class=\"cq-content\">\n                        <\/p>\n<h3 class=\"vc_custom_heading\">GRUE pour d\u00e9pannage et remorquage + Accessoires<\/h3>\n<p>Fourniture et montage de grues structur\u00e9es pour le d\u00e9pannage.\n                      <\/p><\/div>\n                      <div class=\"cq-arrowborder-container\">\n                            <div class=\"cq-arrowborder1\"><\/div>\n                            <div class=\"cq-arrowborder2\"><\/div>\n                            <div class=\"cq-arrowborder3\"><\/div>\n                          <\/div><\/div><\/div><div class=\"cq-buttoncontainer  \"><div class=\"animatetype-1\"><div><a href=\"http:\/\/www.omarsspa.it\/\/wp-content\/uploads\/2018\/02\/GRU-PER-SOCC-E-RIM.pdf\" title=\"\" target=\"\" style=\"color:;background-color:#d92e1f;\" class=\"btn cqbtn-1\"><span class=\"txt\">D\u00e9chargez la fiche t\u00e9chnique<\/span><span class=\"round\"><i style=\"margin-top:-9px;margin-left:-9px;\" class=\"fa fa-info\"><\/i><\/span><\/a><\/div><\/div><\/div>[vc_empty_space height=&#8221;20px&#8221;][\/vc_column][vc_column width=&#8221;1\/3&#8243; offset=&#8221;vc_hidden-xs&#8221;][vc_masonry_grid post_type=&#8221;pixad-autos&#8221; max_items=&#8221;4&#8243; element_width=&#8221;6&#8243; gap=&#8221;0&#8243; item=&#8221;5903&#8243; grid_id=&#8221;vc_gid:1539849952624-d9e9c197-616a-10&#8243; taxonomies=&#8221;251&#8243;]<div class=\"cq-buttoncontainer  \"><div class=\"animatetype-1\"><div><a href=\"http:\/\/www.omarsspa.it\/\/allestimenti\/?equipment=gru-omars\" title=\"\" target=\"\" style=\"color:;background-color:#d92e1f;\" class=\"btn cqbtn-1\"><span class=\"txt\">Voyez tous les \u00e9quipements<\/span><span class=\"round\"><i style=\"margin-top:-9px;margin-left:-9px;\" class=\"fa fa-arrow-right\"><\/i><\/span><\/a><\/div><\/div><\/div>[vc_empty_space height=&#8221;20px&#8221;][\/vc_column][\/vc_row]<\/p>\n<\/div>","protected":false},"excerpt":{"rendered":"<p>[vc_row][vc_column][vc_row_inner][vc_column_inner width=&#8221;1\/3&#8243;][vc_single_image image=&#8221;11268&#8243; img_size=&#8221;248&#215;164&#8243; alignment=&#8221;right&#8221; onclick=&#8221;custom_link&#8221; link=&#8221;http:\/\/www.omarsspa.it\/fr\/plateaus-legers\/&#8221;][\/vc_column_inner][vc_column_inner width=&#8221;1\/3&#8243;][vc_single_image image=&#8221;11278&#8243; img_size=&#8221;248&#215;164&#8243; alignment=&#8221;center&#8221; onclick=&#8221;custom_link&#8221; link=&#8221;http:\/\/www.omarsspa.it\/fr\/plateaus-moyennes\/&#8221;][\/vc_column_inner][vc_column_inner width=&#8221;1\/3&#8243;][vc_single_image image=&#8221;11289&#8243; img_size=&#8221;248&#215;164&#8243; onclick=&#8221;custom_link&#8221; link=&#8221;http:\/\/www.omarsspa.it\/fr\/plateaus-lourdes\/&#8221;][\/vc_column_inner][\/vc_row_inner][vc_row_inner][vc_column_inner][block_title title=&#8221;&#8221;]LE MEILLEUR \u00c9QUIPEMENT POUR LE TRAVAIL DE CHAQUE JOUR[\/block_title][vc_column_text css=&#8221;.vc_custom_1506528191929{margin-top: -50px !important;}&#8221;][\/vc_column_text][\/vc_column_inner][\/vc_row_inner][vc_row_inner][vc_column_inner width=&#8221;1\/3&#8243;][vc_custom_heading text=&#8221;Mod\u00e8les&#8221; font_container=&#8221;tag:h5|font_size:20|text_align:left|color:%23dd3333&#8243; google_fonts=&#8221;font_family:Raleway%3A100%2C200%2C300%2Cregular%2C500%2C600%2C700%2C800%2C900|font_style:600%20bold%20regular%3A600%3Anormal&#8221;][vc_raw_html css=&#8221;.vc_custom_1506528018269{margin-top: 20px !important;margin-bottom: 0px !important;}&#8221;]JTNDZGl2JTIwY2xhc3MlM0QlMjJkZWNvci0xJTIyJTNFJTNDJTJGZGl2JTNF[\/vc_raw_html][vc_column_text]Une large gamme de mod\u00e8les pour satisfaire chaque diff\u00e9rente exigence pour le d\u00e9pannage. [\/vc_column_text][\/vc_column_inner][vc_column_inner width=&#8221;1\/3&#8243;][\/vc_column_inner][vc_column_inner width=&#8221;1\/3&#8243;][vc_custom_heading text=&#8221;\u00c9quipements [&hellip;]<\/p>\n","protected":false},"author":3,"featured_media":0,"parent":0,"menu_order":5,"comment_status":"open","ping_status":"closed","template":"","meta":{"om_disable_all_campaigns":false,"footnotes":""},"class_list":["post-11424","page","type-page","status-publish","hentry"],"_links":{"self":[{"href":"https:\/\/www.omarsspa.it\/be\/wp-json\/wp\/v2\/pages\/11424","targetHints":{"allow":["GET"]}}],"collection":[{"href":"https:\/\/www.omarsspa.it\/be\/wp-json\/wp\/v2\/pages"}],"about":[{"href":"https:\/\/www.omarsspa.it\/be\/wp-json\/wp\/v2\/types\/page"}],"author":[{"embeddable":true,"href":"https:\/\/www.omarsspa.it\/be\/wp-json\/wp\/v2\/users\/3"}],"replies":[{"embeddable":true,"href":"https:\/\/www.omarsspa.it\/be\/wp-json\/wp\/v2\/comments?post=11424"}],"version-history":[{"count":7,"href":"https:\/\/www.omarsspa.it\/be\/wp-json\/wp\/v2\/pages\/11424\/revisions"}],"predecessor-version":[{"id":11929,"href":"https:\/\/www.omarsspa.it\/be\/wp-json\/wp\/v2\/pages\/11424\/revisions\/11929"}],"wp:attachment":[{"href":"https:\/\/www.omarsspa.it\/be\/wp-json\/wp\/v2\/media?parent=11424"}],"curies":[{"name":"wp","href":"https:\/\/api.w.org\/{rel}","templated":true}]}}